{"id":451,"date":"2013-12-03T14:22:01","date_gmt":"2013-12-03T17:22:01","guid":{"rendered":"http:\/\/cti.ufpel.edu.br\/site\/?page_id=451"},"modified":"2013-12-03T14:22:01","modified_gmt":"2013-12-03T17:22:01","slug":"leis","status":"publish","type":"page","link":"https:\/\/wp.ufpel.edu.br\/cti\/seguranca-da-informacao\/leis\/","title":{"rendered":"Leis"},"content":{"rendered":"<p><a href=\"http:\/\/www.planalto.gov.br\/ccivil_03\/_Ato2011-2014\/2011\/Lei\/L12527.htm\" target=\"_blank\">Lei 12.527<\/a>, de 18 de novembro de 2011<\/p>\n<p>Regula o acesso a informa\u00e7\u00f5es previsto no inciso XXXIII do art. 5o, no inciso II do \u00a7 3o do art. 37 e no \u00a7 2o do art. 216 da Constitui\u00e7\u00e3o Federal; altera a Lei no 8.112, de 11 de dezembro de 1990; revoga a Lei no 11.111, de 5 de maio de 2005, e dispositivos da Lei no 8.159, de 8 de janeiro de 1991; e d\u00e1 outras provid\u00eancias.<\/p>\n<p>&nbsp;<\/p>\n<p><a href=\"http:\/\/www.planalto.gov.br\/ccivil_03\/Leis\/L9983.htm\" target=\"_blank\">Lei 9.983<\/a>, de 14 de julho de 2000<\/p>\n<p>Altera o Decreto-Lei no 2.848, de 7 de dezembro de 1940 &#8211; C\u00f3digo Penal e d\u00e1 outras provid\u00eancias.<\/p>\n","protected":false},"excerpt":{"rendered":"<p>Lei 12.527, de 18 de novembro de 2011 Regula o acesso a informa\u00e7\u00f5es previsto no inciso XXXIII do art. 5o, no inciso II do \u00a7 3o do art. 37 e no \u00a7 2o do art. 216 da Constitui\u00e7\u00e3o Federal; altera a Lei no 8.112, de 11 de dezembro de 1990; revoga a Lei no 11.111, [&hellip;]<\/p>\n","protected":false},"author":595,"featured_media":0,"parent":447,"menu_order":0,"comment_status":"closed","ping_status":"closed","template":"","meta":{"jetpack_post_was_ever_published":false,"footnotes":"","_links_to":"","_links_to_target":""},"class_list":["post-451","page","type-page","status-publish","hentry"],"jetpack_sharing_enabled":true,"publishpress_future_workflow_manual_trigger":{"enabledWorkflows":[]},"_links":{"self":[{"href":"https:\/\/wp.ufpel.edu.br\/cti\/wp-json\/wp\/v2\/pages\/451","targetHints":{"allow":["GET"]}}],"collection":[{"href":"https:\/\/wp.ufpel.edu.br\/cti\/wp-json\/wp\/v2\/pages"}],"about":[{"href":"https:\/\/wp.ufpel.edu.br\/cti\/wp-json\/wp\/v2\/types\/page"}],"author":[{"embeddable":true,"href":"https:\/\/wp.ufpel.edu.br\/cti\/wp-json\/wp\/v2\/users\/595"}],"replies":[{"embeddable":true,"href":"https:\/\/wp.ufpel.edu.br\/cti\/wp-json\/wp\/v2\/comments?post=451"}],"version-history":[{"count":0,"href":"https:\/\/wp.ufpel.edu.br\/cti\/wp-json\/wp\/v2\/pages\/451\/revisions"}],"up":[{"embeddable":true,"href":"https:\/\/wp.ufpel.edu.br\/cti\/wp-json\/wp\/v2\/pages\/447"}],"wp:attachment":[{"href":"https:\/\/wp.ufpel.edu.br\/cti\/wp-json\/wp\/v2\/media?parent=451"}],"curies":[{"name":"wp","href":"https:\/\/api.w.org\/{rel}","templated":true}]}}