{"id":447,"date":"2013-12-03T14:03:59","date_gmt":"2013-12-03T17:03:59","guid":{"rendered":"http:\/\/cti.ufpel.edu.br\/site\/?page_id=447"},"modified":"2013-12-03T14:03:59","modified_gmt":"2013-12-03T17:03:59","slug":"seguranca-da-informacao","status":"publish","type":"page","link":"https:\/\/wp.ufpel.edu.br\/cti\/seguranca-da-informacao\/","title":{"rendered":"Seguran\u00e7a da Informa\u00e7\u00e3o"},"content":{"rendered":"<p><!--\nP { margin-bottom: 0.21cm; }P.western {  }A:link {  }\n--><\/p>\n<p align=\"JUSTIFY\"><span style=\"font-family: Arial,sans-serif\"><span style=\"font-size: medium\">Atualmente, as informa\u00e7\u00f5es e comunica\u00e7\u00f5es s\u00e3o consideradas um dos maiores ativos (bens) de uma organiza\u00e7\u00e3o, possuem valor e devem ser protegidas.<\/span><\/span><\/p>\n<p align=\"JUSTIFY\"><span style=\"font-family: Arial,sans-serif\"><span style=\"font-size: medium\">Desta forma, a prote\u00e7\u00e3o das informa\u00e7\u00f5es e das comunica\u00e7\u00f5es t\u00eam sido motivo de grande preocupa\u00e7\u00e3o de muitas empresas, \u00f3rg\u00e3os p\u00fablicos, inclusive, dos \u00f3rg\u00e3os de Controle como Tribunal de Contas da Uni\u00e3o (TCU) e Corregedoria Geral da Uni\u00e3o (CGU)<\/span><\/span><\/p>\n<p align=\"JUSTIFY\"><span style=\"font-family: Arial,sans-serif\"><span style=\"font-size: medium\">Segundo o Departamento de Seguran\u00e7a da Informa\u00e7\u00e3o e Comunica\u00e7\u00f5es da Presid\u00eancia da rep\u00fablica, seguran\u00e7a da informa\u00e7\u00e3o e comunica\u00e7\u00f5es visa assegurar:<\/span><\/span><em><span style=\"font-family: Arial,sans-serif\"><span style=\"font-size: medium\"> \u201c<\/span><\/span><\/em><em><span style=\"font-family: Arial,sans-serif\"><span style=\"font-size: medium\"><i>a Disponibilidade, Integridade, Confidencialidade e Autenticidade das Informa\u00e7\u00f5es que est\u00e3o contidas nos ativos de informa\u00e7\u00f5es. Os ativos de informa\u00e7\u00e3o s\u00e3o os meios de armazenamento, transmiss\u00e3o e processamento da informa\u00e7\u00e3o; os equipamentos necess\u00e1rios a isso; os sistemas utilizados para tal; os locais onde se encontram esses meios, e tamb\u00e9m os recursos humanos que a eles t\u00eam acesso. Sendo assim, SIC \u00e9 muito mais do que seguran\u00e7a em TI, pois, al\u00e9m de envolver a TI, envolve tamb\u00e9m as pessoas, os processos, o ambiente.<\/i><\/span><\/span><\/em><span style=\"font-family: Arial,sans-serif\"><span style=\"font-size: medium\">\u201d<\/span><\/span><span style=\"font-family: Arial,sans-serif\"><span style=\"font-size: medium\">(<a href=\"http:\/\/dsic.planalto.gov.br\/perguntas-frequentes\">http:\/\/dsic.planalto.gov.br\/perguntas-frequentes<\/a> \u2013 p\u00e1gina capturada em 13\/03\/2014)<\/span><\/span><\/p>\n<p align=\"JUSTIFY\"><span style=\"font-family: Arial,sans-serif\"><span style=\"font-size: medium\">Assim, em 11\/11\/2013 o Reitor da Universidade Federal de Pelotas constituiu por meio da Portaria <a href=\"https:\/\/wp.ufpel.edu.br\/cti\/files\/2014\/02\/2393_2013.pdf\">2393\/2013<\/a>, o Comit\u00ea Gestor de Seguran\u00e7a da Informa\u00e7\u00e3o na UFPel encarregado de assessorar a implementa\u00e7\u00e3o das a\u00e7\u00f5es de seguran\u00e7a da informa\u00e7\u00e3o e comunica\u00e7\u00f5es no \u00e2mbito da UFPel.<\/span><\/span><\/p>\n<p><!--\nP { margin-bottom: 0.21cm; }P.western {  }A:link {  }\n--><!--\nP { margin-bottom: 0.21cm; }P.western {  }A:link {  }\n--><\/p>\n","protected":false},"excerpt":{"rendered":"<p>Atualmente, as informa\u00e7\u00f5es e comunica\u00e7\u00f5es s\u00e3o consideradas um dos maiores ativos (bens) de uma organiza\u00e7\u00e3o, possuem valor e devem ser protegidas. Desta forma, a prote\u00e7\u00e3o das informa\u00e7\u00f5es e das comunica\u00e7\u00f5es t\u00eam sido motivo de grande preocupa\u00e7\u00e3o de muitas empresas, \u00f3rg\u00e3os p\u00fablicos, inclusive, dos \u00f3rg\u00e3os de Controle como Tribunal de Contas da Uni\u00e3o (TCU) e Corregedoria [&hellip;]<\/p>\n","protected":false},"author":595,"featured_media":0,"parent":0,"menu_order":0,"comment_status":"closed","ping_status":"closed","template":"","meta":{"jetpack_post_was_ever_published":false,"footnotes":"","_links_to":"","_links_to_target":""},"class_list":["post-447","page","type-page","status-publish","hentry"],"jetpack_sharing_enabled":true,"publishpress_future_workflow_manual_trigger":{"enabledWorkflows":[]},"_links":{"self":[{"href":"https:\/\/wp.ufpel.edu.br\/cti\/wp-json\/wp\/v2\/pages\/447","targetHints":{"allow":["GET"]}}],"collection":[{"href":"https:\/\/wp.ufpel.edu.br\/cti\/wp-json\/wp\/v2\/pages"}],"about":[{"href":"https:\/\/wp.ufpel.edu.br\/cti\/wp-json\/wp\/v2\/types\/page"}],"author":[{"embeddable":true,"href":"https:\/\/wp.ufpel.edu.br\/cti\/wp-json\/wp\/v2\/users\/595"}],"replies":[{"embeddable":true,"href":"https:\/\/wp.ufpel.edu.br\/cti\/wp-json\/wp\/v2\/comments?post=447"}],"version-history":[{"count":0,"href":"https:\/\/wp.ufpel.edu.br\/cti\/wp-json\/wp\/v2\/pages\/447\/revisions"}],"wp:attachment":[{"href":"https:\/\/wp.ufpel.edu.br\/cti\/wp-json\/wp\/v2\/media?parent=447"}],"curies":[{"name":"wp","href":"https:\/\/api.w.org\/{rel}","templated":true}]}}