{"id":415,"date":"2013-11-14T08:50:53","date_gmt":"2013-11-14T11:50:53","guid":{"rendered":"http:\/\/cti.ufpel.edu.br\/site\/?page_id=415"},"modified":"2013-11-14T08:50:53","modified_gmt":"2013-11-14T11:50:53","slug":"governanca","status":"publish","type":"page","link":"https:\/\/wp.ufpel.edu.br\/cti\/governanca\/","title":{"rendered":"Governan\u00e7a de TI"},"content":{"rendered":"<p><!--\nP { margin-bottom: 0.21cm; }P.western {  }A:link {  }\n--><\/p>\n<p align=\"JUSTIFY\">\u00a0\u201c<i>Governan\u00e7a de TI \u00e9 o conjunto estruturado de pol\u00edticas, normas, m\u00e9todos e procedimentos\u00a0 destinados a permitir \u00e0 alta administra\u00e7\u00e3o e aos executivos o planejamento, a dire\u00e7\u00e3o e o controle da utiliza\u00e7\u00e3o atual e futura de tecnologia da informa\u00e7\u00e3o, de modo a assegurar, a um n\u00edvel aceit\u00e1vel de risco, eficiente utiliza\u00e7\u00e3o de recursos, apoio aos processos da organiza\u00e7\u00e3o e alinhamento estrat\u00e9gico com objetivos desta \u00faltima.\u201d<\/i> (Voto do Ministro Relator Aroldo Cedraz, do TCU \u2013 Ac\u00f3rd\u00e3o 2308\/2010 &#8211; Plen\u00e1rio)<\/p>\n<p>O objetivo da governan\u00e7a corporativa de tecnologia de informa\u00e7\u00e3o (GovTI), \u00e9 garantir que o uso da TI agregue valor ao neg\u00f3cio da organiza\u00e7\u00e3o, com riscos mitigados e aceit\u00e1veis.<\/p>\n<p align=\"JUSTIFY\">A Governan\u00e7a TI tamb\u00e9m busca assegurar que as a\u00e7\u00f5es de TI estejam alinhadas com o neg\u00f3cio da organiza\u00e7\u00e3o, agregando-lhe valor; medir o desempenho da \u00e1rea de TI, alocar propriamente os recursos e mitigar os riscos inerentes; dirigir e controlar as iniciativas de TI nas organiza\u00e7\u00f5es para garantir o retorno de investimentos e a ado\u00e7\u00e3o de melhorias nos processos organizacionais.<\/p>\n<p align=\"JUSTIFY\">A necessidade de Governan\u00e7a de TI na UFPel surgiu ap\u00f3s reiteradas fiscaliza\u00e7\u00f5es do Tribunal de Contas da Uni\u00e3o (TCU), Corregedoria Geral da Uni\u00e3o (CGU) e Advocacia Geral da Uni\u00e3o (AGU) que apontaram, dentre in\u00fameras medidas a necessidade de maior controle pela \u00e1rea de TI.<\/p>\n<p align=\"JUSTIFY\"><i>\u201cGovernan\u00e7a n\u00e3o controla diretamente tarefas executivas. Controla se h\u00e1 controles sobre as tarefas executivas, monitorando-os e adotando medidas corretivas sob certas situa\u00e7\u00f5es de risco pr\u00e9-definidas. \u201d<\/i> (PACHECO, Andr\u00e9 Luiz Furtado, Curso Avan\u00e7ado de Licita\u00e7\u00e3o em TI, 2012, pg. 3)<\/p>\n<p align=\"JUSTIFY\">\n","protected":false},"excerpt":{"rendered":"<p>\u00a0\u201cGovernan\u00e7a de TI \u00e9 o conjunto estruturado de pol\u00edticas, normas, m\u00e9todos e procedimentos\u00a0 destinados a permitir \u00e0 alta administra\u00e7\u00e3o e aos executivos o planejamento, a dire\u00e7\u00e3o e o controle da utiliza\u00e7\u00e3o atual e futura de tecnologia da informa\u00e7\u00e3o, de modo a assegurar, a um n\u00edvel aceit\u00e1vel de risco, eficiente utiliza\u00e7\u00e3o de recursos, apoio aos processos [&hellip;]<\/p>\n","protected":false},"author":596,"featured_media":0,"parent":0,"menu_order":0,"comment_status":"closed","ping_status":"closed","template":"","meta":{"jetpack_post_was_ever_published":false,"footnotes":"","_links_to":"","_links_to_target":""},"class_list":["post-415","page","type-page","status-publish","hentry"],"jetpack_sharing_enabled":true,"publishpress_future_workflow_manual_trigger":{"enabledWorkflows":[]},"_links":{"self":[{"href":"https:\/\/wp.ufpel.edu.br\/cti\/wp-json\/wp\/v2\/pages\/415","targetHints":{"allow":["GET"]}}],"collection":[{"href":"https:\/\/wp.ufpel.edu.br\/cti\/wp-json\/wp\/v2\/pages"}],"about":[{"href":"https:\/\/wp.ufpel.edu.br\/cti\/wp-json\/wp\/v2\/types\/page"}],"author":[{"embeddable":true,"href":"https:\/\/wp.ufpel.edu.br\/cti\/wp-json\/wp\/v2\/users\/596"}],"replies":[{"embeddable":true,"href":"https:\/\/wp.ufpel.edu.br\/cti\/wp-json\/wp\/v2\/comments?post=415"}],"version-history":[{"count":1,"href":"https:\/\/wp.ufpel.edu.br\/cti\/wp-json\/wp\/v2\/pages\/415\/revisions"}],"predecessor-version":[{"id":3984,"href":"https:\/\/wp.ufpel.edu.br\/cti\/wp-json\/wp\/v2\/pages\/415\/revisions\/3984"}],"wp:attachment":[{"href":"https:\/\/wp.ufpel.edu.br\/cti\/wp-json\/wp\/v2\/media?parent=415"}],"curies":[{"name":"wp","href":"https:\/\/api.w.org\/{rel}","templated":true}]}}