{"id":3620,"date":"2021-05-04T12:50:46","date_gmt":"2021-05-04T15:50:46","guid":{"rendered":"https:\/\/wp.ufpel.edu.br\/cti\/?page_id=3620"},"modified":"2021-06-09T13:06:26","modified_gmt":"2021-06-09T16:06:26","slug":"como-realizar-pesquisa-de-e-mails","status":"publish","type":"page","link":"https:\/\/wp.ufpel.edu.br\/cti\/como-realizar-pesquisa-de-e-mails\/","title":{"rendered":"Como realizar pesquisa de e-mails"},"content":{"rendered":"<p>O Servi\u00e7o de E-mail da UFPel (UFPelMail) integrou uma nova ferramenta \u00e0 plataforma de Webmail para facilitar a pesquisa de e-mails na conta do usu\u00e1rio.<\/p>\n<p>Para utiliz\u00e1-la, basta observar as imagens abaixo:<\/p>\n<p>&nbsp;<\/p>\n<p>Utilizando o Tema (layout) Larry:<\/p>\n<div id=\"attachment_3624\" style=\"width: 350px\" class=\"wp-caption alignnone\"><a href=\"https:\/\/wp.ufpel.edu.br\/cti\/files\/2021\/05\/mail_larry_search.png\"><img aria-describedby=\"caption-attachment-3624\" data-attachment-id=\"3624\" data-permalink=\"https:\/\/wp.ufpel.edu.br\/cti\/como-realizar-pesquisa-de-e-mails\/mail_larry_search\/\" data-orig-file=\"https:\/\/wp.ufpel.edu.br\/cti\/files\/2021\/05\/mail_larry_search.png\" data-orig-size=\"340,422\" data-comments-opened=\"0\" data-image-meta=\"{&quot;aperture&quot;:&quot;0&quot;,&quot;credit&quot;:&quot;&quot;,&quot;camera&quot;:&quot;&quot;,&quot;caption&quot;:&quot;&quot;,&quot;created_timestamp&quot;:&quot;0&quot;,&quot;copyright&quot;:&quot;&quot;,&quot;focal_length&quot;:&quot;0&quot;,&quot;iso&quot;:&quot;0&quot;,&quot;shutter_speed&quot;:&quot;0&quot;,&quot;title&quot;:&quot;&quot;,&quot;orientation&quot;:&quot;0&quot;}\" data-image-title=\"mail_larry_search\" data-image-description=\"&lt;p&gt;Pesquisa de E-mails &amp;#8211; Tema Larry&lt;\/p&gt;\n\" data-image-caption=\"&lt;p&gt;Pesquisa de E-mails &amp;#8211; Tema Larry&lt;\/p&gt;\n\" data-medium-file=\"https:\/\/wp.ufpel.edu.br\/cti\/files\/2021\/05\/mail_larry_search-322x400.png\" data-large-file=\"https:\/\/wp.ufpel.edu.br\/cti\/files\/2021\/05\/mail_larry_search.png\" class=\"size-full wp-image-3624\" src=\"https:\/\/wp.ufpel.edu.br\/cti\/files\/2021\/05\/mail_larry_search.png\" alt=\"Pesquisa de E-mails - Tema Larry\" width=\"340\" height=\"422\" srcset=\"https:\/\/wp.ufpel.edu.br\/cti\/files\/2021\/05\/mail_larry_search.png 340w, https:\/\/wp.ufpel.edu.br\/cti\/files\/2021\/05\/mail_larry_search-322x400.png 322w\" sizes=\"(max-width: 340px) 100vw, 340px\" \/><\/a><p id=\"caption-attachment-3624\" class=\"wp-caption-text\">Pesquisa de E-mails &#8211; Tema Larry<\/p><\/div>\n<p>&#8212;&#8212;&#8212;&#8212;&#8212;&#8212;&#8212;&#8212;&#8212;&#8212;&#8212;&#8212;&#8212;&#8212;&#8212;&#8212;&#8212;&#8212;&#8212;&#8212;&#8212;&#8212;&#8212;&#8212;<\/p>\n<p>Utilizando o Tema (layout) Elastic:<\/p>\n<div id=\"attachment_3623\" style=\"width: 663px\" class=\"wp-caption alignnone\"><a href=\"https:\/\/wp.ufpel.edu.br\/cti\/files\/2021\/05\/mail_elastic_search.png\"><img aria-describedby=\"caption-attachment-3623\" data-attachment-id=\"3623\" data-permalink=\"https:\/\/wp.ufpel.edu.br\/cti\/como-realizar-pesquisa-de-e-mails\/mail_elastic_search\/\" data-orig-file=\"https:\/\/wp.ufpel.edu.br\/cti\/files\/2021\/05\/mail_elastic_search.png\" data-orig-size=\"653,497\" data-comments-opened=\"0\" data-image-meta=\"{&quot;aperture&quot;:&quot;0&quot;,&quot;credit&quot;:&quot;&quot;,&quot;camera&quot;:&quot;&quot;,&quot;caption&quot;:&quot;&quot;,&quot;created_timestamp&quot;:&quot;0&quot;,&quot;copyright&quot;:&quot;&quot;,&quot;focal_length&quot;:&quot;0&quot;,&quot;iso&quot;:&quot;0&quot;,&quot;shutter_speed&quot;:&quot;0&quot;,&quot;title&quot;:&quot;&quot;,&quot;orientation&quot;:&quot;0&quot;}\" data-image-title=\"mail_elastic_search\" data-image-description=\"&lt;p&gt;Pesquisa de E-mails &amp;#8211; Tema Elastic&lt;\/p&gt;\n\" data-image-caption=\"&lt;p&gt;Pesquisa de E-mails &amp;#8211; Tema Elastic&lt;\/p&gt;\n\" data-medium-file=\"https:\/\/wp.ufpel.edu.br\/cti\/files\/2021\/05\/mail_elastic_search-400x304.png\" data-large-file=\"https:\/\/wp.ufpel.edu.br\/cti\/files\/2021\/05\/mail_elastic_search.png\" class=\"size-full wp-image-3623\" src=\"https:\/\/wp.ufpel.edu.br\/cti\/files\/2021\/05\/mail_elastic_search.png\" alt=\"Pesquisa de E-mails - Tema Elastic\" width=\"653\" height=\"497\" srcset=\"https:\/\/wp.ufpel.edu.br\/cti\/files\/2021\/05\/mail_elastic_search.png 653w, https:\/\/wp.ufpel.edu.br\/cti\/files\/2021\/05\/mail_elastic_search-400x304.png 400w\" sizes=\"(max-width: 653px) 100vw, 653px\" \/><\/a><p id=\"caption-attachment-3623\" class=\"wp-caption-text\">Pesquisa de E-mails &#8211; Tema Elastic<\/p><\/div>\n<p>&nbsp;<\/p>\n<p><strong>Observa\u00e7\u00e3o importante<\/strong><\/p>\n<p>A busca por mensagens deve ser feita com a maior proximidade do que se procura.<\/p>\n<p>&nbsp;<\/p>\n<p><strong>Exemplo 1:<\/strong><\/p>\n<p>Sabe-se que algum dia foi recebida a mensagem de um Jo\u00e3o da Silva &lt;joao.silva@email.com&gt;. Portanto, o filtro dever\u00e1 ser montado utilizando o campo &#8220;De&#8221; marcado e o restante desmarcado. Ou seja, no campo de pesquisa, digitar Jo\u00e3o da Silva ou joao.silva.<\/p>\n<p><strong>Exemplo 2:<\/strong><\/p>\n<p>Buscar por palavras no corpo do texto tamb\u00e9m dever\u00e3o ter o filtro mais adequado para tal situa\u00e7\u00e3o. Sabe-se que algum dia, algu\u00e9m enviou uma mensagem que continha a palavra &#8220;campe\u00e3o&#8221;. Ao selecionar o filtro, priorizar a op\u00e7\u00e3o &#8220;Conte\u00fado&#8221;.<\/p>\n<p><strong>Por qu\u00ea? <\/strong><\/p>\n<p>Porque ao selecionar a &#8220;Mensagem inteira&#8221;, a busca poder\u00e1 ser imprecisa, retornando outras mensagens que n\u00e3o estejam no contexto procurado. O m\u00f3dulo de buscas analisa uma base de dados buscando por palavras soltas, ent\u00e3o cada espa\u00e7o, ponto, caracteres especiais, ser\u00e3o considerados como palavras-chave distintas.<\/p>\n<p>Em outras palavras, ao buscar pelo texto &#8220;Meu time \u00e9 campe\u00e3o&#8221;, a busca \u00e9 feita por &#8220;meu&#8221; + &#8220;time&#8221; + &#8220;\u00e9&#8221; + &#8220;campe\u00e3o&#8221;. Quatro palavras distintas.<\/p>\n<p><strong>Mas eu fa\u00e7o a pesquisa e n\u00e3o s\u00e3o retornadas mensagens.<\/strong><\/p>\n<p>A base de dados \u00e9 alimentada por mensagens recebidas e enviadas. Ela s\u00e3o indexadas de tempos em tempos, portanto, \u00e0s vezes n\u00e3o s\u00e3o identificadas a tempo.<\/p>\n<p><strong>Ent\u00e3o, o que fazer?<\/strong><\/p>\n<p>N\u00e3o existe uma regra 100% funcional. A boa pr\u00e1tica \u00e9 categorizar as mensagens que chegam em pastas e subpastas. Assim, al\u00e9m de ter um melhor controle e organiza\u00e7\u00e3o da caixa de correio, facilitar\u00e1 uma busca mais precisa de mensagens importantes.<\/p>\n<p>&nbsp;<\/p>\n","protected":false},"excerpt":{"rendered":"<p>O Servi\u00e7o de E-mail da UFPel (UFPelMail) integrou uma nova ferramenta \u00e0 plataforma de Webmail para facilitar a pesquisa de e-mails na conta do usu\u00e1rio. Para utiliz\u00e1-la, basta observar as imagens abaixo: &nbsp; Utilizando o Tema (layout) Larry: &#8212;&#8212;&#8212;&#8212;&#8212;&#8212;&#8212;&#8212;&#8212;&#8212;&#8212;&#8212;&#8212;&#8212;&#8212;&#8212;&#8212;&#8212;&#8212;&#8212;&#8212;&#8212;&#8212;&#8212; Utilizando o Tema (layout) Elastic: &nbsp; Observa\u00e7\u00e3o importante A busca por mensagens deve ser feita com [&hellip;]<\/p>\n","protected":false},"author":295,"featured_media":0,"parent":0,"menu_order":0,"comment_status":"closed","ping_status":"closed","template":"","meta":{"jetpack_post_was_ever_published":false,"footnotes":"","_links_to":"","_links_to_target":""},"class_list":["post-3620","page","type-page","status-publish","hentry"],"jetpack_sharing_enabled":true,"publishpress_future_workflow_manual_trigger":{"enabledWorkflows":[]},"_links":{"self":[{"href":"https:\/\/wp.ufpel.edu.br\/cti\/wp-json\/wp\/v2\/pages\/3620","targetHints":{"allow":["GET"]}}],"collection":[{"href":"https:\/\/wp.ufpel.edu.br\/cti\/wp-json\/wp\/v2\/pages"}],"about":[{"href":"https:\/\/wp.ufpel.edu.br\/cti\/wp-json\/wp\/v2\/types\/page"}],"author":[{"embeddable":true,"href":"https:\/\/wp.ufpel.edu.br\/cti\/wp-json\/wp\/v2\/users\/295"}],"replies":[{"embeddable":true,"href":"https:\/\/wp.ufpel.edu.br\/cti\/wp-json\/wp\/v2\/comments?post=3620"}],"version-history":[{"count":4,"href":"https:\/\/wp.ufpel.edu.br\/cti\/wp-json\/wp\/v2\/pages\/3620\/revisions"}],"predecessor-version":[{"id":3632,"href":"https:\/\/wp.ufpel.edu.br\/cti\/wp-json\/wp\/v2\/pages\/3620\/revisions\/3632"}],"wp:attachment":[{"href":"https:\/\/wp.ufpel.edu.br\/cti\/wp-json\/wp\/v2\/media?parent=3620"}],"curies":[{"name":"wp","href":"https:\/\/api.w.org\/{rel}","templated":true}]}}