{"id":3533,"date":"2020-07-03T08:52:00","date_gmt":"2020-07-03T11:52:00","guid":{"rendered":"https:\/\/wp.ufpel.edu.br\/cti\/?page_id=3533"},"modified":"2020-07-03T08:52:00","modified_gmt":"2020-07-03T11:52:00","slug":"servico-de-atendimento-ao-usuario-da-ufpel","status":"publish","type":"page","link":"https:\/\/wp.ufpel.edu.br\/cti\/servico-de-atendimento-ao-usuario-da-ufpel\/","title":{"rendered":"Servi\u00e7o de atendimento ao usu\u00e1rio da UFPel"},"content":{"rendered":"<h2><b>O que \u00e9 o servi\u00e7o<\/b><\/h2>\n<p><span style=\"font-weight: 400\">O servi\u00e7o Atendimento-UFPel tem por finalidade oferecer suporte ao usu\u00e1rio de servi\u00e7os institucionais. <\/span><\/p>\n<p><a href=\"https:\/\/wp.ufpel.edu.br\/cti\/files\/2020\/07\/Doc-Operacao-OSticket-AtendimentoUFPel-1.pdf\">Sou operador (baixe o manual de opera\u00e7\u00e3o)<\/a><\/p>\n<p><a href=\"https:\/\/wp.ufpel.edu.br\/cti\/atendimento-ufpel\/\">Sou Usu\u00e1rio e desejo atendimento<\/a><\/p>\n<p>&nbsp;<\/p>\n","protected":false},"excerpt":{"rendered":"<p>O que \u00e9 o servi\u00e7o O servi\u00e7o Atendimento-UFPel tem por finalidade oferecer suporte ao usu\u00e1rio de servi\u00e7os institucionais. Sou operador (baixe o manual de opera\u00e7\u00e3o) Sou Usu\u00e1rio e desejo atendimento &nbsp;<\/p>\n","protected":false},"author":295,"featured_media":0,"parent":0,"menu_order":0,"comment_status":"closed","ping_status":"closed","template":"","meta":{"jetpack_post_was_ever_published":false,"footnotes":"","_links_to":"","_links_to_target":""},"class_list":["post-3533","page","type-page","status-publish","hentry"],"jetpack_sharing_enabled":true,"publishpress_future_workflow_manual_trigger":{"enabledWorkflows":[]},"_links":{"self":[{"href":"https:\/\/wp.ufpel.edu.br\/cti\/wp-json\/wp\/v2\/pages\/3533","targetHints":{"allow":["GET"]}}],"collection":[{"href":"https:\/\/wp.ufpel.edu.br\/cti\/wp-json\/wp\/v2\/pages"}],"about":[{"href":"https:\/\/wp.ufpel.edu.br\/cti\/wp-json\/wp\/v2\/types\/page"}],"author":[{"embeddable":true,"href":"https:\/\/wp.ufpel.edu.br\/cti\/wp-json\/wp\/v2\/users\/295"}],"replies":[{"embeddable":true,"href":"https:\/\/wp.ufpel.edu.br\/cti\/wp-json\/wp\/v2\/comments?post=3533"}],"version-history":[{"count":2,"href":"https:\/\/wp.ufpel.edu.br\/cti\/wp-json\/wp\/v2\/pages\/3533\/revisions"}],"predecessor-version":[{"id":3541,"href":"https:\/\/wp.ufpel.edu.br\/cti\/wp-json\/wp\/v2\/pages\/3533\/revisions\/3541"}],"wp:attachment":[{"href":"https:\/\/wp.ufpel.edu.br\/cti\/wp-json\/wp\/v2\/media?parent=3533"}],"curies":[{"name":"wp","href":"https:\/\/api.w.org\/{rel}","templated":true}]}}