{"id":24,"date":"2013-01-30T15:34:52","date_gmt":"2013-01-30T15:34:52","guid":{"rendered":"http:\/\/cti.ufpel.edu.br\/site\/?page_id=24"},"modified":"2013-01-30T15:34:52","modified_gmt":"2013-01-30T15:34:52","slug":"desenvolvidos","status":"publish","type":"page","link":"https:\/\/wp.ufpel.edu.br\/cti\/sistemas\/desenvolvidos\/","title":{"rendered":"Sistemas Desenvolvidos"},"content":{"rendered":"<p>Conhe\u00e7a alguns sistemas de informa\u00e7\u00e3o desenvolvidos pela CTI:<\/p>\n<p><strong>Gest\u00e3o Acad\u00eamica<\/strong><br \/>\nServe de apoio \u00e0s rotinas da administra\u00e7\u00e3o acad\u00eamica, automatizando o processo de oferta de disciplinas e de matr\u00edcula, permitindo o cadastro de alunos e tabelas auxiliares, gerenciando a informa\u00e7\u00e3o de notas e gera\u00e7\u00e3o do hist\u00f3rico escolar dos acad\u00eamicos.<\/p>\n<p><strong>Controle de Bolsas<\/strong><br \/>\nSistema para o aux\u00edlio \u00e0 Se\u00e7\u00e3o de Apoio Educacional na sele\u00e7\u00e3o de estudantes carentes para concess\u00e3o de bolsas de aux\u00edlio alimenta\u00e7\u00e3o, transporte e moradia.<\/p>\n<p><strong>Administra\u00e7\u00e3o Patrimonial <strong>\u2013<\/strong> webSAP<\/strong><br \/>\nServe de apoio \u00e0 manuten\u00e7\u00e3o do cadastro dos bens m\u00f3veis e im\u00f3veis, bem como \u00e0s rotinas para sua localiza\u00e7\u00e3o, transfer\u00eancias entre Unidades e baixas.<\/p>\n<p><strong>Almoxarifado<\/strong><br \/>\nServe de apoio \u00e0 administra\u00e7\u00e3o de materiais em estoque e de destino espec\u00edfico, subsidiando, ainda, os procedimentos de entradas e sa\u00eddas financeiras para a contabilidade.<\/p>\n<p><strong>Apura\u00e7\u00e3o de Custos<\/strong><br \/>\nServe de apoio \u00e0 gera\u00e7\u00e3o de informa\u00e7\u00f5es que permitam \u00e0 Administra\u00e7\u00e3o Universit\u00e1ria conhecer o custo de cada produto ou servi\u00e7o prestado a fim de auxili\u00e1-la no processo de planejamento, acompanhamento e avalia\u00e7\u00e3o institucional. Com o intuito de obter uma padroniza\u00e7\u00e3o \u00e9 utilizada a vers\u00e3o sugerida pelo MEC.<\/p>\n<p><strong>Assessoria Jur\u00eddica<\/strong><br \/>\nEfetua o cadastramento e o acompanhamento dos processos encaminhados atrav\u00e9s da Assist\u00eancia Judici\u00e1ria da Faculdade de Direito da UFPel, propiciando um melhor controle e acompanhamento.<\/p>\n<p><strong>Controle de Peri\u00f3dicos<\/strong><br \/>\nSistema para o controle de assinaturas e doa\u00e7\u00f5es de peri\u00f3dicos nacionais e internacionais pela Divis\u00e3o de Bibliotecas.<\/p>\n<p><strong>Controle de Atividades do Biot\u00e9rio Central<\/strong><br \/>\nTem por finalidade armazenar dados e gerar informa\u00e7\u00f5es estat\u00edsticas e de custos sobre os animais e modelos biol\u00f3gicos que s\u00e3o fornecidos pelo Biot\u00e9rio Central.<\/p>\n<p><strong>Controle do Cadastro de Pacientes \u2013 CADAIDS<\/strong><br \/>\nSistema de cadastro de pacientes com doen\u00e7as sexualmente transmiss\u00edveis, desenvolvido para a Faculdade de Medicina.<\/p>\n<p><strong>Controle de Compras e Distribui\u00e7\u00e3o de Livros \u00e0s Bibliotecas<\/strong><br \/>\nAuxilia no controle da aquisi\u00e7\u00e3o de livros pela Divis\u00e3o de Bibliotecas.<\/p>\n<p><strong>Controle de Projetos de Extens\u00e3o \u2013 DIPLAN<\/strong><br \/>\nAuxilia a Divis\u00e3o de Planejamento e Apoio T\u00e9cnico da PREC \u2013 Pr\u00f3-Reitoria de Extens\u00e3o e Cultura no controle de projetos de extens\u00e3o universit\u00e1ria. O sistema cadastra, acompanha e fornece dados estat\u00edsticos para os diferentes projetos em andamento.<\/p>\n<p><strong>Controle de Projetos de Pesquisa<\/strong><br \/>\nAuxilia o Departamento de Pesquisa da Pr\u00f3-Reitoria de Pesquisa e P\u00f3s-Gradua\u00e7\u00e3o no controle de projetos de pesquisa desenvolvidos na UFPel. O sistema cadastra, acompanha e fornece relat\u00f3rios para projetos em andamento e conclu\u00eddos.<\/p>\n<p><strong>Controle do Acervo do MALG<\/strong><br \/>\nSistema para cataloga\u00e7\u00e3o e consultas do acervo art\u00edstico do Museu de Arte Leopoldo Gotuzzo.<\/p>\n<p><strong>Controle de Servi\u00e7os da Prefeitura Universit\u00e1ria<\/strong><br \/>\nPermite a solicita\u00e7\u00e3o e o acompanhamento da execu\u00e7\u00e3o dos servi\u00e7os realizados pela Prefeitura \u00e0s Unidades da UFPel.<\/p>\n<p><strong>Inscri\u00e7\u00e3o e Avalia\u00e7\u00e3o de Trabalhos do CIC e ENPOS<\/strong><br \/>\nSistema de inscri\u00e7\u00f5es para o Congresso de Inicia\u00e7\u00e3o Cient\u00edfica e Encontro de P\u00f3s-Gradua\u00e7\u00e3o, eventos realizados pela Pr\u00f3-Reitoria de Pesquisa e P\u00f3s-Gradua\u00e7\u00e3o. O sistema recebe as inscri\u00e7\u00f5es de trabalhos, gerencia as avalia\u00e7\u00f5es de revisores, fornece relat\u00f3rios e gera certificados de participa\u00e7\u00e3o e apresenta\u00e7\u00e3o.<\/p>\n<p><strong>Pagamento de Terceiros<\/strong><br \/>\nSistema de folha de pagamento para controle de pessoal que presta servi\u00e7os \u00e0 UFPel atrav\u00e9s de contratos de presta\u00e7\u00e3o de servi\u00e7os. \u00c9 utilizado pela Se\u00e7\u00e3o Financeira do Departamento de Pessoal.<\/p>\n<p><strong>Per\u00edcia M\u00e9dica<\/strong><br \/>\nAuxilia o N\u00facleo de Per\u00edcia M\u00e9dica da Pr\u00f3-Reitoria de Gest\u00e3o de Recursos Humanos no cadastro e acompanhamento das per\u00edcias realizadas, e fornece dados estat\u00edsticos por servidor e por patologia.<\/p>\n<p><strong>Protocolo \u2013 Tramita\u00e7\u00e3o de Documentos \u2013 CONDOC<\/strong><br \/>\nServe de apoio ao controle do fluxo de correspond\u00eancias.<\/p>\n<p><strong>Protocolo \u2013 Tramita\u00e7\u00e3o de Processos<\/strong><br \/>\nServe de apoio ao cadastramento e controle de tramita\u00e7\u00e3o de processos internos e externos da UFPel.<\/p>\n<p><strong>Relat\u00f3rio Anual de Atividades Docentes (RAAD)<\/strong><br \/>\nPermite captar e processar dados pertinentes \u00e0 atividade docente. Registra o total de horas aula, atividades de pesquisa, de extens\u00e3o, de administra\u00e7\u00e3o e outras, permite uma avalia\u00e7\u00e3o da aloca\u00e7\u00e3o da for\u00e7a de trabalho docente da Institui\u00e7\u00e3o.<\/p>\n<p><strong>SISPRUN (ve\u00edculos)<\/strong><br \/>\nCadastro da frota de ve\u00edculos da Prefeitura Universit\u00e1ria, com o controle de abastecimento e controle do correspondente consumo de combust\u00edvel.<\/p>\n<p><strong>Suporte ao SIAPE<\/strong><br \/>\nServe de apoio \u00e0s rotinas da folha de pagamento abastecendo o Departamento de Pessoal com informa\u00e7\u00f5es, relat\u00f3rios e estat\u00edsticas n\u00e3o dispon\u00edveis no SIAPE.<\/p>\n<p><strong>Triagem \u2013 Odontologia<\/strong><br \/>\nSistema de cadastro para o controle do servi\u00e7o de atendimento de pacientes prestado pela Faculdade de Odontologia.<\/p>\n<p><strong>Usu\u00e1rios Internet<\/strong><br \/>\nSistema desenvolvido para automa\u00e7\u00e3o do controle do cadastro de usu\u00e1rios Internet da UFPel.<\/p>\n<p><strong>Sistema Restaurante Escola<\/strong><br \/>\nAutomatiza o acesso de alunos beneficiados com aux\u00edlio alimenta\u00e7\u00e3o nos restaurantes, atrav\u00e9s de identifica\u00e7\u00e3o biom\u00e9trica (impress\u00e3o digital); automatiza a pesagem das refei\u00e7\u00f5es; gerencia estoque de produtos aliment\u00edcios; permite ao administrativo do restaurante acesso a relat\u00f3rios gerenciais e estat\u00edsticos sobre o fluxo de movimenta\u00e7\u00f5es de refei\u00e7\u00f5es, estoque de mercadorias, e acessos de alunos beneficiados ao restaurante.<\/p>\n<p><strong>Casa Estudante<\/strong><br \/>\nControla a entrada e sa\u00edda de pessoas a Casa do Estudante, atrav\u00e9s de identifica\u00e7\u00e3o biom\u00e9trica (impress\u00e3o digital); Oferece controle automatizado sobre os moradores hospedados na casa.<\/p>\n<p>&nbsp;<\/p>\n","protected":false},"excerpt":{"rendered":"<p>Conhe\u00e7a alguns sistemas de informa\u00e7\u00e3o desenvolvidos pela CTI: Gest\u00e3o Acad\u00eamica Serve de apoio \u00e0s rotinas da administra\u00e7\u00e3o acad\u00eamica, automatizando o processo de oferta de disciplinas e de matr\u00edcula, permitindo o cadastro de alunos e tabelas auxiliares, gerenciando a informa\u00e7\u00e3o de notas e gera\u00e7\u00e3o do hist\u00f3rico escolar dos acad\u00eamicos. Controle de Bolsas Sistema para o aux\u00edlio [&hellip;]<\/p>\n","protected":false},"author":20,"featured_media":0,"parent":56,"menu_order":0,"comment_status":"closed","ping_status":"closed","template":"","meta":{"jetpack_post_was_ever_published":false,"footnotes":"","_links_to":"","_links_to_target":""},"class_list":["post-24","page","type-page","status-publish","hentry"],"jetpack_sharing_enabled":true,"publishpress_future_workflow_manual_trigger":{"enabledWorkflows":[]},"_links":{"self":[{"href":"https:\/\/wp.ufpel.edu.br\/cti\/wp-json\/wp\/v2\/pages\/24","targetHints":{"allow":["GET"]}}],"collection":[{"href":"https:\/\/wp.ufpel.edu.br\/cti\/wp-json\/wp\/v2\/pages"}],"about":[{"href":"https:\/\/wp.ufpel.edu.br\/cti\/wp-json\/wp\/v2\/types\/page"}],"author":[{"embeddable":true,"href":"https:\/\/wp.ufpel.edu.br\/cti\/wp-json\/wp\/v2\/users\/20"}],"replies":[{"embeddable":true,"href":"https:\/\/wp.ufpel.edu.br\/cti\/wp-json\/wp\/v2\/comments?post=24"}],"version-history":[{"count":0,"href":"https:\/\/wp.ufpel.edu.br\/cti\/wp-json\/wp\/v2\/pages\/24\/revisions"}],"up":[{"embeddable":true,"href":"https:\/\/wp.ufpel.edu.br\/cti\/wp-json\/wp\/v2\/pages\/56"}],"wp:attachment":[{"href":"https:\/\/wp.ufpel.edu.br\/cti\/wp-json\/wp\/v2\/media?parent=24"}],"curies":[{"name":"wp","href":"https:\/\/api.w.org\/{rel}","templated":true}]}}