{"id":1536,"date":"2015-11-05T17:00:14","date_gmt":"2015-11-05T20:00:14","guid":{"rendered":"http:\/\/cti.ufpel.edu.br\/site\/?page_id=1536"},"modified":"2016-03-22T09:20:52","modified_gmt":"2016-03-22T12:20:52","slug":"politica-de-uso-aceitavel-docs-ufpel","status":"publish","type":"page","link":"https:\/\/wp.ufpel.edu.br\/cti\/politica-de-uso-aceitavel-docs-ufpel\/","title":{"rendered":"Pol\u00edtica de uso aceit\u00e1vel Docs.UFPel"},"content":{"rendered":"<p>Voc\u00ea concorda em n\u00e3o usar os servi\u00e7os do Docs.UFPel (&#8220;Servi\u00e7os&#8221;) de forma inadequada, ou ajudar qualquer pessoa a faz\u00ea-lo. Por exemplo, voc\u00ea n\u00e3o deve tentar fazer nenhum dos itens a seguir em conex\u00e3o com os Servi\u00e7os:<\/p>\n<ul>\n<li>Investigar, varrer ou testar a vulnerabilidade de qualquer sistema ou rede;<\/li>\n<li>Violar, ou de outra forma contornar, qualquer medida de seguran\u00e7a ou autentica\u00e7\u00e3o;<\/li>\n<li>Acessar, adulterar ou usar \u00e1reas n\u00e3o p\u00fablicas dos Servi\u00e7os ou partes destas, ou \u00e1reas compartilhadas dos Servi\u00e7os para as quais voc\u00ea n\u00e3o foi convidado;<\/li>\n<li>Interferir ou perturbar qualquer usu\u00e1rio, servidor de hospedagem ou rede, por exemplo, ao enviar um v\u00edrus, sobrecarregar, inundar, enviar spam ou bombardeio de e-mails para qualquer parte dos Servi\u00e7os;<\/li>\n<li>Acessar, fazer buscas ou criar contas nos Servi\u00e7os por qualquer meio outro que n\u00e3o as interfaces que oferecemos publicamente (por exemplo, utilizando &#8220;scraping&#8221;, ou a cria\u00e7\u00e3o de contas em grande quantidade);<\/li>\n<li>Enviar spam ou comunica\u00e7\u00f5es, promo\u00e7\u00f5es ou an\u00fancios n\u00e3o solicitados;<\/li>\n<li>Enviar informa\u00e7\u00f5es alteradas, enganosas ou com identifica\u00e7\u00e3o falsa de fontes, incluindo &#8220;spoofing&#8221; ou &#8220;phishing&#8221;;<\/li>\n<li>Promover ou divulgar produtos ou servi\u00e7os al\u00e9m de seus pr\u00f3prios, sem autoriza\u00e7\u00e3o adequada;<\/li>\n<li>Abusar de indica\u00e7\u00f5es ou promo\u00e7\u00f5es para receber mais espa\u00e7o de armazenamento do que o merecido;<\/li>\n<li>Contornar os limites de espa\u00e7o de armazenamento;<\/li>\n<li>Vender os Servi\u00e7os;<\/li>\n<li>Publicar ou compartilhar materiais que sejam ilegalmente pornogr\u00e1ficos ou indecentes, ou que contenham atos extremos de viol\u00eancia;<\/li>\n<li>Defender a intoler\u00e2ncia ou o \u00f3dio contra qualquer pessoa ou grupo de pessoas com base em sua ra\u00e7a, religi\u00e3o, etnia, sexo, identidade de g\u00eanero, orienta\u00e7\u00e3o sexual, defici\u00eancia ou incapacidade;<\/li>\n<li>Violar a lei de qualquer forma, inclusive pelo armazenamento, publica\u00e7\u00e3o ou compartilhamento de material fraudulento, difamat\u00f3rio ou enganoso; ou violar a privacidade ou infringir o direito de outras pessoas.<\/li>\n<\/ul>\n<p>&nbsp;<\/p>\n","protected":false},"excerpt":{"rendered":"<p>Voc\u00ea concorda em n\u00e3o usar os servi\u00e7os do Docs.UFPel (&#8220;Servi\u00e7os&#8221;) de forma inadequada, ou ajudar qualquer pessoa a faz\u00ea-lo. Por exemplo, voc\u00ea n\u00e3o deve tentar fazer nenhum dos itens a seguir em conex\u00e3o com os Servi\u00e7os: Investigar, varrer ou testar a vulnerabilidade de qualquer sistema ou rede; Violar, ou de outra forma contornar, qualquer medida [&hellip;]<\/p>\n","protected":false},"author":295,"featured_media":0,"parent":0,"menu_order":0,"comment_status":"closed","ping_status":"closed","template":"","meta":{"jetpack_post_was_ever_published":false,"footnotes":"","_links_to":"","_links_to_target":""},"class_list":["post-1536","page","type-page","status-publish","hentry"],"jetpack_sharing_enabled":true,"publishpress_future_workflow_manual_trigger":{"enabledWorkflows":[]},"_links":{"self":[{"href":"https:\/\/wp.ufpel.edu.br\/cti\/wp-json\/wp\/v2\/pages\/1536","targetHints":{"allow":["GET"]}}],"collection":[{"href":"https:\/\/wp.ufpel.edu.br\/cti\/wp-json\/wp\/v2\/pages"}],"about":[{"href":"https:\/\/wp.ufpel.edu.br\/cti\/wp-json\/wp\/v2\/types\/page"}],"author":[{"embeddable":true,"href":"https:\/\/wp.ufpel.edu.br\/cti\/wp-json\/wp\/v2\/users\/295"}],"replies":[{"embeddable":true,"href":"https:\/\/wp.ufpel.edu.br\/cti\/wp-json\/wp\/v2\/comments?post=1536"}],"version-history":[{"count":2,"href":"https:\/\/wp.ufpel.edu.br\/cti\/wp-json\/wp\/v2\/pages\/1536\/revisions"}],"predecessor-version":[{"id":2111,"href":"https:\/\/wp.ufpel.edu.br\/cti\/wp-json\/wp\/v2\/pages\/1536\/revisions\/2111"}],"wp:attachment":[{"href":"https:\/\/wp.ufpel.edu.br\/cti\/wp-json\/wp\/v2\/media?parent=1536"}],"curies":[{"name":"wp","href":"https:\/\/api.w.org\/{rel}","templated":true}]}}