{"id":1534,"date":"2015-11-05T16:57:22","date_gmt":"2015-11-05T19:57:22","guid":{"rendered":"http:\/\/cti.ufpel.edu.br\/site\/?page_id=1534"},"modified":"2016-03-22T09:25:37","modified_gmt":"2016-03-22T12:25:37","slug":"politica-de-privacidade-docs-ufpel","status":"publish","type":"page","link":"https:\/\/wp.ufpel.edu.br\/cti\/politica-de-privacidade-docs-ufpel\/","title":{"rendered":"Pol\u00edtica de privacidade Docs.UFPel"},"content":{"rendered":"<p>Obrigado por usar o Docs.UFPel! Nesta se\u00e7\u00e3o, descrevemos como coletamos, usamos e administramos suas informa\u00e7\u00f5es quando voc\u00ea usa nossos servi\u00e7os, nosso website e nosso software (&#8220;Servi\u00e7os&#8221;).<\/p>\n<h3>O que coletamos (e porque coletamos)<\/h3>\n<p>Coletamos e usamos as seguintes informa\u00e7\u00f5es para fornecer, melhorar e proteger nossos Servi\u00e7os:<\/p>\n<p><strong>Conta<br \/>\n<\/strong> Coletamos e associamos \u00e0 sua conta informa\u00e7\u00f5es como seu nome, e-mail, telefone e endere\u00e7o f\u00edsico.<\/p>\n<p><strong>Servi\u00e7os<br \/>\n<\/strong>Quando voc\u00ea usa nossos Servi\u00e7os, armazenamos, processamos e transmitimos seus arquivos (incluindo fotos, dados estruturados e e-mails) e informa\u00e7\u00f5es relacionadas a eles (por exemplo, tags de localiza\u00e7\u00e3o em suas fotos). Caso voc\u00ea nos d\u00ea acesso aos seus contatos, n\u00f3s os armazenaremos em nossos servidores para que voc\u00ea possa utiliz\u00e1-los. Dessa forma, ser\u00e1 mais f\u00e1cil realizar a\u00e7\u00f5es como compartilhar arquivos, enviar e-mails e convidar outras pessoas para usarem os nossos Servi\u00e7os.<\/p>\n<p><strong>Usos<\/strong><br \/>\nColetamos informa\u00e7\u00f5es de e sobre os dispositivos com os quais voc\u00ea acessa os Servi\u00e7os, incluindo seu endere\u00e7o de IP, o tipo de navegador e dispositivo que voc\u00ea usa, a p\u00e1gina da web que visitou antes de acessar nossos sites e identificadores associados aos seus dispositivos. Dependendo de como os configure, seus dispositivos tamb\u00e9m podem transmitir informa\u00e7\u00f5es sobre sua localiza\u00e7\u00e3o para os Servi\u00e7os.<\/p>\n<p><strong>Cookies e outras tecnologias<\/strong><br \/>\nUtilizamos tecnologias como cookies e tags de pixel para fornecer, melhorar, proteger e promover nossos Servi\u00e7os. Os cookies, por exemplo, nos ajudam a lembrar seu nome de usu\u00e1rio para sua pr\u00f3xima visita e entender como se d\u00e1 a sua intera\u00e7\u00e3o com nossos Servi\u00e7os, para assim melhor\u00e1-los com base nessas informa\u00e7\u00f5es. Voc\u00ea pode configurar seu navegador para n\u00e3o aceitar cookies, mas isso pode impor alguns limites ao uso dos Servi\u00e7os.<\/p>\n<h3>Com quem compartilhamos<\/h3>\n<p>Podemos compartilhar informa\u00e7\u00f5es da forma descrita a seguir, mas n\u00e3o vamos vend\u00ea-las para anunciantes ou outros terceiros.<\/p>\n<p><strong>Outros usu\u00e1rios<\/strong><br \/>\nNossos Servi\u00e7os exibem informa\u00e7\u00f5es como seu nome e e-mail aos outros usu\u00e1rios em locais como seu perfil de usu\u00e1rio e em notifica\u00e7\u00f5es de compartilhamento. Alguns recursos permitem que voc\u00ea disponibilize informa\u00e7\u00f5es adicionais para outros usu\u00e1rios.<\/p>\n<p><strong>Fins legais<\/strong><br \/>\nPodemos divulgar suas informa\u00e7\u00f5es a terceiros caso determinemos que a divulga\u00e7\u00e3o \u00e9 razoavelmente necess\u00e1ria para (a) cumprir a lei, (b) proteger qualquer pessoa de morte ou les\u00e3o corporal grave; (c) evitar fraude ou abuso do DocsUFPel ou dos nossos usu\u00e1rios, ou (d) proteger os direitos de propriedade do Docs.UFPel.<\/p>\n<p>A prote\u00e7\u00e3o de seus dados \u00e9 fundamental para n\u00f3s e \u00e9 uma responsabilidade que aceitamos de bom grado. Acreditamos que os dados de nossos usu\u00e1rios devem receber as mesmas prote\u00e7\u00f5es legais, independente de estarem armazenados em nossos servi\u00e7os ou no disco r\u00edgido de seu computador pessoal em casa.<\/p>\n<h3>Como coletamos<\/h3>\n<p><strong>Reten\u00e7\u00e3o<\/strong><br \/>\nAs informa\u00e7\u00f5es que voc\u00ea armazena em nossos Servi\u00e7os ser\u00e3o retidas pelo tempo que precisarmos delas para oferecer a voc\u00ea os nossos Servi\u00e7os. Caso voc\u00ea exclua sua conta, as informa\u00e7\u00f5es relacionadas tamb\u00e9m ser\u00e3o exclu\u00eddas. No entanto, note o seguinte: (1) pode haver alguma lat\u00eancia entre a exclus\u00e3o das informa\u00e7\u00f5es de nossos servidores e do backup; e (2) podemos reter essas informa\u00e7\u00f5es caso seja necess\u00e1rio para cumprir com nossas obriga\u00e7\u00f5es legais, resolver disputas ou fazer cumprir nossos contratos.<\/p>\n<p><strong>Altera\u00e7\u00f5es<\/strong><br \/>\nEsta Pol\u00edtica de privacidade pode ser revisada de tempos em tempos, e a vers\u00e3o mais atualizada ser\u00e1 publicada em nosso website. Voc\u00ea ser\u00e1 notificado caso uma revis\u00e3o reduza significativamente os seus direitos.<\/p>\n<p><strong>Contato<\/strong><br \/>\nTem alguma d\u00favida ou preocupa\u00e7\u00e3o a respeito do Docs.UFPel, nossos Servi\u00e7os e Pol\u00edticas de privacidade? Fale conosco pelo e-mail redes@ufpel.edu.br.<\/p>\n","protected":false},"excerpt":{"rendered":"<p>Obrigado por usar o Docs.UFPel! Nesta se\u00e7\u00e3o, descrevemos como coletamos, usamos e administramos suas informa\u00e7\u00f5es quando voc\u00ea usa nossos servi\u00e7os, nosso website e nosso software (&#8220;Servi\u00e7os&#8221;). O que coletamos (e porque coletamos) Coletamos e usamos as seguintes informa\u00e7\u00f5es para fornecer, melhorar e proteger nossos Servi\u00e7os: Conta Coletamos e associamos \u00e0 sua conta informa\u00e7\u00f5es como seu [&hellip;]<\/p>\n","protected":false},"author":295,"featured_media":0,"parent":0,"menu_order":0,"comment_status":"closed","ping_status":"closed","template":"","meta":{"jetpack_post_was_ever_published":false,"footnotes":"","_links_to":"","_links_to_target":""},"class_list":["post-1534","page","type-page","status-publish","hentry"],"jetpack_sharing_enabled":true,"publishpress_future_workflow_manual_trigger":{"enabledWorkflows":[]},"_links":{"self":[{"href":"https:\/\/wp.ufpel.edu.br\/cti\/wp-json\/wp\/v2\/pages\/1534","targetHints":{"allow":["GET"]}}],"collection":[{"href":"https:\/\/wp.ufpel.edu.br\/cti\/wp-json\/wp\/v2\/pages"}],"about":[{"href":"https:\/\/wp.ufpel.edu.br\/cti\/wp-json\/wp\/v2\/types\/page"}],"author":[{"embeddable":true,"href":"https:\/\/wp.ufpel.edu.br\/cti\/wp-json\/wp\/v2\/users\/295"}],"replies":[{"embeddable":true,"href":"https:\/\/wp.ufpel.edu.br\/cti\/wp-json\/wp\/v2\/comments?post=1534"}],"version-history":[{"count":3,"href":"https:\/\/wp.ufpel.edu.br\/cti\/wp-json\/wp\/v2\/pages\/1534\/revisions"}],"predecessor-version":[{"id":2114,"href":"https:\/\/wp.ufpel.edu.br\/cti\/wp-json\/wp\/v2\/pages\/1534\/revisions\/2114"}],"wp:attachment":[{"href":"https:\/\/wp.ufpel.edu.br\/cti\/wp-json\/wp\/v2\/media?parent=1534"}],"curies":[{"name":"wp","href":"https:\/\/api.w.org\/{rel}","templated":true}]}}