{"id":1499,"date":"2015-10-23T16:02:48","date_gmt":"2015-10-23T19:02:48","guid":{"rendered":"http:\/\/cti.ufpel.edu.br\/site\/?page_id=1499"},"modified":"2020-05-30T16:37:12","modified_gmt":"2020-05-30T19:37:12","slug":"recuperacao-senha-e-mail-institucional","status":"publish","type":"page","link":"https:\/\/wp.ufpel.edu.br\/cti\/recuperacao-senha-e-mail-institucional\/","title":{"rendered":"Recupera\u00e7\u00e3o de senha do E-mail Institucional"},"content":{"rendered":"<h3>Recupera\u00e7\u00e3o de senha do webmail pelo Cobalto<\/h3>\n<ul>\n<li>Acessar e efetuar o Login no <a href=\"https:\/\/cobalto.ufpel.edu.br\/\">Sistema Cobalto<\/a>;<\/li>\n<li>Clicar em &#8220;e-Mail @UFPel&#8221; -&gt; &#8220;e-Mail institucional&#8221;, no menu \u00e0 esquerda;<\/li>\n<li>Clicar no seu nome (aparecer\u00e1 uma tarja amarela, conforme a figura);<\/li>\n<li>Clicar em &#8220;Recuperar senha&#8221;;<\/li>\n<li>Ent\u00e3o, aparecer\u00e1 uma janela para que seja digitada a nova senha.<\/li>\n<\/ul>\n<p>\u00c9 importante ressaltar que a senha n\u00e3o precisa ser extremamente complexa, por\u00e9m, deve <strong>atender aos requisitos m\u00ednimos<\/strong> contendo letras <strong>mai\u00fasculas<\/strong> [A-Z] (de A at\u00e9 Z), <strong>min\u00fasculas<\/strong> [a-z] (de a at\u00e9 z), <strong>n\u00fameros<\/strong> [0-9] (de zero a nove) e ao menos <strong>um caractere especial<\/strong>.<\/p>\n<p><a href=\"https:\/\/wp.ufpel.edu.br\/cti\/files\/2020\/04\/recuperacao_senha_email.png\"><img data-attachment-id=\"3494\" data-permalink=\"https:\/\/wp.ufpel.edu.br\/cti\/recuperacao-senha-e-mail-institucional\/recuperacao_senha_email\/\" data-orig-file=\"https:\/\/wp.ufpel.edu.br\/cti\/files\/2020\/04\/recuperacao_senha_email.png\" data-orig-size=\"1345,402\" data-comments-opened=\"0\" data-image-meta=\"{&quot;aperture&quot;:&quot;0&quot;,&quot;credit&quot;:&quot;&quot;,&quot;camera&quot;:&quot;&quot;,&quot;caption&quot;:&quot;&quot;,&quot;created_timestamp&quot;:&quot;0&quot;,&quot;copyright&quot;:&quot;&quot;,&quot;focal_length&quot;:&quot;0&quot;,&quot;iso&quot;:&quot;0&quot;,&quot;shutter_speed&quot;:&quot;0&quot;,&quot;title&quot;:&quot;&quot;,&quot;orientation&quot;:&quot;0&quot;}\" data-image-title=\"recuperacao_senha_email\" data-image-description=\"\" data-image-caption=\"\" data-medium-file=\"https:\/\/wp.ufpel.edu.br\/cti\/files\/2020\/04\/recuperacao_senha_email-400x120.png\" data-large-file=\"https:\/\/wp.ufpel.edu.br\/cti\/files\/2020\/04\/recuperacao_senha_email-1024x306.png\" class=\"alignnone wp-image-3494 size-full\" src=\"https:\/\/wp.ufpel.edu.br\/cti\/files\/2020\/04\/recuperacao_senha_email.png\" alt=\"\" width=\"1345\" height=\"402\" srcset=\"https:\/\/wp.ufpel.edu.br\/cti\/files\/2020\/04\/recuperacao_senha_email.png 1345w, https:\/\/wp.ufpel.edu.br\/cti\/files\/2020\/04\/recuperacao_senha_email-400x120.png 400w, https:\/\/wp.ufpel.edu.br\/cti\/files\/2020\/04\/recuperacao_senha_email-1024x306.png 1024w, https:\/\/wp.ufpel.edu.br\/cti\/files\/2020\/04\/recuperacao_senha_email-768x230.png 768w\" sizes=\"(max-width: 1345px) 100vw, 1345px\" \/><\/a><\/p>\n","protected":false},"excerpt":{"rendered":"<p>Recupera\u00e7\u00e3o de senha do webmail pelo Cobalto Acessar e efetuar o Login no Sistema Cobalto; Clicar em &#8220;e-Mail @UFPel&#8221; -&gt; &#8220;e-Mail institucional&#8221;, no menu \u00e0 esquerda; Clicar no seu nome (aparecer\u00e1 uma tarja amarela, conforme a figura); Clicar em &#8220;Recuperar senha&#8221;; Ent\u00e3o, aparecer\u00e1 uma janela para que seja digitada a nova senha. \u00c9 importante ressaltar [&hellip;]<\/p>\n","protected":false},"author":295,"featured_media":0,"parent":0,"menu_order":0,"comment_status":"closed","ping_status":"closed","template":"","meta":{"jetpack_post_was_ever_published":false,"footnotes":"","_links_to":"","_links_to_target":""},"class_list":["post-1499","page","type-page","status-publish","hentry"],"jetpack_sharing_enabled":true,"publishpress_future_workflow_manual_trigger":{"enabledWorkflows":[]},"_links":{"self":[{"href":"https:\/\/wp.ufpel.edu.br\/cti\/wp-json\/wp\/v2\/pages\/1499","targetHints":{"allow":["GET"]}}],"collection":[{"href":"https:\/\/wp.ufpel.edu.br\/cti\/wp-json\/wp\/v2\/pages"}],"about":[{"href":"https:\/\/wp.ufpel.edu.br\/cti\/wp-json\/wp\/v2\/types\/page"}],"author":[{"embeddable":true,"href":"https:\/\/wp.ufpel.edu.br\/cti\/wp-json\/wp\/v2\/users\/295"}],"replies":[{"embeddable":true,"href":"https:\/\/wp.ufpel.edu.br\/cti\/wp-json\/wp\/v2\/comments?post=1499"}],"version-history":[{"count":8,"href":"https:\/\/wp.ufpel.edu.br\/cti\/wp-json\/wp\/v2\/pages\/1499\/revisions"}],"predecessor-version":[{"id":3522,"href":"https:\/\/wp.ufpel.edu.br\/cti\/wp-json\/wp\/v2\/pages\/1499\/revisions\/3522"}],"wp:attachment":[{"href":"https:\/\/wp.ufpel.edu.br\/cti\/wp-json\/wp\/v2\/media?parent=1499"}],"curies":[{"name":"wp","href":"https:\/\/api.w.org\/{rel}","templated":true}]}}