{"id":139,"date":"2013-02-15T18:04:25","date_gmt":"2013-02-15T18:04:25","guid":{"rendered":"http:\/\/cti.ufpel.edu.br\/site\/?page_id=139"},"modified":"2013-02-15T18:04:25","modified_gmt":"2013-02-15T18:04:25","slug":"infra","status":"publish","type":"page","link":"https:\/\/wp.ufpel.edu.br\/cti\/infra\/","title":{"rendered":"N\u00facleo de Infraestrutura de TI"},"content":{"rendered":"<h3>UFPelNet<\/h3>\n<p>A UFPelNet \u00e9 a rede de comunica\u00e7\u00e3o de dados que interliga os diversos campi da UFPel&#8230;<br \/>\nveja as imagens de utiliza\u00e7\u00e3o da internet nos principais campi:<br \/>\n<a href=\"http:\/\/cti.ufpel.edu.br\/site\/servicos\/consumo-de-internet\/\">http:\/\/cti.ufpel.edu.br\/site\/servicos\/consumo-de-internet\/<\/a><\/p>\n<p>A comunica\u00e7\u00e3o da UFPelNet com a Internet \u00e9 feita via <a href=\"http:\/\/www.rnp.br\/ipe\/\" target=\"_blank\">Rede Ip\u00ea<\/a>, da qual a UFPel \u00e9 institui\u00e7\u00e3o participante, atrav\u00e9s de um enlace de 1Gb (1Gb por segundo) com o <abbr title=\"Ponto de presen\u00e7a da Rede Ip\u00ea no RS\">PoP-RS<\/abbr>, em Porto Alegre.<\/p>\n<p><span style=\"background-color: #ffff00\">(Info sobre a interliga\u00e7\u00e3o com a\u00a0<a title=\"Redes Comunit\u00e1rias de Educa\u00e7\u00e3o e Pesquisa\" href=\"http:\/\/www.redecomep.rnp.br\/\" target=\"_blank\"><span style=\"background-color: #ffff00\">Redecomep<\/span><\/a>)<\/span><\/p>\n<h3>Datacenter<\/h3>\n<p>O datacenter da UFPel, gerenciado pelo N\u00facleo de Infraestrutura de TI, conta atualmente com <span style=\"background-color: #ffff00\">70<\/span> servidores com uma capacidade de armazenamento combinada de <span style=\"background-color: #ffff00\">20<\/span> <abbr title=\"terabytes\">TB<\/abbr>.<\/p>\n<p>Operando 24 horas por dia, 7 dias por semana, esses equipamentos mant\u00eam dispon\u00edveis os servi\u00e7os de internet e intranet da Universidade, como e-mail, websites institucionais e sistemas de apoio acad\u00eamico e administrativo como o Cobalto, Pergamum, Moodle, video monitoramento entre diversos outros.<\/p>\n<p>Tamb\u00e9m conta com uma nuvem computacional a qual \u00e9 capaz de realocar servidores a fim de otimizar os recursos computacionais, somando mais de 700 Gb RAM e 20 TB de armazenamento.<br \/>\n&nbsp;<\/p>\n<h3>Cat\u00e1logo de Servi\u00e7os<\/h3>\n<p><b>Principais Servi\u00e7os<\/b><br \/>\n<a href=\"http:\/\/cti.ufpel.edu.br\/site\/servicos\/acesso-a-internet\/\">Acesso a internet;<\/a><br \/>\n<a href=\"http:\/\/cti.ufpel.edu.br\/site\/servico-acesso-sem-fio-para-visitantes\/\">Acesso a rede sem fio para visitantes;<\/a><br \/>\n<a href=\"http:\/\/cti.ufpel.edu.br\/site\/servico-desbloqueio-de-sites\/\">Desbloqueio de sites;<\/a><br \/>\n<a href=\"http:\/\/cti.ufpel.edu.br\/site\/servicos\/email\/\">Email institucional @UFPel;<\/a><br \/>\n<a href=\"http:\/\/cti.ufpel.edu.br\/site\/servicos\/proxy\/\">Proxy UFPel;<\/a><\/p>\n<h3>Not\u00edcias<\/h3>\n<p>&nbsp;<br \/>\n<a href=\"http:\/\/cti.ufpel.edu.br\/site\/category\/noticias\/redes-noticias\/\">Veja noticias referente a Infraestrutura de T.I<\/a><br \/>\n&nbsp;<\/p>\n<p>&nbsp;<\/p>\n","protected":false},"excerpt":{"rendered":"<p>UFPelNet A UFPelNet \u00e9 a rede de comunica\u00e7\u00e3o de dados que interliga os diversos campi da UFPel&#8230; veja as imagens de utiliza\u00e7\u00e3o da internet nos principais campi: http:\/\/cti.ufpel.edu.br\/site\/servicos\/consumo-de-internet\/ A comunica\u00e7\u00e3o da UFPelNet com a Internet \u00e9 feita via Rede Ip\u00ea, da qual a UFPel \u00e9 institui\u00e7\u00e3o participante, atrav\u00e9s de um enlace de 1Gb (1Gb por [&hellip;]<\/p>\n","protected":false},"author":20,"featured_media":0,"parent":0,"menu_order":0,"comment_status":"closed","ping_status":"closed","template":"","meta":{"jetpack_post_was_ever_published":false,"footnotes":"","_links_to":"","_links_to_target":""},"class_list":["post-139","page","type-page","status-publish","hentry"],"jetpack_sharing_enabled":true,"publishpress_future_workflow_manual_trigger":{"enabledWorkflows":[]},"_links":{"self":[{"href":"https:\/\/wp.ufpel.edu.br\/cti\/wp-json\/wp\/v2\/pages\/139","targetHints":{"allow":["GET"]}}],"collection":[{"href":"https:\/\/wp.ufpel.edu.br\/cti\/wp-json\/wp\/v2\/pages"}],"about":[{"href":"https:\/\/wp.ufpel.edu.br\/cti\/wp-json\/wp\/v2\/types\/page"}],"author":[{"embeddable":true,"href":"https:\/\/wp.ufpel.edu.br\/cti\/wp-json\/wp\/v2\/users\/20"}],"replies":[{"embeddable":true,"href":"https:\/\/wp.ufpel.edu.br\/cti\/wp-json\/wp\/v2\/comments?post=139"}],"version-history":[{"count":0,"href":"https:\/\/wp.ufpel.edu.br\/cti\/wp-json\/wp\/v2\/pages\/139\/revisions"}],"wp:attachment":[{"href":"https:\/\/wp.ufpel.edu.br\/cti\/wp-json\/wp\/v2\/media?parent=139"}],"curies":[{"name":"wp","href":"https:\/\/api.w.org\/{rel}","templated":true}]}}