{"id":1247,"date":"2014-09-08T09:13:07","date_gmt":"2014-09-08T12:13:07","guid":{"rendered":"http:\/\/cti.ufpel.edu.br\/site\/?page_id=1247"},"modified":"2021-02-08T09:01:39","modified_gmt":"2021-02-08T12:01:39","slug":"planejamento-da-contratacao","status":"publish","type":"page","link":"https:\/\/wp.ufpel.edu.br\/cti\/planejamento-da-contratacao\/","title":{"rendered":"Planejamento da contrata\u00e7\u00e3o"},"content":{"rendered":"<h3><b>Novas aquisi\u00e7\u00f5es de TI<\/b><\/h3>\n<p>A partir da publica\u00e7\u00e3o da Portaria UFPel n\u00ba 1493 de 08 de agosto de 2014, a qual implementou na Universidade novo procedimento para as aquisi\u00e7\u00f5es de bens e servi\u00e7os na \u00e1rea de Tecnologia da Informa\u00e7\u00e3o, dever\u00e1 ser realizado planejamento da contrata\u00e7\u00e3o, utilizando-se do manual simplificado para contrata\u00e7\u00f5es de solu\u00e7\u00f5es de TI da UFPel, bem como, dos seus artefatos correspondentes.<\/p>\n<p>Para iniciar o planejamento da contrata\u00e7\u00e3o, o Requisitante da solu\u00e7\u00e3o dever\u00e1 gerar processo no SEI do tipo: &#8220;Material: Aquisi\u00e7\u00e3o por Compra de Material Permanente (Inclusive Licita\u00e7\u00e3o)&#8221; ou &#8220;Material: Aquisi\u00e7\u00e3o por Compra de Material de Consumo (Inclusive Licita\u00e7\u00e3o)&#8221; e incluir o documento &#8220;PROGIC DOD &#8211; IN 01\/2019 &#8211; \u00c1rea Requisitante&#8221;. Ap\u00f3s o preenchimento, o documento deve ser encaminhado \u00e0 Pr\u00f3-Reitoria de Gest\u00e3o da Informa\u00e7\u00e3o e Comunica\u00e7\u00e3o para an\u00e1lise.<\/p>\n<p class=\"dou-paragraph\"><span style=\"font-size: 10pt\"><em>Art. 1\u00ba As contrata\u00e7\u00f5es de solu\u00e7\u00f5es de Tecnologia da Informa\u00e7\u00e3o e Comunica\u00e7\u00e3o &#8211; TIC pelos \u00f3rg\u00e3os e entidades integrantes do Sistema de Administra\u00e7\u00e3o dos Recursos de Tecnologia da Informa\u00e7\u00e3o &#8211; SISP ser\u00e3o disciplinadas por esta Instru\u00e7\u00e3o Normativa.<\/em><\/span><\/p>\n<p class=\"dou-paragraph\"><span style=\"font-size: 10pt\"><em>\u00a7 1\u00ba Para contrata\u00e7\u00f5es cuja estimativa de pre\u00e7os seja inferior ao disposto no art. 24, inciso II da Lei n\u00ba 8.666, de 1993, a aplica\u00e7\u00e3o desta norma \u00e9 facultativa, exceto quanto ao disposto no art. 6\u00ba, devendo o \u00f3rg\u00e3o ou entidade realizar procedimentos de contrata\u00e7\u00e3o adequados, nos termos da legisla\u00e7\u00e3o vigente.<\/em><\/span><\/p>\n<p class=\"dou-paragraph\"><span style=\"font-size: 10pt\"><em>\u00a7 2\u00ba Os \u00f3rg\u00e3os e entidades dever\u00e3o observar os limites de valores para os quais as contrata\u00e7\u00f5es de TIC dever\u00e3o ser submetidas \u00e0 aprova\u00e7\u00e3o do \u00d3rg\u00e3o Central do SISP, conforme disposto no art. 9\u00ba-A do Decreto n\u00ba 7.579, de 2011.<\/em><\/span><\/p>\n<h4>Documentos para o planejamento da contrata\u00e7\u00e3o:<\/h4>\n<p>INSTRU\u00c7\u00c3O NORMATIVA N\u00ba 1, DE 4 DE ABRIL DE 2019: <a href=\"https:\/\/wp.ufpel.edu.br\/cti\/files\/2021\/02\/INSTRUCAO-NORMATIVA-No-1-DE-4-DE-ABRIL-DE-2019-Imprensa-Nacional.pdf\">IN 01 2019<\/a><\/p>\n<p>Manual simplificado para contrata\u00e7\u00f5es de solu\u00e7\u00f5es de TI da UFPel: <a href=\"https:\/\/wp.ufpel.edu.br\/cti\/files\/2014\/09\/MANUAL-SIMPLIFICADO-PARA-CONTRATACOES.pdf\">MANUAL<\/a><\/p>\n<p>Documento de Oficializa\u00e7\u00e3o da Demanda (DOD): Dever ser preenchido no SEI &#8211; PROGIC DOD &#8211; IN 01\/2019 &#8211; \u00c1rea Requisitante<\/p>\n<p>Fluxo do DOD: Fluxo DOD<\/p>\n<p>Documento unificado equipe de planejamento da contrata\u00e7\u00e3o: MODELO UNIFICADO<\/p>\n<p>Plano Diretor de Tecnologia da Informa\u00e7\u00e3o: <a href=\"https:\/\/wikigovernanca.ufpel.edu.br\/lib\/exe\/fetch.php?media=pdtic_2019-2021_com_anexos.pdf\">PDTI UFPel<\/a><\/p>\n","protected":false},"excerpt":{"rendered":"<p>Novas aquisi\u00e7\u00f5es de TI A partir da publica\u00e7\u00e3o da Portaria UFPel n\u00ba 1493 de 08 de agosto de 2014, a qual implementou na Universidade novo procedimento para as aquisi\u00e7\u00f5es de bens e servi\u00e7os na \u00e1rea de Tecnologia da Informa\u00e7\u00e3o, dever\u00e1 ser realizado planejamento da contrata\u00e7\u00e3o, utilizando-se do manual simplificado para contrata\u00e7\u00f5es de solu\u00e7\u00f5es de TI [&hellip;]<\/p>\n","protected":false},"author":595,"featured_media":0,"parent":0,"menu_order":0,"comment_status":"closed","ping_status":"closed","template":"","meta":{"jetpack_post_was_ever_published":false,"footnotes":"","_links_to":"","_links_to_target":""},"class_list":["post-1247","page","type-page","status-publish","hentry"],"jetpack_sharing_enabled":true,"publishpress_future_workflow_manual_trigger":{"enabledWorkflows":[]},"_links":{"self":[{"href":"https:\/\/wp.ufpel.edu.br\/cti\/wp-json\/wp\/v2\/pages\/1247","targetHints":{"allow":["GET"]}}],"collection":[{"href":"https:\/\/wp.ufpel.edu.br\/cti\/wp-json\/wp\/v2\/pages"}],"about":[{"href":"https:\/\/wp.ufpel.edu.br\/cti\/wp-json\/wp\/v2\/types\/page"}],"author":[{"embeddable":true,"href":"https:\/\/wp.ufpel.edu.br\/cti\/wp-json\/wp\/v2\/users\/595"}],"replies":[{"embeddable":true,"href":"https:\/\/wp.ufpel.edu.br\/cti\/wp-json\/wp\/v2\/comments?post=1247"}],"version-history":[{"count":4,"href":"https:\/\/wp.ufpel.edu.br\/cti\/wp-json\/wp\/v2\/pages\/1247\/revisions"}],"predecessor-version":[{"id":3605,"href":"https:\/\/wp.ufpel.edu.br\/cti\/wp-json\/wp\/v2\/pages\/1247\/revisions\/3605"}],"wp:attachment":[{"href":"https:\/\/wp.ufpel.edu.br\/cti\/wp-json\/wp\/v2\/media?parent=1247"}],"curies":[{"name":"wp","href":"https:\/\/api.w.org\/{rel}","templated":true}]}}