{"id":1198,"date":"2014-09-22T10:23:05","date_gmt":"2014-09-22T13:23:05","guid":{"rendered":"http:\/\/cti.ufpel.edu.br\/site\/?page_id=1198"},"modified":"2016-03-30T13:52:54","modified_gmt":"2016-03-30T16:52:54","slug":"ferramentas","status":"publish","type":"page","link":"https:\/\/wp.ufpel.edu.br\/cti\/seguranca-da-informacao\/ferramentas\/","title":{"rendered":"Ferramentas"},"content":{"rendered":"<p>Ao escolher seu anti-v\u00edrus, analise os requisitos e as funcionalidades oferecidas por cada solu\u00e7\u00e3o. Nesta p\u00e1gina est\u00e3o selecionadas algumas das solu\u00e7\u00f5es l\u00edderes de mercado, e outras das principais solu\u00e7\u00f5es sem custo [1]. A maioria das empresas que desenvolvem as solu\u00e7\u00f5es aqui listadas possuem vers\u00f5es de suas solu\u00e7\u00f5es para os diferentes sistemas operacionais (Windows, Linux, MacOS, iOS, Android entre outros).<\/p>\n<div class=\"accordion\">\n<p class=\"collapseomatic \" id=\"id69fcaf46101a0\" rel=\"-highlander\" tabindex=\"0\" title=\"Antiv\u00edrus gr\u00e1tis\"    >Antiv\u00edrus gr\u00e1tis<\/p><div id=\"target-id69fcaf46101a0\" class=\"collapseomatic_content \">\n<p>&#8211; <a style=\"color: #666666 !important\" href=\"http:\/\/www.bitdefender.com.br\/solutions\/free.html\">Bitdefender Antivirus Free Edition<\/a><\/p>\n<p><span style=\"line-height: 1.5\">&#8211; <\/span><a style=\"color: #666666 !important\" href=\"http:\/\/www.avast.com\/pt-br\/index\">Avast! Free Antiv\u00edrus<\/a><\/p>\n<p><span style=\"line-height: 1.5\">&#8211; <\/span><a style=\"color: #666666 !important\" href=\"http:\/\/www.avira.com\/pt-br\/avira-free-antivirus\">Avira Free Antivirus<\/a><\/p>\n<p>&#8211; <a style=\"color: #666666 !important\" href=\"http:\/\/www.avgbrasil.com.br\/avg-free-antivirus-gratis\">AVG Antivirus Free<\/a><\/p>\n<p>&#8211; <a style=\"color: #666666 !important\" href=\"https:\/\/play.google.com\/store\/apps\/details?id=com.qihoo.security&amp;hl=pt_BR\">360 Mobile Security (Android)<\/a><\/p>\n<p>&#8211; <a style=\"color: #666666 !important\" href=\"http:\/\/www.sophos.com\/en-us\/products\/free-tools\/sophos-mobile-security-free-edition.aspx\">Sophos Mobile Security for Android<\/a><\/p>\n<p>&#8211; <a style=\"color: #666666 !important\" href=\"http:\/\/www.sophos.com\/en-us\/products\/free-tools\/sophos-antivirus-for-mac-home-edition.aspx\">Sophos Antivirus for Mac Home Edition<\/a><\/p>\n<\/div>\n<p class=\"collapseomatic \" id=\"id69fcaf4610269\" rel=\"-highlander\" tabindex=\"0\" title=\"Solu\u00e7\u00f5es pagas\"    >Solu\u00e7\u00f5es pagas<\/p><div id=\"target-id69fcaf4610269\" class=\"collapseomatic_content \">\n<p>Empresas que oferecem diversas solu\u00e7\u00f5es pagas, incluindo antiv\u00edrus, firewall, entre outras solu\u00e7\u00f5es integradas multiplataformas:<\/p>\n<p>&#8211; <a style=\"color: #666666 !important\" href=\"http:\/\/brazil.kaspersky.com\/\">Kaspersky<\/a><\/p>\n<p>&#8211; <a style=\"color: #666666 !important\" href=\"http:\/\/www.mcafee.com\/br\/\">McAfee<\/a><\/p>\n<p>&#8211; <a style=\"color: #666666 !important\" href=\"http:\/\/www.pandasecurity.com\/brazil\/\">Panda<\/a><\/p>\n<p>A Coordena\u00e7\u00e3o de Tecnologia da Informa\u00e7\u00e3o (CTI) indica fortemente a an\u00e1lise do portf\u00f3lio dessas empresas, assim como o investimento em suas solu\u00e7\u00f5es.<\/p>\n<\/div>\n<p class=\"collapseomatic \" id=\"id69fcaf46102a9\" rel=\"-highlander\" tabindex=\"0\" title=\"Ferramentas de verifica\u00e7\u00e3o online\"    >Ferramentas de verifica\u00e7\u00e3o online<\/p><div id=\"target-id69fcaf46102a9\" class=\"collapseomatic_content \">\n<p>&#8211; <a style=\"color: #666666 !important\" href=\"http:\/\/brazil.kaspersky.com\/security-scan\">Kaspersky Security Scan<\/a><\/p>\n<p>&#8211; <a style=\"color: #666666 !important\" href=\"http:\/\/home.mcafee.com\/downloads\/free-virus-scan\">McAfee Security Scan<\/a><\/p>\n<p>&#8211; <a style=\"color: #666666 !important\" href=\"http:\/\/www.eset.com\/us\/online-scanner\/\">ESET Online Scanner<\/a><\/p>\n<\/div>\n<p class=\"collapseomatic \" id=\"id69fcaf46102e1\" rel=\"-highlander\" tabindex=\"0\" title=\"Ferramentas de limpeza r\u00e1pida\"    >Ferramentas de limpeza r\u00e1pida<\/p><div id=\"target-id69fcaf46102e1\" class=\"collapseomatic_content \">\n<p>Indicado utilizar periodicamente (por exemplo, semanalmente), ou em casos de poss\u00edvel infec\u00e7\u00e3o. N\u00e3o substituem o antiv\u00edrus, s\u00e3o consideradas ferramentas auxiliares ao antiv\u00edrus.<\/p>\n<p>&#8211; <a style=\"color: #666666 !important\" href=\"https:\/\/pt.malwarebytes.org\/\">Malwarebytes Anti-Malware<\/a><\/p>\n<p>&#8211; <a style=\"color: #666666 !important\" href=\"https:\/\/www.comodo.com\/business-security\/network-protection\/cleaning_essentials.php\">Comodo Cleaning Essentials<\/a><\/p>\n<p>&#8211; <a style=\"color: #666666 !important\" href=\"http:\/\/www.bleepingcomputer.com\/download\/combofix\/\">Combofix<\/a><\/p>\n<p>&#8211; <a style=\"color: #666666 !important\" href=\"http:\/\/www.safer-networking.org\/\">Spybot &#8211; Search &amp; Destroy<\/a><\/p>\n<p>&#8211; <a style=\"color: #666666 !important\" href=\"http:\/\/www.sophos.com\/en-us\/products\/free-tools\/virus-removal-tool.aspx\">Sophos Virus Removal Tool<\/a><\/p>\n<\/div>\n<p class=\"collapseomatic \" id=\"id69fcaf461031d\" rel=\"-highlander\" tabindex=\"0\" title=\"Firewall pessoal gr\u00e1tis\"    >Firewall pessoal gr\u00e1tis<\/p><div id=\"target-id69fcaf461031d\" class=\"collapseomatic_content \">\n<p>&#8211; <a style=\"color: #666666 !important\" href=\"http:\/\/www.comodobr.com\/firewall\/comodo_firewall.php\">Comodo Firewall<\/a><\/p>\n<p>&#8211; <a style=\"color: #666666 !important\" href=\"http:\/\/www.zonealarm.com\/security\/en-us\/zonealarm-pc-security-free-firewall.htm\">ZoneAlarm Free Firewall<\/a><\/p>\n<p>&#8211; <a style=\"color: #666666 !important\" href=\"http:\/\/www.sophos.com\/en-us\/products\/free-tools\/sophos-utm-essential-firewall.aspx\">Sophos UTM Essential Firewall<\/a><\/p>\n<\/div>\n<p class=\"collapseomatic \" id=\"id69fcaf4610350\" rel=\"-highlander\" tabindex=\"0\" title=\"Ferramentas extras\"    >Ferramentas extras<\/p><div id=\"target-id69fcaf4610350\" class=\"collapseomatic_content \">\n<p>&#8211; <a style=\"color: #666666 !important\" href=\"https:\/\/www.piriform.com\/CCLEANER\">CCleanner<\/a><\/p>\n<p>&#8211; <a style=\"color: #666666 !important\" href=\"http:\/\/www.pandasecurity.com\/usa\/homeusers\/downloads\/usbvaccine\/\">Panda USB Vaccine<\/a><\/p>\n<\/div>\n<p class=\"collapseomatic \" id=\"id69fcaf461038c\" rel=\"-highlander\" tabindex=\"0\" title=\"Gerenciador de Senhas\"    >Gerenciador de Senhas<\/p><div id=\"target-id69fcaf461038c\" class=\"collapseomatic_content \">\n<p>&#8211; <a style=\"color: #666666 !important\" href=\"http:\/\/keepass.info\/\">KeePass<\/a><\/p>\n<p>&#8211; <a style=\"color: #666666 !important\" href=\"https:\/\/lastpass.com\/?lang=pt-br\">LastPass<\/a><\/p>\n<p>&#8211; <a style=\"color: #666666 !important\" href=\"http:\/\/brazil.kaspersky.com\/produtos\/produtos-para-usuarios-domesticos\/password-manager\">Kaspersky Password Manager<\/a><\/p>\n<p>&#8211; <a style=\"color: #666666 !important\" href=\"http:\/\/www.f-secure.com\/en\/web\/home_global\/key\">F-Secure Secure Password Manager<\/a><\/p>\n<p>&#8211; <a style=\"color: #666666 !important\" href=\"https:\/\/agilebits.com\/onepassword\">1Password<\/a><\/p>\n<\/div>\n<\/div>\n<p>Para sugest\u00e3o de novas solu\u00e7\u00f5es, entre em contato com o N\u00facleo de Infraestrutura de Tecnologia da Informa\u00e7\u00e3o:<br \/>\nTelefone: (53) 3275-7682<br \/>\nE-mail: redes@ufpel.edu.br<\/p>\n<p><strong class=\"corTexto\">Refer\u00eancias:<\/strong><\/p>\n[ 1 ] &#8211; <a title=\"PC Magazine\" href=\"http:\/\/www.pcmag.com\/article2\/0,2817,2388652,00.asp\">PC Magazine<\/a><\/p>\n[ 2 ] &#8211; <a title=\"AV Comparatives\" href=\"http:\/\/www.av-comparatives.org\/\">AV Comparatives<\/a><\/p>\n","protected":false},"excerpt":{"rendered":"<p>Ao escolher seu anti-v\u00edrus, analise os requisitos e as funcionalidades oferecidas por cada solu\u00e7\u00e3o. Nesta p\u00e1gina est\u00e3o selecionadas algumas das solu\u00e7\u00f5es l\u00edderes de mercado, e outras das principais solu\u00e7\u00f5es sem custo [1]. A maioria das empresas que desenvolvem as solu\u00e7\u00f5es aqui listadas possuem vers\u00f5es de suas solu\u00e7\u00f5es para os diferentes sistemas operacionais (Windows, Linux, MacOS, [&hellip;]<\/p>\n","protected":false},"author":295,"featured_media":0,"parent":447,"menu_order":3,"comment_status":"closed","ping_status":"closed","template":"","meta":{"jetpack_post_was_ever_published":false,"footnotes":"","_links_to":"","_links_to_target":""},"class_list":["post-1198","page","type-page","status-publish","hentry"],"jetpack_sharing_enabled":true,"publishpress_future_workflow_manual_trigger":{"enabledWorkflows":[]},"_links":{"self":[{"href":"https:\/\/wp.ufpel.edu.br\/cti\/wp-json\/wp\/v2\/pages\/1198","targetHints":{"allow":["GET"]}}],"collection":[{"href":"https:\/\/wp.ufpel.edu.br\/cti\/wp-json\/wp\/v2\/pages"}],"about":[{"href":"https:\/\/wp.ufpel.edu.br\/cti\/wp-json\/wp\/v2\/types\/page"}],"author":[{"embeddable":true,"href":"https:\/\/wp.ufpel.edu.br\/cti\/wp-json\/wp\/v2\/users\/295"}],"replies":[{"embeddable":true,"href":"https:\/\/wp.ufpel.edu.br\/cti\/wp-json\/wp\/v2\/comments?post=1198"}],"version-history":[{"count":3,"href":"https:\/\/wp.ufpel.edu.br\/cti\/wp-json\/wp\/v2\/pages\/1198\/revisions"}],"predecessor-version":[{"id":2262,"href":"https:\/\/wp.ufpel.edu.br\/cti\/wp-json\/wp\/v2\/pages\/1198\/revisions\/2262"}],"up":[{"embeddable":true,"href":"https:\/\/wp.ufpel.edu.br\/cti\/wp-json\/wp\/v2\/pages\/447"}],"wp:attachment":[{"href":"https:\/\/wp.ufpel.edu.br\/cti\/wp-json\/wp\/v2\/media?parent=1198"}],"curies":[{"name":"wp","href":"https:\/\/api.w.org\/{rel}","templated":true}]}}