{"id":1179,"date":"2014-08-18T18:22:51","date_gmt":"2014-08-18T21:22:51","guid":{"rendered":"http:\/\/cti.ufpel.edu.br\/site\/?page_id=1179"},"modified":"2014-08-18T18:22:51","modified_gmt":"2014-08-18T21:22:51","slug":"novas-aquisicoes-de-ti","status":"publish","type":"page","link":"https:\/\/wp.ufpel.edu.br\/cti\/novas-aquisicoes-de-ti\/","title":{"rendered":"Novas aquisi\u00e7\u00f5es de TI"},"content":{"rendered":"<p>A partir da publica\u00e7\u00e3o da <a href=\"http:\/\/reitoria.ufpel.edu.br\/portarias\/arquivos\/1493_2014.pdf\" target=\"_blank\">Portaria UFPel n\u00ba 1493<\/a> de 08 de agosto de 2014, a qual implementou na Universidade novo procedimento para as aquisi\u00e7\u00f5es de bens e servi\u00e7os na \u00e1rea de Tecnologia da Informa\u00e7\u00e3o, dever\u00e1 ser realizado planejamento da contrata\u00e7\u00e3o, utilizando-se do manual simplificado para contrata\u00e7\u00f5es de solu\u00e7\u00f5es de TI da UFPel, bem como, dos seus artefatos correspondentes.<\/p>\n<p>Para iniciar o planejamento da contrata\u00e7\u00e3o, o Requisitante da solu\u00e7\u00e3o dever\u00e1 fazer o <i>download<\/i> do Documento de Oficializa\u00e7\u00e3o de Demanda (DOD), dispon\u00edvel em: (link), indicar o seu representante para compor a equipe de planejamento e ap\u00f3s encaminhar o DOD para a Coordena\u00e7\u00e3o de Tecnologia da Informa\u00e7\u00e3o.<\/p>\n<p><b>\u00a0<\/b>Documentos para o planejamento da contrata\u00e7\u00e3o:<\/p>\n<p>Documento de Oficializa\u00e7\u00e3o da Demanda (DOD): <a href=\"http:\/\/cti.ufpel.edu.br\/site\/wp-content\/uploads\/2015\/03\/DODEditavel1.doc\">DODEditavel(1)<\/a><\/p>\n<p>Fluxo do DOD: <a href=\"https:\/\/wp.ufpel.edu.br\/cti\/files\/2014\/09\/FluxoPDFAlterado1.pdf\">Fluxo DOD<\/a><\/p>\n<p>Manual simplificado para contrata\u00e7\u00f5es de solu\u00e7\u00f5es de TI da UFPel:<a href=\"https:\/\/wp.ufpel.edu.br\/cti\/files\/2014\/09\/MANUAL-SIMPLIFICADO-PARA-CONTRATACOES.pdf\">MANUAL<\/a><\/p>\n<p>Documento unificado equipe de planejamento da contrata\u00e7\u00e3o: <a href=\"https:\/\/wp.ufpel.edu.br\/cti\/files\/2014\/09\/MODELO-UNIFICADO-EQUIPE-DE-PLANEJAMENTO.pdf\">MODELO UNIFICADO<\/a><\/p>\n<p>PDTI: <a href=\"https:\/\/wp.ufpel.edu.br\/cti\/files\/2013\/02\/PDTI.pdf\">PDTI UFPel<\/a><\/p>\n","protected":false},"excerpt":{"rendered":"<p>A partir da publica\u00e7\u00e3o da Portaria UFPel n\u00ba 1493 de 08 de agosto de 2014, a qual implementou na Universidade novo procedimento para as aquisi\u00e7\u00f5es de bens e servi\u00e7os na \u00e1rea de Tecnologia da Informa\u00e7\u00e3o, dever\u00e1 ser realizado planejamento da contrata\u00e7\u00e3o, utilizando-se do manual simplificado para contrata\u00e7\u00f5es de solu\u00e7\u00f5es de TI da UFPel, bem como, [&hellip;]<\/p>\n","protected":false},"author":595,"featured_media":0,"parent":0,"menu_order":0,"comment_status":"closed","ping_status":"closed","template":"","meta":{"jetpack_post_was_ever_published":false,"footnotes":"","_links_to":"","_links_to_target":""},"class_list":["post-1179","page","type-page","status-publish","hentry"],"jetpack_sharing_enabled":true,"publishpress_future_workflow_manual_trigger":{"enabledWorkflows":[]},"_links":{"self":[{"href":"https:\/\/wp.ufpel.edu.br\/cti\/wp-json\/wp\/v2\/pages\/1179","targetHints":{"allow":["GET"]}}],"collection":[{"href":"https:\/\/wp.ufpel.edu.br\/cti\/wp-json\/wp\/v2\/pages"}],"about":[{"href":"https:\/\/wp.ufpel.edu.br\/cti\/wp-json\/wp\/v2\/types\/page"}],"author":[{"embeddable":true,"href":"https:\/\/wp.ufpel.edu.br\/cti\/wp-json\/wp\/v2\/users\/595"}],"replies":[{"embeddable":true,"href":"https:\/\/wp.ufpel.edu.br\/cti\/wp-json\/wp\/v2\/comments?post=1179"}],"version-history":[{"count":0,"href":"https:\/\/wp.ufpel.edu.br\/cti\/wp-json\/wp\/v2\/pages\/1179\/revisions"}],"wp:attachment":[{"href":"https:\/\/wp.ufpel.edu.br\/cti\/wp-json\/wp\/v2\/media?parent=1179"}],"curies":[{"name":"wp","href":"https:\/\/api.w.org\/{rel}","templated":true}]}}