{"id":1078,"date":"2014-08-12T11:20:08","date_gmt":"2014-08-12T14:20:08","guid":{"rendered":"http:\/\/cti.ufpel.edu.br\/site\/?page_id=1078"},"modified":"2016-10-21T13:02:17","modified_gmt":"2016-10-21T15:02:17","slug":"dicas-senha","status":"publish","type":"page","link":"https:\/\/wp.ufpel.edu.br\/cti\/dicas-senha\/","title":{"rendered":"Dicas para criar uma boa senha"},"content":{"rendered":"<p>Seguindo algumas regras simples voc\u00ea pode criar senhas f\u00e1ceis de lembrar, mas dif\u00edceis de serem quebradas:<\/p>\n<ol>\n<li>Crie uma frase, ou escolha um prov\u00e9rbio ou trecho de uma m\u00fasica ou poema que voc\u00ea goste;<\/li>\n<li>Pegue a letra inicial de cada palavra da frase escolhida;<\/li>\n<li>Coloque uma ou duas letras em mai\u00fasculas;<\/li>\n<li>Substitua uma ou duas letras por n\u00fameros visualmente semelhantes &#8211; veja algumas sugest\u00f5es:<br \/>\n<span style=\"font-family: courier new,courier;\">a &#8211; 4<\/span><br \/>\n<span style=\"font-family: courier new,courier;\">i &#8211; 1<\/span><br \/>\n<span style=\"font-family: courier new,courier;\"> o &#8211; 0<\/span> (zero)<br \/>\n<span style=\"font-family: courier new,courier;\">s &#8211; 5<\/span><\/li>\n<li>Substitua uma ou duas letras por s\u00edmbolos, como ! # $ % @ (ou introduza alguns destes s\u00edmbolos na senha, no local da pontua\u00e7\u00e3o por exemplo);<\/li>\n<li>A Cooderna\u00e7\u00e3o de Tecnologia da Informa\u00e7\u00e3o (CTI) aconselha que sua senha possua, no m\u00ednimo, 10 caracteres.<\/li>\n<\/ol>\n<p>Exemplo:<\/p>\n<p style=\"padding-left: 30px;\"><span style=\"font-family: georgia,palatino; font-size: 14pt;\">&#8220;A palavra \u00e9 prata, o sil\u00eancio \u00e9 ouro&#8221; -&gt; senha:\u00a0 <\/span><strong><span style=\"font-family: courier new,courier; font-size: 14pt;\">ApeP#o5e0$<\/span><\/strong><\/p>\n<p>&nbsp;<\/p>\n<p>O que evitar na composi\u00e7\u00e3o de uma senha:<\/p>\n<ul>\n<li>N\u00e3o utilize uma \u00fanica palavra, termo t\u00e9cnico, nome cient\u00edfico ou nome pr\u00f3prio;<\/li>\n<li>N\u00e3o utilize seu nome de usu\u00e1rio, nem mesmo digitado ao contr\u00e1rio;<\/li>\n<li>N\u00e3o utilize sequ\u00eancias num\u00e9ricas, ou n\u00fameros repetidos (123456, 987654, 111111);<\/li>\n<li>N\u00e3o utilize caracteres em sequ\u00eancia no teclado, ou caracteres repetidos (qwerty, wsxqaz, vvvvvv).<\/li>\n<\/ul>\n<p>&nbsp;<\/p>\n","protected":false},"excerpt":{"rendered":"<p>Seguindo algumas regras simples voc\u00ea pode criar senhas f\u00e1ceis de lembrar, mas dif\u00edceis de serem quebradas: Crie uma frase, ou escolha um prov\u00e9rbio ou trecho de uma m\u00fasica ou poema que voc\u00ea goste; Pegue a letra inicial de cada palavra da frase escolhida; Coloque uma ou duas letras em mai\u00fasculas; Substitua uma ou duas letras [&hellip;]<\/p>\n","protected":false},"author":20,"featured_media":0,"parent":0,"menu_order":0,"comment_status":"closed","ping_status":"closed","template":"","meta":{"jetpack_post_was_ever_published":false,"footnotes":"","_links_to":"","_links_to_target":""},"class_list":["post-1078","page","type-page","status-publish","hentry"],"jetpack_sharing_enabled":true,"publishpress_future_workflow_manual_trigger":{"enabledWorkflows":[]},"_links":{"self":[{"href":"https:\/\/wp.ufpel.edu.br\/cti\/wp-json\/wp\/v2\/pages\/1078","targetHints":{"allow":["GET"]}}],"collection":[{"href":"https:\/\/wp.ufpel.edu.br\/cti\/wp-json\/wp\/v2\/pages"}],"about":[{"href":"https:\/\/wp.ufpel.edu.br\/cti\/wp-json\/wp\/v2\/types\/page"}],"author":[{"embeddable":true,"href":"https:\/\/wp.ufpel.edu.br\/cti\/wp-json\/wp\/v2\/users\/20"}],"replies":[{"embeddable":true,"href":"https:\/\/wp.ufpel.edu.br\/cti\/wp-json\/wp\/v2\/comments?post=1078"}],"version-history":[{"count":3,"href":"https:\/\/wp.ufpel.edu.br\/cti\/wp-json\/wp\/v2\/pages\/1078\/revisions"}],"predecessor-version":[{"id":2901,"href":"https:\/\/wp.ufpel.edu.br\/cti\/wp-json\/wp\/v2\/pages\/1078\/revisions\/2901"}],"wp:attachment":[{"href":"https:\/\/wp.ufpel.edu.br\/cti\/wp-json\/wp\/v2\/media?parent=1078"}],"curies":[{"name":"wp","href":"https:\/\/api.w.org\/{rel}","templated":true}]}}