{"id":54,"date":"2018-03-11T14:40:56","date_gmt":"2018-03-11T17:40:56","guid":{"rendered":"https:\/\/wp.ufpel.edu.br\/ctbmf\/?page_id=54"},"modified":"2019-04-02T15:43:18","modified_gmt":"2019-04-02T18:43:18","slug":"residentes","status":"publish","type":"page","link":"https:\/\/wp.ufpel.edu.br\/ctbmf\/residentes\/","title":{"rendered":"3-RESIDENTES"},"content":{"rendered":"<p><span style=\"color: #ff0000\"><strong>RESID\u00caNTES DO TERCEIRO ANO( R3) :<\/strong><\/span><\/p>\n<p><strong>1-MICHELLE ZARDIN FURICH &#8211; Matr\u00edcula 17101428<\/strong><\/p>\n<p><strong>2-GILBERTO LU\u00cdS DA PIEVE J\u00daNIOR &#8211; Matr\u00edcula 17101429\u00a0<\/strong><\/p>\n<p><span style=\"color: #ff0000\"><strong>RESID\u00caNTES DO SEGUNDO ANO( R2):<\/strong><\/span><\/p>\n<p><strong>3- CAMILA GONZATTI &#8211; Matr\u00edcula 18101351\u00a0<\/strong><\/p>\n<p><strong>4- IGOR GUIMAR\u00c3ES &#8211;\u00a0 Matr\u00edcula 18101352\u00a0<\/strong><\/p>\n<p><span style=\"color: #ff0000\"><strong>RESID\u00caNTES DO PRIMEIRO ANO (R1):<\/strong><\/span><\/p>\n<p><strong>5-BH\u00c1RBARA MARINHO BARCELLOS &#8211;\u00a0 Matr\u00edcula 19100007<\/strong><\/p>\n<p><strong>6-LAURA MARINA DEMENECH &#8211;\u00a0 Matr\u00edcula 0419100008\u00a0<\/strong><\/p>\n","protected":false},"excerpt":{"rendered":"<p>RESID\u00caNTES DO TERCEIRO ANO( R3) : 1-MICHELLE ZARDIN FURICH &#8211; Matr\u00edcula 17101428 2-GILBERTO LU\u00cdS DA PIEVE J\u00daNIOR &#8211; Matr\u00edcula 17101429\u00a0 RESID\u00caNTES DO SEGUNDO ANO( R2): 3- CAMILA GONZATTI &#8211; Matr\u00edcula 18101351\u00a0 4- IGOR GUIMAR\u00c3ES &#8211;\u00a0 Matr\u00edcula 18101352\u00a0 RESID\u00caNTES DO PRIMEIRO ANO (R1): 5-BH\u00c1RBARA MARINHO BARCELLOS &#8211;\u00a0 Matr\u00edcula 19100007 6-LAURA MARINA DEMENECH &#8211;\u00a0 Matr\u00edcula 0419100008\u00a0<\/p>\n","protected":false},"author":101,"featured_media":0,"parent":0,"menu_order":0,"comment_status":"closed","ping_status":"closed","template":"","meta":{"footnotes":""},"class_list":["post-54","page","type-page","status-publish","hentry"],"_links":{"self":[{"href":"https:\/\/wp.ufpel.edu.br\/ctbmf\/wp-json\/wp\/v2\/pages\/54","targetHints":{"allow":["GET"]}}],"collection":[{"href":"https:\/\/wp.ufpel.edu.br\/ctbmf\/wp-json\/wp\/v2\/pages"}],"about":[{"href":"https:\/\/wp.ufpel.edu.br\/ctbmf\/wp-json\/wp\/v2\/types\/page"}],"author":[{"embeddable":true,"href":"https:\/\/wp.ufpel.edu.br\/ctbmf\/wp-json\/wp\/v2\/users\/101"}],"replies":[{"embeddable":true,"href":"https:\/\/wp.ufpel.edu.br\/ctbmf\/wp-json\/wp\/v2\/comments?post=54"}],"version-history":[{"count":9,"href":"https:\/\/wp.ufpel.edu.br\/ctbmf\/wp-json\/wp\/v2\/pages\/54\/revisions"}],"predecessor-version":[{"id":189,"href":"https:\/\/wp.ufpel.edu.br\/ctbmf\/wp-json\/wp\/v2\/pages\/54\/revisions\/189"}],"wp:attachment":[{"href":"https:\/\/wp.ufpel.edu.br\/ctbmf\/wp-json\/wp\/v2\/media?parent=54"}],"curies":[{"name":"wp","href":"https:\/\/api.w.org\/{rel}","templated":true}]}}