{"id":8,"date":"2013-05-09T16:04:08","date_gmt":"2013-05-09T19:04:08","guid":{"rendered":"https:\/\/wp.ufpel.edu.br\/csttt\/?page_id=8"},"modified":"2014-09-17T18:27:23","modified_gmt":"2014-09-17T21:27:23","slug":"coe","status":"publish","type":"page","link":"https:\/\/wp.ufpel.edu.br\/csttt\/coe\/","title":{"rendered":"Atividades Complementares"},"content":{"rendered":"<p>Consiste em atividades complementares a forma\u00e7\u00e3o regular a serem integralizadas durante o Curso, com carga hor\u00e1ria de no m\u00ednimo\u00a060 horas. As atividades complementares correspondem a cursos e eventos t\u00e9cnico-cient\u00edficos, participa\u00e7\u00e3o em projetos de ensino, pesquisa ou extens\u00e3o. As respectivas atividades e suas cargas hor\u00e1rias integralizam o curr\u00edculo do Curso. A Tabela \u00a0apresenta as possibilidades de c\u00f4mputo\/valida\u00e7\u00e3o das atividades complementares.<\/p>\n<p><strong>Tabela <\/strong>\u00a0\u2013 Carga hor\u00e1ria das Atividades de Forma\u00e7\u00e3o Complementar<\/p>\n<div align=\"center\">\n<table style=\"width: 607px\" border=\"1\" cellspacing=\"0\" cellpadding=\"0\">\n<tbody>\n<tr>\n<td width=\"103\">\n<p align=\"center\"><strong><em>Atividade<\/em><\/strong><\/p>\n<p align=\"center\"><strong><em>Complementar<\/em><\/strong><\/p>\n<\/td>\n<td width=\"59\">\n<p align=\"center\"><strong><em>Carga hor\u00e1ria m\u00e1xima<\/em><\/strong><\/p>\n<\/td>\n<td colspan=\"2\" width=\"217\">\n<p align=\"center\"><strong><em>Atividade desenvolvida<\/em><\/strong><\/p>\n<\/td>\n<td width=\"83\">\n<p align=\"center\"><strong><em>Horas Consideradas<\/em><\/strong><\/p>\n<\/td>\n<td width=\"144\">\n<p align=\"center\"><strong><em>Crit\u00e9rios\/local\/tempo<\/em><\/strong><\/p>\n<\/td>\n<\/tr>\n<tr>\n<td rowspan=\"8\" width=\"103\">1. Participa\u00e7\u00e3o em Eventos<\/td>\n<td rowspan=\"8\" width=\"59\">\n<p align=\"center\">30<\/p>\n<\/td>\n<td rowspan=\"8\" width=\"132\">Participa\u00e7\u00e3o em semin\u00e1rios, semanas acad\u00eamicas, congressos (Inicia\u00e7\u00e3o Cient\u00edfica ou n\u00e3o) e simp\u00f3sios.<\/td>\n<td rowspan=\"4\" width=\"85\">\n<p align=\"center\">ouvinte<\/p>\n<\/td>\n<td width=\"83\">\n<p align=\"center\">3<\/p>\n<\/td>\n<td width=\"144\">\n<p align=\"center\">Evento local<\/p>\n<\/td>\n<\/tr>\n<tr>\n<td width=\"83\">\n<p align=\"center\">3<\/p>\n<\/td>\n<td width=\"144\">\n<p align=\"center\">Evento regional<\/p>\n<\/td>\n<\/tr>\n<tr>\n<td width=\"83\">\n<p align=\"center\">4<\/p>\n<\/td>\n<td width=\"144\">\n<p align=\"center\">Evento nacional<\/p>\n<\/td>\n<\/tr>\n<tr>\n<td width=\"83\">\n<p align=\"center\">5<\/p>\n<\/td>\n<td width=\"144\">\n<p align=\"center\">Evento internacional<\/p>\n<\/td>\n<\/tr>\n<tr>\n<td rowspan=\"4\" width=\"85\">\n<p align=\"center\">apresentador<\/p>\n<\/td>\n<td width=\"83\">\n<p align=\"center\">5<\/p>\n<\/td>\n<td width=\"144\">\n<p align=\"center\">Evento local<\/p>\n<\/td>\n<\/tr>\n<tr>\n<td width=\"83\">\n<p align=\"center\">5<\/p>\n<\/td>\n<td width=\"144\">\n<p align=\"center\">Evento regional<\/p>\n<\/td>\n<\/tr>\n<tr>\n<td width=\"83\">\n<p align=\"center\">6<\/p>\n<\/td>\n<td width=\"144\">\n<p align=\"center\">Evento nacional<\/p>\n<\/td>\n<\/tr>\n<tr>\n<td width=\"83\">\n<p align=\"center\">10<\/p>\n<\/td>\n<td width=\"144\">\n<p align=\"center\">Evento internacional<\/p>\n<\/td>\n<\/tr>\n<tr>\n<td rowspan=\"2\" width=\"103\">2. Atividades de Extens\u00e3o<\/td>\n<td rowspan=\"2\" width=\"59\">\n<p align=\"center\">20<\/p>\n<\/td>\n<td colspan=\"2\" width=\"217\">Participa\u00e7\u00e3o em projetos de extens\u00e3o<\/td>\n<td width=\"83\">\n<p align=\"center\">15<\/p>\n<\/td>\n<td width=\"144\">\n<p align=\"center\">Por semestre<\/p>\n<\/td>\n<\/tr>\n<tr>\n<td colspan=\"2\" width=\"217\">Organiza\u00e7\u00e3o de eventos<\/td>\n<td width=\"83\">\n<p align=\"center\">10<\/p>\n<\/td>\n<td width=\"144\">\n<p align=\"center\">Por evento<\/p>\n<\/td>\n<\/tr>\n<tr>\n<td width=\"103\">3. Atividades de Pesquisa<\/td>\n<td width=\"59\">\n<p align=\"center\">20<\/p>\n<\/td>\n<td colspan=\"2\" width=\"217\">Inicia\u00e7\u00e3o Cient\u00edfica \u2013 participa\u00e7\u00e3o em projetos de pesquisa (bolsista ou n\u00e3o)<\/td>\n<td width=\"83\">\n<p align=\"center\">15<\/p>\n<\/td>\n<td width=\"144\">\n<p align=\"center\">Por semestre<\/p>\n<\/td>\n<\/tr>\n<tr>\n<td rowspan=\"2\" width=\"103\">4. Atividades de Ensino<\/td>\n<td rowspan=\"2\" width=\"59\">\n<p align=\"center\">20<\/p>\n<\/td>\n<td colspan=\"2\" width=\"217\">Monitoria volunt\u00e1ria ou subsidiada<\/td>\n<td width=\"83\">\n<p align=\"center\">15<\/p>\n<\/td>\n<td width=\"144\">\n<p align=\"center\">Por semestre<\/p>\n<\/td>\n<\/tr>\n<tr>\n<td colspan=\"2\" width=\"217\">Participa\u00e7\u00e3o em projetos de ensino<\/td>\n<td width=\"83\">\n<p align=\"center\">15<\/p>\n<\/td>\n<td width=\"144\">\n<p align=\"center\">Por semestre<\/p>\n<\/td>\n<\/tr>\n<tr>\n<td rowspan=\"4\" width=\"103\">5. Publica\u00e7\u00f5es<\/td>\n<td rowspan=\"4\" width=\"59\">\n<p align=\"center\">30<\/p>\n<\/td>\n<td colspan=\"2\" rowspan=\"4\" width=\"217\"><\/td>\n<td width=\"83\">\n<p align=\"center\">25<\/p>\n<\/td>\n<td width=\"144\">\n<p align=\"center\">Peri\u00f3dicos indexados pela CAPES<\/p>\n<\/td>\n<\/tr>\n<tr>\n<td width=\"83\">\n<p align=\"center\">20<\/p>\n<\/td>\n<td width=\"144\">\n<p align=\"center\">Peri\u00f3dicos n\u00e3o-indexados pela CAPES<\/p>\n<\/td>\n<\/tr>\n<tr>\n<td width=\"83\">\n<p align=\"center\">15<\/p>\n<\/td>\n<td width=\"144\">\n<p align=\"center\">Trabalhos completos em Anais de congresso<\/p>\n<\/td>\n<\/tr>\n<tr>\n<td width=\"83\">\n<p align=\"center\">5<\/p>\n<\/td>\n<td width=\"144\">\n<p align=\"center\">Resumos em Anais de congresso<\/p>\n<\/td>\n<\/tr>\n<tr>\n<td width=\"103\">6. Participa\u00e7\u00e3o em \u00f3rg\u00e3os colegiados<\/td>\n<td width=\"59\">\n<p align=\"center\">15<\/p>\n<\/td>\n<td colspan=\"2\" width=\"217\"><\/td>\n<td width=\"83\">\n<p align=\"center\">5<\/p>\n<\/td>\n<td width=\"144\">\n<p align=\"center\">Por semestre<\/p>\n<\/td>\n<\/tr>\n<tr>\n<td width=\"103\">7. Atua\u00e7\u00e3o em Programas e N\u00facleos Tem\u00e1ticos<\/td>\n<td width=\"59\">\n<p align=\"center\">30<\/p>\n<\/td>\n<td colspan=\"2\" width=\"217\">Programa PET, Empresa Junior, Grupo de Estudos, outros<\/td>\n<td width=\"83\">\n<p align=\"center\">10<\/p>\n<\/td>\n<td width=\"144\">\n<p align=\"center\">Por semestre<\/p>\n<\/td>\n<\/tr>\n<tr>\n<td rowspan=\"8\" width=\"103\">8. Outras Atividades<\/td>\n<td rowspan=\"8\" width=\"59\">\n<p align=\"center\">30<\/p>\n<\/td>\n<td colspan=\"2\" rowspan=\"4\" width=\"217\">Visitas t\u00e9cnicas institucionais (exceto aulas pr\u00e1ticas de disciplinas de gradua\u00e7\u00e3o)<\/td>\n<td width=\"83\">\n<p align=\"center\">2<\/p>\n<\/td>\n<td width=\"144\">\n<p align=\"center\">No munic\u00edpio, por visita<\/p>\n<\/td>\n<\/tr>\n<tr>\n<td width=\"83\">\n<p align=\"center\">3<\/p>\n<\/td>\n<td width=\"144\">\n<p align=\"center\">Na regi\u00e3o (raio de at\u00e9250 km), por visita<\/p>\n<\/td>\n<\/tr>\n<tr>\n<td width=\"83\">\n<p align=\"center\">4<\/p>\n<\/td>\n<td width=\"144\">\n<p align=\"center\">No Estado (raio maior de250 km), por visita<\/p>\n<\/td>\n<\/tr>\n<tr>\n<td width=\"83\">\n<p align=\"center\">5<\/p>\n<\/td>\n<td width=\"144\">\n<p align=\"center\">Fora do estado, por visita.<\/p>\n<\/td>\n<\/tr>\n<tr>\n<td colspan=\"2\" width=\"217\">Palestras fora de eventos<\/td>\n<td width=\"83\">\n<p align=\"center\">1<\/p>\n<\/td>\n<td width=\"144\">\n<p align=\"center\">Por palestra<\/p>\n<\/td>\n<\/tr>\n<tr>\n<td colspan=\"2\" width=\"217\">Desenvolvimento de Prot\u00f3tipos<\/td>\n<td width=\"83\">\n<p align=\"center\">15<\/p>\n<\/td>\n<td width=\"144\">\n<p align=\"center\">Por prot\u00f3tipo<\/p>\n<\/td>\n<\/tr>\n<tr>\n<td colspan=\"2\" width=\"217\">Aprova\u00e7\u00e3o em exame de sufici\u00eancia ou profici\u00eancia em idioma estrangeiro<\/td>\n<td width=\"83\">\n<p align=\"center\">15<\/p>\n<\/td>\n<td width=\"144\">\n<p align=\"center\">Por idioma<\/p>\n<\/td>\n<\/tr>\n<tr>\n<td colspan=\"2\" width=\"217\">Distin\u00e7\u00f5es e m\u00e9ritos acad\u00eamicos<\/td>\n<td width=\"83\">\n<p align=\"center\">10<\/p>\n<\/td>\n<td width=\"144\">\n<p align=\"center\">Por distin\u00e7\u00e3o ou m\u00e9rito<\/p>\n<\/td>\n<\/tr>\n<\/tbody>\n<\/table>\n<\/div>\n<div align=\"center\">\n<p style=\"text-align: left\">As cargas hor\u00e1rias das atividades complementares dever\u00e3o ser validadas junto ao Colegiado do Curso. A comprova\u00e7\u00e3o e o c\u00f4mputo das mesmas poder\u00e3o ser efetivados a partir do segundo semestre do curso, uma vez que os acad\u00eamicos ter\u00e3o do primeiro ao \u00faltimo semestre para integraliza\u00e7\u00e3o da carga hor\u00e1ria complementar.Quanto \u00e0s possibilidades de c\u00f4mputo de atividades complementares, o colegiado do curso poder\u00e1 ampliar o leque de op\u00e7\u00f5es sempre que julgar poss\u00edvel e necess\u00e1rio.<\/p>\n<p style=\"text-align: left\">Formul\u00e1rio de preenchimento das atividades complementares (baixar):<\/p>\n<p style=\"text-align: left\"><a href=\"https:\/\/wp.ufpel.edu.br\/csttt\/files\/2013\/05\/Formul\u00e1rio_Entrega-de-comprovantes-das-AC.xlsx\">Formul\u00e1rio<\/a><\/p>\n<p style=\"text-align: left\">\n<\/div>\n","protected":false},"excerpt":{"rendered":"<p>Consiste em atividades complementares a forma\u00e7\u00e3o regular a serem integralizadas durante o Curso, com carga hor\u00e1ria de no m\u00ednimo\u00a060 horas. As atividades complementares correspondem a cursos e eventos t\u00e9cnico-cient\u00edficos, participa\u00e7\u00e3o em projetos de ensino, pesquisa ou extens\u00e3o. As respectivas atividades &hellip; <a href=\"https:\/\/wp.ufpel.edu.br\/csttt\/coe\/\">Continue lendo <span class=\"meta-nav\">&rarr;<\/span><\/a><\/p>\n","protected":false},"author":259,"featured_media":0,"parent":0,"menu_order":0,"comment_status":"closed","ping_status":"closed","template":"","meta":{"footnotes":""},"class_list":["post-8","page","type-page","status-publish","hentry"],"jetpack_sharing_enabled":true,"_links":{"self":[{"href":"https:\/\/wp.ufpel.edu.br\/csttt\/wp-json\/wp\/v2\/pages\/8","targetHints":{"allow":["GET"]}}],"collection":[{"href":"https:\/\/wp.ufpel.edu.br\/csttt\/wp-json\/wp\/v2\/pages"}],"about":[{"href":"https:\/\/wp.ufpel.edu.br\/csttt\/wp-json\/wp\/v2\/types\/page"}],"author":[{"embeddable":true,"href":"https:\/\/wp.ufpel.edu.br\/csttt\/wp-json\/wp\/v2\/users\/259"}],"replies":[{"embeddable":true,"href":"https:\/\/wp.ufpel.edu.br\/csttt\/wp-json\/wp\/v2\/comments?post=8"}],"version-history":[{"count":7,"href":"https:\/\/wp.ufpel.edu.br\/csttt\/wp-json\/wp\/v2\/pages\/8\/revisions"}],"predecessor-version":[{"id":484,"href":"https:\/\/wp.ufpel.edu.br\/csttt\/wp-json\/wp\/v2\/pages\/8\/revisions\/484"}],"wp:attachment":[{"href":"https:\/\/wp.ufpel.edu.br\/csttt\/wp-json\/wp\/v2\/media?parent=8"}],"curies":[{"name":"wp","href":"https:\/\/api.w.org\/{rel}","templated":true}]}}