{"id":7,"date":"2013-05-09T16:30:07","date_gmt":"2013-05-09T19:30:07","guid":{"rendered":"https:\/\/wp.ufpel.edu.br\/csttt\/?page_id=7"},"modified":"2017-04-26T22:35:01","modified_gmt":"2017-04-27T01:35:01","slug":"comissao-orientadora-de-estagio-coe","status":"publish","type":"page","link":"https:\/\/wp.ufpel.edu.br\/csttt\/comissao-orientadora-de-estagio-coe\/","title":{"rendered":"Comiss\u00e3o Orientadora de Est\u00e1gio (COE)"},"content":{"rendered":"<p>Est\u00e1gio \u00e9 o ato educativo escolar supervisionado, desenvolvido no ambiente de trabalho e que visa \u00e0 prepara\u00e7\u00e3o para o trabalho produtivo de graduandos que estejam aptos e frequentando o ensino regular na UFPel. O est\u00e1gio curricular faz parte do projeto pedag\u00f3gico do curso e integra o itiner\u00e1rio formativo do graduando. O est\u00e1gio visa ao aprendizado de compet\u00eancias pr\u00f3prias da atividade profissional e \u00e0 contextualiza\u00e7\u00e3o curricular, objetivando o desenvolvimento do aluno para a vida cidad\u00e3 e para o trabalho.<\/p>\n<p>Os est\u00e1gios dever\u00e3o estar de acordo com a resolu\u00e7\u00e3o N\u00ba 04 de 08 de junho de 2009 que disp\u00f5e sobre a realiza\u00e7\u00e3o dos Est\u00e1gios Obrigat\u00f3rios e N\u00e3o Obrigat\u00f3rios por alunos da Universidade Federal de Pelotas. A Resolu\u00e7\u00e3o n\u00ba 04 de 08 de junho de 2009 \u00e9 amparado pela Lei 11.788 de 25 de setembro de 2008, e pela Orienta\u00e7\u00e3o Normativa n\u00ba 7, de 30 de outubro de 2008, do Minist\u00e9rio do Planejamento, Or\u00e7amento e Gest\u00e3o.<\/p>\n<p>As atividades de est\u00e1gio somente ser\u00e3o v\u00e1lidas quando precedidas da celebra\u00e7\u00e3o de um Termo de Compromisso entre o educando, a parte concedente do est\u00e1gio e o Coordenador do Colegiado do Curso de Tecnologia em Transporte Terrestre ou do professor Coordenador do Programa de Est\u00e1gios Profissionalizantes, nomeado pelo Colegiado do referido curso que foi consolidado atrav\u00e9s da Portaria n\u00ba 1.337, de 08 de setembro de 2011. O termo de compromisso entre as partes dever\u00e1 ser celebrado obedecendo, rigorosamente, o cumprimento das normas estabelecidas pelo regulamento de est\u00e1gios proposto pela institui\u00e7\u00e3o concedente. No termo de compromisso deve constar a carga hor\u00e1ria di\u00e1ria \u2013 que n\u00e3o pode ser superior a 06 (seis) horas \u2013 e a carga hor\u00e1ria semanal, n\u00e3o superior a 30 (trinta) horas, al\u00e9m das demais condi\u00e7\u00f5es regulamentares propostos pela institui\u00e7\u00e3o concedente.<\/p>\n<p>As atividades do estagi\u00e1rio ser\u00e3o acompanhadas por um professor orientador (Coordenador do Programa de Est\u00e1gios Profissionalizantes) nomeado pelo Colegiado do Curso de Tecnologia em Transporte Terrestre e por um supervisor designado pela organiza\u00e7\u00e3o concedente do est\u00e1gio.\u00a0 O supervisor no local de est\u00e1gio dever\u00e1 ser um profissional de n\u00edvel superior, ligado \u00e0 \u00e1rea do curso ou, na aus\u00eancia deste, o respons\u00e1vel pelo setor onde o estagi\u00e1rio desempenhar\u00e1 suas atividades, ou outro profissional que se disponha a supervisionar e orientar as atividades do estudante, conforme a Carta de Compromisso do Supervisor no Local de Est\u00e1gio.<\/p>\n<p>Conforme determina\u00e7\u00e3o das diretrizes curriculares do projeto pedag\u00f3gico do curso, o est\u00e1gio poder\u00e1 ser de car\u00e1ter\u00a0<strong>obrigat\u00f3rio ou n\u00e3o obrigat\u00f3rio<\/strong>.<\/p>\n<p style=\"text-align: center\"><em><strong>Est\u00e1gio Curricular Obrigat\u00f3rio<\/strong><\/em><\/p>\n<p>\u00a0O est\u00e1gio curricular orientado ser\u00e1 realizado a partir do segundo semestre do curso, com carga hor\u00e1ria m\u00ednima de 200 (duzentas) horas, em conformidade com a Lei N<span style=\"text-decoration: underline\"><sup>o<\/sup><\/span> 11.788, de 25 de setembro de 2008.<\/p>\n<p>O est\u00e1gio como ato educativo escolar supervisionado, dever\u00e1 ter acompanhamento efetivo pelo professor orientador da institui\u00e7\u00e3o de ensino (Coordenador do Programa de Est\u00e1gios Profissionalizante) e por um supervisor da parte concedente do est\u00e1gio, que comprovar\u00e1 a atua\u00e7\u00e3o do estagi\u00e1rio e enviar\u00e1 sua avalia\u00e7\u00e3o para a institui\u00e7\u00e3o de ensino. O aluno ser\u00e1 avaliado pelo professor orientador por meio de: relat\u00f3rios, entrevistas, podendo tamb\u00e9m realizar visitas \u201cin loco\u201d.<\/p>\n<p>Os alunos poder\u00e3o desenvolver o Est\u00e1gio Curricular na pr\u00f3pria Universidade, ou fora dela (\u00f3rg\u00e3os p\u00fablicos ou da iniciativa privada), em locais que possibilitem atender os objetivos do est\u00e1gio supervisionado, sempre sob a supervis\u00e3o de um respons\u00e1vel t\u00e9cnico vinculado ao local onde o est\u00e1gio est\u00e1 sendo realizado.<\/p>\n<p>Algumas das fun\u00e7\u00f5es a serem desempenhadas pelo professor supervisor ou professor orientador, s\u00e3o as seguintes:<\/p>\n<p>&#8211; discutir com o aluno os objetivos do est\u00e1gio curricular obrigat\u00f3rio;<\/p>\n<p>&#8211; esclarecer a forma de avalia\u00e7\u00e3o e as metodologias a serem empregadas;<\/p>\n<p>&#8211; elaborar, em conjunto com o acad\u00eamico, o programa de aprendizado profissional e o plano de atividades;<\/p>\n<p>&#8211; acompanhar continuamente o desenvolvimento do trabalho e a evolu\u00e7\u00e3o do cronograma proposto;<\/p>\n<p>&#8211; orientar o aluno na reda\u00e7\u00e3o do relat\u00f3rio final.<\/p>\n<p>Baixe aqui o manual de est\u00e1gio da UFPel:<\/p>\n<ul>\n<li><span style=\"font-size: 13px;line-height: 18px\">\u00a0<\/span><a href=\"https:\/\/wp.ufpel.edu.br\/csttt\/files\/2013\/05\/Manual-de-Estagio_na_ufpel1.pdf\">Manual de Estagio<\/a><\/li>\n<\/ul>\n<p style=\"text-align: center\"><em><strong>Est\u00e1gio Curricular N\u00e3o Obrigat\u00f3rio<\/strong><\/em><\/p>\n<p><strong>\u00a0<\/strong>Em conformidade com a RESOLU\u00c7\u00c3O n\u00ba 04 DE 08 DE JUNHO DE 2009, est\u00e1gio n\u00e3o obrigat\u00f3rio \u00e9 aquele desenvolvido como atividade opcional, acrescida \u00e0 carga hor\u00e1ria regular e obrigat\u00f3ria, portanto, n\u00e3o poder\u00e1 ser contabilizado como horas de Atividade Complementar.\u00a0 O est\u00e1gio poder\u00e1 ser realizado em qualquer fase do curso, em conformidade com o que determina a resolu\u00e7\u00e3o, em \u00e1reas que s\u00e3o pertinentes e regulamentadas como sendo espec\u00edficas de atua\u00e7\u00e3o do profissional com forma\u00e7\u00e3o em Transporte Terrestre<\/p>\n<p><strong>Orienta\u00e7\u00f5es para o est\u00e1gio obrigat\u00f3rio<\/strong><\/p>\n<div>1) Para que se concretize o\u00a0est\u00e1gio obrigat\u00f3rio,\u00a0o aluno deve se matricular na disciplina de\u00a0est\u00e1gio supervisionado.<\/div>\n<div>2) Deve estabelecer contato pr\u00e9vio com o campo de est\u00e1gio (empresa) escolhido pelo estudante e iniciar conversa\u00e7\u00f5es para definir possibilidades de atividades que estejam relacionadas com as linhas de ensino do CSTTT.<\/div>\n<div>3) Fazer contato com o professor orientador escolhido e definir detalhes do <b>plano de est\u00e1gio<\/b> em conjunto (orientador\/aluno\/supervisor).<\/div>\n<div>4) Imprimir 3 vias do <strong>plano de est\u00e1gio<\/strong> devidamente preenchido, coletar assinatura das partes respons\u00e1veis e\u00a0entregar na sede do CSTTT com no m\u00ednimo 10 dias de anteced\u00eancia com rela\u00e7\u00e3o a data pretendida para in\u00edcio do est\u00e1gio. Importante lembrar que a data de in\u00edcio e fim do est\u00e1gio dever\u00e1 estar contida no semestre letivo. Feriados municipais, estaduais e federais n\u00e3o podem ser contabilizados dentro da carga hor\u00e1ria do est\u00e1gio.<\/div>\n<div>5) Ap\u00f3s o plano ser aprovado pela Comiss\u00e3o Orientadora de\u00a0Est\u00e1gio\u00a0(COE), ser\u00e1 celebrado o <strong>contrato de\u00a0est\u00e1gio<\/strong> ou \u00a0termo de compromisso, entre as 3 partes: UFPel, empresa e aluno estagi\u00e1rio, ficando cada parte com uma via original do acordo. <b>O aluno s\u00f3 poder\u00e1 come\u00e7ar seu est\u00e1gio ap\u00f3s celebrado o\u00a0<strong>contrato de\u00a0est\u00e1gio<\/strong>.<\/b><\/div>\n<div>6) Sempre manter contato por email com a COE para receber informa\u00e7\u00f5es a respeito do\u00a0<b>termo de refer\u00eancia<\/b>.<\/div>\n<div>7) Ap\u00f3s cumprir a carga hor\u00e1ria de est\u00e1gio, o aluno dever\u00e1 entregar o<em><b> relat\u00f3rio de est\u00e1gio<\/b><\/em> impresso e assinado em 3 vias antes do \u00faltimo dia letivo. \u00c9 requisito b\u00e1sico para a aprova\u00e7\u00e3o no est\u00e1gio.<\/div>\n<div><\/div>\n<div><\/div>\n<div>\n<div><strong>Seguro Obrigat\u00f3rio:<\/strong><\/div>\n<div><strong>\u00a0<\/strong><\/div>\n<div><\/div>\n<div>O cadastro do seguro obrigat\u00f3rio ser\u00e1 realizado atrav\u00e9s do sistema acad\u00eamico Cobalto\u00a0<strong>at\u00e9 o\u00a0dia 13\u00a0do m\u00eas anterior ao m\u00eas de\u00a0<\/strong><strong>in\u00edcio do est\u00e1gio obrigat\u00f3rio. <\/strong>O aluno dever\u00e1 enviar um email para a profa. Let\u00edcia Dexheimer (<a href=\"leticiadex@yahoo.com.br\" target=\"_blank\" rel=\"noopener noreferrer\">leticiadex@yahoo.com.br<\/a>), coordenadora da comiss\u00e3o de est\u00e1gios, solicitando inclus\u00e3o no cadastro de seguros enviando o nome completo, data de nascimento, n\u00ba de identidade e n\u00ba de cpf. <b>Se ap\u00f3s se cadastrar, o aluno resolver n\u00e3o mais estagiar, dever\u00e1 enviar um email pelo endere\u00e7o acima solicitando descadastramento o mais r\u00e1pido poss\u00edvel para evitar custos para a Universidade.<\/b><\/div>\n<div><\/div>\n<div><\/div>\n<div>\u00c9 importante lembrar que a cobertura \u00e9\u00a0<strong>restrita apenas aos acad\u00eamicos em est\u00e1gio obrigat\u00f3rio.<\/strong><\/div>\n<\/div>\n<div>\n<div>\n<div><\/div>\n<div>Documentos importantes:<\/div>\n<\/div>\n<\/div>\n<div><\/div>\n<ul>\n<li><a href=\"https:\/\/wp.ufpel.edu.br\/csttt\/files\/2013\/05\/Plano-de-Estagio_UFPel_n\u00e3o-obrigat\u00f3rio1.rtf\">Plano-de-Estagio_UFPel_n\u00e3o obrigat\u00f3rio<\/a><\/li>\n<li><a href=\"https:\/\/wp.ufpel.edu.br\/csttt\/files\/2013\/05\/Plano-de-Estagio_Obrigatorio_UFPel.rtf\">Plano-de-Estagio_Obrigatorio_UFPel<\/a><\/li>\n<li><a href=\"https:\/\/wp.ufpel.edu.br\/csttt\/files\/2013\/05\/Relatorio-de-estagio.doc\">Relatorio de estagio<\/a><\/li>\n<\/ul>\n<p style=\"text-align: center\">\n","protected":false},"excerpt":{"rendered":"<p>Est\u00e1gio \u00e9 o ato educativo escolar supervisionado, desenvolvido no ambiente de trabalho e que visa \u00e0 prepara\u00e7\u00e3o para o trabalho produtivo de graduandos que estejam aptos e frequentando o ensino regular na UFPel. O est\u00e1gio curricular faz parte do projeto &hellip; <a href=\"https:\/\/wp.ufpel.edu.br\/csttt\/comissao-orientadora-de-estagio-coe\/\">Continue lendo <span class=\"meta-nav\">&rarr;<\/span><\/a><\/p>\n","protected":false},"author":259,"featured_media":0,"parent":0,"menu_order":0,"comment_status":"closed","ping_status":"closed","template":"","meta":{"footnotes":""},"class_list":["post-7","page","type-page","status-publish","hentry"],"jetpack_sharing_enabled":true,"_links":{"self":[{"href":"https:\/\/wp.ufpel.edu.br\/csttt\/wp-json\/wp\/v2\/pages\/7","targetHints":{"allow":["GET"]}}],"collection":[{"href":"https:\/\/wp.ufpel.edu.br\/csttt\/wp-json\/wp\/v2\/pages"}],"about":[{"href":"https:\/\/wp.ufpel.edu.br\/csttt\/wp-json\/wp\/v2\/types\/page"}],"author":[{"embeddable":true,"href":"https:\/\/wp.ufpel.edu.br\/csttt\/wp-json\/wp\/v2\/users\/259"}],"replies":[{"embeddable":true,"href":"https:\/\/wp.ufpel.edu.br\/csttt\/wp-json\/wp\/v2\/comments?post=7"}],"version-history":[{"count":18,"href":"https:\/\/wp.ufpel.edu.br\/csttt\/wp-json\/wp\/v2\/pages\/7\/revisions"}],"predecessor-version":[{"id":1393,"href":"https:\/\/wp.ufpel.edu.br\/csttt\/wp-json\/wp\/v2\/pages\/7\/revisions\/1393"}],"wp:attachment":[{"href":"https:\/\/wp.ufpel.edu.br\/csttt\/wp-json\/wp\/v2\/media?parent=7"}],"curies":[{"name":"wp","href":"https:\/\/api.w.org\/{rel}","templated":true}]}}