{"id":692,"date":"2015-10-22T16:17:43","date_gmt":"2015-10-22T18:17:43","guid":{"rendered":"https:\/\/wp.ufpel.edu.br\/csttt\/?page_id=692"},"modified":"2015-10-27T16:10:09","modified_gmt":"2015-10-27T18:10:09","slug":"acervo-livros","status":"publish","type":"page","link":"https:\/\/wp.ufpel.edu.br\/csttt\/acervo-livros\/","title":{"rendered":"Acervo de livros"},"content":{"rendered":"<p>O acervo de livros e peri\u00f3dicos do CSTTT- UFPEL est\u00e1 dispon\u00edvel para consulta local e empr\u00e9stimo a todos os alunos regularmente matriculados na UFPEL.<\/p>\n<p>A consulta e empr\u00e9stimo funcionam no mesmo per\u00edodo das aulas e durante as tardes de segunda a sexta feira, bastando dirigir-se a sala da secretaria do curso e solicitar o acesso e orienta\u00e7\u00f5es ao professor que estiver\u00a0 em atendimento aos alunos.<\/p>\n<p>O sistema de empr\u00e9stimo segue as mesmas regras do sistema de bibliotecas da UFPEL, por\u00e9m o registro das opera\u00e7\u00f5es deve ser feito em planilha pr\u00f3pria dispon\u00edvel junto ao acervo.<\/p>\n<p>As regras encontram-se dispon\u00edveis para download neste link:<\/p>\n<p><a href=\"https:\/\/wp.ufpel.edu.br\/sisbi\/files\/2013\/12\/Guia-das-Bibliotecas-2014.pdf\">https:\/\/wp.ufpel.edu.br\/sisbi\/files\/2013\/12\/Guia-das-Bibliotecas-2014.pdf<\/a><\/p>\n<p>Os t\u00edtulos dispon\u00edveis est\u00e3o listados na planilha dispon\u00edvel neste link:\u00a0<a href=\"https:\/\/wp.ufpel.edu.br\/csttt\/files\/2015\/10\/ACERVO-BIBLIOTECA-CSTTT.docx\">ACERVO BIBLIOTECA CSTTT<\/a><\/p>\n<p>Aguardamos sua consulta e boa leitura!<\/p>\n","protected":false},"excerpt":{"rendered":"<p>O acervo de livros e peri\u00f3dicos do CSTTT- UFPEL est\u00e1 dispon\u00edvel para consulta local e empr\u00e9stimo a todos os alunos regularmente matriculados na UFPEL. A consulta e empr\u00e9stimo funcionam no mesmo per\u00edodo das aulas e durante as tardes de segunda &hellip; <a href=\"https:\/\/wp.ufpel.edu.br\/csttt\/acervo-livros\/\">Continue lendo <span class=\"meta-nav\">&rarr;<\/span><\/a><\/p>\n","protected":false},"author":259,"featured_media":0,"parent":0,"menu_order":0,"comment_status":"closed","ping_status":"closed","template":"","meta":{"footnotes":""},"class_list":["post-692","page","type-page","status-publish","hentry"],"jetpack_sharing_enabled":true,"_links":{"self":[{"href":"https:\/\/wp.ufpel.edu.br\/csttt\/wp-json\/wp\/v2\/pages\/692","targetHints":{"allow":["GET"]}}],"collection":[{"href":"https:\/\/wp.ufpel.edu.br\/csttt\/wp-json\/wp\/v2\/pages"}],"about":[{"href":"https:\/\/wp.ufpel.edu.br\/csttt\/wp-json\/wp\/v2\/types\/page"}],"author":[{"embeddable":true,"href":"https:\/\/wp.ufpel.edu.br\/csttt\/wp-json\/wp\/v2\/users\/259"}],"replies":[{"embeddable":true,"href":"https:\/\/wp.ufpel.edu.br\/csttt\/wp-json\/wp\/v2\/comments?post=692"}],"version-history":[{"count":5,"href":"https:\/\/wp.ufpel.edu.br\/csttt\/wp-json\/wp\/v2\/pages\/692\/revisions"}],"predecessor-version":[{"id":722,"href":"https:\/\/wp.ufpel.edu.br\/csttt\/wp-json\/wp\/v2\/pages\/692\/revisions\/722"}],"wp:attachment":[{"href":"https:\/\/wp.ufpel.edu.br\/csttt\/wp-json\/wp\/v2\/media?parent=692"}],"curies":[{"name":"wp","href":"https:\/\/api.w.org\/{rel}","templated":true}]}}