{"id":475,"date":"2014-09-17T17:01:27","date_gmt":"2014-09-17T20:01:27","guid":{"rendered":"https:\/\/wp.ufpel.edu.br\/csttt\/?page_id=475"},"modified":"2021-09-30T18:27:34","modified_gmt":"2021-09-30T21:27:34","slug":"egressos","status":"publish","type":"page","link":"https:\/\/wp.ufpel.edu.br\/csttt\/egressos\/","title":{"rendered":"Egressos"},"content":{"rendered":"<p>Prezado ex-aluno,<\/p>\n<p><span style=\"color: #000000\">Gostar\u00edamos de saber como anda a sua vida profissional depois da conclus\u00e3o do CSTTT\/UFPel. Para que possamos construir um banco de dados atualizado, continuar nos comunicando e oferecer uma forma\u00e7\u00e3o continuada, \u00e9 importante o preenchimento deste formul\u00e1rio em anexo. Ap\u00f3s concluir, favor envie o mesmo para <strong>\u00a0<a style=\"color: #1772af\" href=\"mailto:secretaria.csttt@gmail.com\" target=\"_blank\" rel=\"noopener\">secretaria.csttt@gmail.com<\/a><\/strong><\/span><\/p>\n<p>Formul\u00e1rio (baixar):<\/p>\n<p><a href=\"https:\/\/wp.ufpel.edu.br\/csttt\/files\/2014\/09\/formulario_de_acompanhamento_de_egressos1.xls\">Egressos<\/a><\/p>\n<p style=\"text-align: center\"><b>Agradecemos a sua colabora\u00e7\u00e3o!<\/b><\/p>\n<p>&nbsp;<\/p>\n<p>Lista de alunos egressos:<\/p>\n<p><a href=\"https:\/\/institucional.ufpel.edu.br\/cursos\/cod\/7500#egressos\">https:\/\/institucional.ufpel.edu.br\/cursos\/cod\/7500#egressos<\/a><\/p>\n<table id=\"DataTables_Table_1\" class=\"tabela-dados tabela-listagem-egresso cor-borda dataTable no-footer\" role=\"grid\" aria-describedby=\"DataTables_Table_1_info\">\n<thead>\n<tr class=\"cor-fundo\" role=\"row\">\n<th class=\"sorting_asc\" colspan=\"1\" rowspan=\"1\" aria-label=\"Nome: Ordenar colunas de forma ascendente\">Nome<\/th>\n<th class=\"sorting_desc\" colspan=\"1\" rowspan=\"1\" aria-label=\"Ano de ingresso: Ordenar colunas de forma ascendente\">Ano de ingresso<\/th>\n<th class=\"sorting_desc\" colspan=\"1\" rowspan=\"1\" aria-label=\"Ano de conclus\u00e3o: Ordenar colunas de forma ascendente\">Ano de conclus\u00e3o<\/th>\n<\/tr>\n<\/thead>\n<tbody>\n<tr class=\"odd\" role=\"row\">\n<td class=\"sorting_3\">ALESSANDRO BORBA DA SILVA<\/td>\n<td class=\"sorting_2\">2016<\/td>\n<td class=\"sorting_1\">2020<\/td>\n<\/tr>\n<tr class=\"even\" role=\"row\">\n<td class=\"sorting_3\">EVERALDO ANT\u00d4NIO GOI<\/td>\n<td class=\"sorting_2\">2016<\/td>\n<td class=\"sorting_1\">2020<\/td>\n<\/tr>\n<tr class=\"odd\" role=\"row\">\n<td class=\"sorting_3\">ALEXSANDRO DE MEDEIROS FAGUNDES<\/td>\n<td class=\"sorting_2\">2017<\/td>\n<td class=\"sorting_1\">2019<\/td>\n<\/tr>\n<tr class=\"even\" role=\"row\">\n<td class=\"sorting_3\">LEONARDO WEBSTER QUINTEIRO<\/td>\n<td class=\"sorting_2\">2016<\/td>\n<td class=\"sorting_1\">2019<\/td>\n<\/tr>\n<tr class=\"odd\" role=\"row\">\n<td class=\"sorting_3\">LUCAS BORGES AGRA<\/td>\n<td class=\"sorting_2\">2015<\/td>\n<td class=\"sorting_1\">2019<\/td>\n<\/tr>\n<tr class=\"even\" role=\"row\">\n<td class=\"sorting_3\">LU\u00cdS GUSTAVO OLIVEIRA LUCAS<\/td>\n<td class=\"sorting_2\">2015<\/td>\n<td class=\"sorting_1\">2019<\/td>\n<\/tr>\n<tr class=\"odd\" role=\"row\">\n<td class=\"sorting_3\">MARCELO DE MOURA CHAGAS<\/td>\n<td class=\"sorting_2\">2015<\/td>\n<td class=\"sorting_1\">2019<\/td>\n<\/tr>\n<tr class=\"even\" role=\"row\">\n<td class=\"sorting_3\">RAFAEL HOCHM\u00dcLLER RODRIGUES<\/td>\n<td class=\"sorting_2\">2015<\/td>\n<td class=\"sorting_1\">2019<\/td>\n<\/tr>\n<tr class=\"odd\" role=\"row\">\n<td class=\"sorting_3\">THIAGO ZENON CIGERZA<\/td>\n<td class=\"sorting_2\">2015<\/td>\n<td class=\"sorting_1\">2019<\/td>\n<\/tr>\n<tr class=\"even\" role=\"row\">\n<td class=\"sorting_3\">JEFERSON SOUZA DOS SANTOS<\/td>\n<td class=\"sorting_2\">2016<\/td>\n<td class=\"sorting_1\">2018<\/td>\n<\/tr>\n<tr class=\"odd\" role=\"row\">\n<td class=\"sorting_3\">MARCELO MOURA MARQUES<\/td>\n<td class=\"sorting_2\">2016<\/td>\n<td class=\"sorting_1\">2018<\/td>\n<\/tr>\n<tr class=\"even\" role=\"row\">\n<td class=\"sorting_3\">MAURICIO BRZEZINSKI PEREIRA<\/td>\n<td class=\"sorting_2\">2016<\/td>\n<td class=\"sorting_1\">2018<\/td>\n<\/tr>\n<tr class=\"odd\" role=\"row\">\n<td class=\"sorting_3\">VINIC\u00cdUS PEREIRA DE OLIVEIRA<\/td>\n<td class=\"sorting_2\">2015<\/td>\n<td class=\"sorting_1\">2018<\/td>\n<\/tr>\n<tr class=\"even\" role=\"row\">\n<td class=\"sorting_3\">ANA PAULA MENDIETA DOS SANTOS<\/td>\n<td class=\"sorting_2\">2013<\/td>\n<td class=\"sorting_1\">2018<\/td>\n<\/tr>\n<tr class=\"odd\" role=\"row\">\n<td class=\"sorting_3\">FELIPE SOARES<\/td>\n<td class=\"sorting_2\">2013<\/td>\n<td class=\"sorting_1\">2018<\/td>\n<\/tr>\n<tr class=\"even\" role=\"row\">\n<td class=\"sorting_3\">FL\u00c1VIA CRISTINA CARVALHO FERRAZ<\/td>\n<td class=\"sorting_2\">2013<\/td>\n<td class=\"sorting_1\">2018<\/td>\n<\/tr>\n<tr class=\"odd\" role=\"row\">\n<td class=\"sorting_3\">VANESSA MACHADO ROBALO<\/td>\n<td class=\"sorting_2\">2013<\/td>\n<td class=\"sorting_1\">2018<\/td>\n<\/tr>\n<tr class=\"even\" role=\"row\">\n<td class=\"sorting_3\">JANDIR VIANA BRAZIL<\/td>\n<td class=\"sorting_2\">2012<\/td>\n<td class=\"sorting_1\">2018<\/td>\n<\/tr>\n<tr class=\"odd\" role=\"row\">\n<td class=\"sorting_3\">HAMILTON COSTA RODRIGUES J\u00daNIOR<\/td>\n<td class=\"sorting_2\">2011<\/td>\n<td class=\"sorting_1\">2018<\/td>\n<\/tr>\n<tr class=\"even\" role=\"row\">\n<td class=\"sorting_3\">RICARDO ALBERTO SILVESTRIN<\/td>\n<td class=\"sorting_2\">2011<\/td>\n<td class=\"sorting_1\">2018<\/td>\n<\/tr>\n<tr class=\"odd\" role=\"row\">\n<td class=\"sorting_3\">SAMUEL FRANCISCO DA SILVA<\/td>\n<td class=\"sorting_2\">2011<\/td>\n<td class=\"sorting_1\">2018<\/td>\n<\/tr>\n<tr class=\"even\" role=\"row\">\n<td class=\"sorting_3\">ANDR\u00c9 CAFRUNI<\/td>\n<td class=\"sorting_2\">2014<\/td>\n<td class=\"sorting_1\">2017<\/td>\n<\/tr>\n<tr class=\"odd\" role=\"row\">\n<td class=\"sorting_3\">GIOMAR GON\u00c7ALVES DA SILVA<\/td>\n<td class=\"sorting_2\">2014<\/td>\n<td class=\"sorting_1\">2017<\/td>\n<\/tr>\n<tr class=\"even\" role=\"row\">\n<td class=\"sorting_3\">TARSO DE OLIVEIRA GON\u00c7ALVES<\/td>\n<td class=\"sorting_2\">2014<\/td>\n<td class=\"sorting_1\">2017<\/td>\n<\/tr>\n<tr class=\"odd\" role=\"row\">\n<td class=\"sorting_3\">EDICEIA WILHELM<\/td>\n<td class=\"sorting_2\">2013<\/td>\n<td class=\"sorting_1\">2017<\/td>\n<\/tr>\n<\/tbody>\n<\/table>\n<table id=\"DataTables_Table_1\" class=\"tabela-dados tabela-listagem-egresso cor-borda dataTable no-footer\" role=\"grid\" aria-describedby=\"DataTables_Table_1_info\">\n<tbody>\n<tr class=\"odd\" role=\"row\">\n<td class=\"sorting_3\" style=\"width: 340px\">RICARDO KLEIN CAMARGO<\/td>\n<td class=\"sorting_2\" style=\"width: 119px\">2013<\/td>\n<td class=\"sorting_1\" style=\"width: 125px\">2017<\/td>\n<\/tr>\n<tr class=\"even\" role=\"row\">\n<td class=\"sorting_3\" style=\"width: 340px\">CLAUDIOMIRO PEREIRA DAS NEVES<\/td>\n<td class=\"sorting_2\" style=\"width: 119px\">2012<\/td>\n<td class=\"sorting_1\" style=\"width: 125px\">2017<\/td>\n<\/tr>\n<tr class=\"odd\" role=\"row\">\n<td class=\"sorting_3\" style=\"width: 340px\">EDERSON ANT\u00d4NIO MACIEL<\/td>\n<td class=\"sorting_2\" style=\"width: 119px\">2012<\/td>\n<td class=\"sorting_1\" style=\"width: 125px\">2017<\/td>\n<\/tr>\n<tr class=\"even\" role=\"row\">\n<td class=\"sorting_3\" style=\"width: 340px\">ELIZETE SANTOS DA SILVA<\/td>\n<td class=\"sorting_2\" style=\"width: 119px\">2012<\/td>\n<td class=\"sorting_1\" style=\"width: 125px\">2017<\/td>\n<\/tr>\n<tr class=\"odd\" role=\"row\">\n<td class=\"sorting_3\" style=\"width: 340px\">JOYCE DA SILVA ANTUNES<\/td>\n<td class=\"sorting_2\" style=\"width: 119px\">2012<\/td>\n<td class=\"sorting_1\" style=\"width: 125px\">2017<\/td>\n<\/tr>\n<tr class=\"even\" role=\"row\">\n<td class=\"sorting_3\" style=\"width: 340px\">LETICIA GUIMAR\u00c3ES CARDOSO<\/td>\n<td class=\"sorting_2\" style=\"width: 119px\">2012<\/td>\n<td class=\"sorting_1\" style=\"width: 125px\">2017<\/td>\n<\/tr>\n<tr class=\"odd\" role=\"row\">\n<td class=\"sorting_3\" style=\"width: 340px\">MAURICIO PEDROSO COSTA<\/td>\n<td class=\"sorting_2\" style=\"width: 119px\">2012<\/td>\n<td class=\"sorting_1\" style=\"width: 125px\">2017<\/td>\n<\/tr>\n<tr class=\"even\" role=\"row\">\n<td class=\"sorting_3\" style=\"width: 340px\">JORGE ANT\u00d4NIO SILVEIRA DA SILVA<\/td>\n<td class=\"sorting_2\" style=\"width: 119px\">2011<\/td>\n<td class=\"sorting_1\" style=\"width: 125px\">2017<\/td>\n<\/tr>\n<tr class=\"odd\" role=\"row\">\n<td class=\"sorting_3\" style=\"width: 340px\">ALESSANDRO GROSS DO AMARANTE<\/td>\n<td class=\"sorting_2\" style=\"width: 119px\">2013<\/td>\n<td class=\"sorting_1\" style=\"width: 125px\">2016<\/td>\n<\/tr>\n<tr class=\"even\" role=\"row\">\n<td class=\"sorting_3\" style=\"width: 340px\">ALEXANDRO DIAS MESQUITA<\/td>\n<td class=\"sorting_2\" style=\"width: 119px\">2013<\/td>\n<td class=\"sorting_1\" style=\"width: 125px\">2016<\/td>\n<\/tr>\n<tr class=\"odd\" role=\"row\">\n<td class=\"sorting_3\" style=\"width: 340px\">LUIZ FERNANDO ARA\u00daJO LEAL<\/td>\n<td class=\"sorting_2\" style=\"width: 119px\">2013<\/td>\n<td class=\"sorting_1\" style=\"width: 125px\">2016<\/td>\n<\/tr>\n<tr class=\"even\" role=\"row\">\n<td class=\"sorting_3\" style=\"width: 340px\">ROBSON C\u00c1SSIO CARVALHO<\/td>\n<td class=\"sorting_2\" style=\"width: 119px\">2013<\/td>\n<td class=\"sorting_1\" style=\"width: 125px\">2016<\/td>\n<\/tr>\n<tr class=\"odd\" role=\"row\">\n<td class=\"sorting_3\" style=\"width: 340px\">GLAUCO ALEXANDRE OESTREICH SILVEIRA<\/td>\n<td class=\"sorting_2\" style=\"width: 119px\">2012<\/td>\n<td class=\"sorting_1\" style=\"width: 125px\">2016<\/td>\n<\/tr>\n<tr class=\"even\" role=\"row\">\n<td class=\"sorting_3\" style=\"width: 340px\">HEITOR DE MORAES PIMENTEL<\/td>\n<td class=\"sorting_2\" style=\"width: 119px\">2012<\/td>\n<td class=\"sorting_1\" style=\"width: 125px\">2016<\/td>\n<\/tr>\n<tr class=\"odd\" role=\"row\">\n<td class=\"sorting_3\" style=\"width: 340px\">SANDRO CARLOS ESTEV\u00c3O DOS SANTOS<\/td>\n<td class=\"sorting_2\" style=\"width: 119px\">2012<\/td>\n<td class=\"sorting_1\" style=\"width: 125px\">2016<\/td>\n<\/tr>\n<tr class=\"even\" role=\"row\">\n<td class=\"sorting_3\" style=\"width: 340px\">ALBERTO BUSS PINTO<\/td>\n<td class=\"sorting_2\" style=\"width: 119px\">2013<\/td>\n<td class=\"sorting_1\" style=\"width: 125px\">2015<\/td>\n<\/tr>\n<tr class=\"odd\" role=\"row\">\n<td class=\"sorting_3\" style=\"width: 340px\">CARLA ELISA KOHL<\/td>\n<td class=\"sorting_2\" style=\"width: 119px\">2013<\/td>\n<td class=\"sorting_1\" style=\"width: 125px\">2015<\/td>\n<\/tr>\n<tr class=\"even\" role=\"row\">\n<td class=\"sorting_3\" style=\"width: 340px\">MARIA IVETE GALLAS<\/td>\n<td class=\"sorting_2\" style=\"width: 119px\">2013<\/td>\n<td class=\"sorting_1\" style=\"width: 125px\">2015<\/td>\n<\/tr>\n<tr class=\"odd\" role=\"row\">\n<td class=\"sorting_3\" style=\"width: 340px\">MARIO JOSE PINHEIRO DA ROCHA<\/td>\n<td class=\"sorting_2\" style=\"width: 119px\">2012<\/td>\n<td class=\"sorting_1\" style=\"width: 125px\">2015<\/td>\n<\/tr>\n<tr class=\"even\" role=\"row\">\n<td class=\"sorting_3\" style=\"width: 340px\">RODRIGO BORGES<\/td>\n<td class=\"sorting_2\" style=\"width: 119px\">2012<\/td>\n<td class=\"sorting_1\" style=\"width: 125px\">2015<\/td>\n<\/tr>\n<tr class=\"odd\" role=\"row\">\n<td class=\"sorting_3\" style=\"width: 340px\">RODRIGO MACHADO FLORES<\/td>\n<td class=\"sorting_2\" style=\"width: 119px\">2012<\/td>\n<td class=\"sorting_1\" style=\"width: 125px\">2015<\/td>\n<\/tr>\n<tr class=\"even\" role=\"row\">\n<td class=\"sorting_3\" style=\"width: 340px\">ROG\u00c9RIO LAGO DOS SANTOS<\/td>\n<td class=\"sorting_2\" style=\"width: 119px\">2012<\/td>\n<td class=\"sorting_1\" style=\"width: 125px\">2015<\/td>\n<\/tr>\n<tr class=\"odd\" role=\"row\">\n<td class=\"sorting_3\" style=\"width: 340px\">EDSON SILVA DA SILVA<\/td>\n<td class=\"sorting_2\" style=\"width: 119px\">2011<\/td>\n<td class=\"sorting_1\" style=\"width: 125px\">2015<\/td>\n<\/tr>\n<tr class=\"even\" role=\"row\">\n<td class=\"sorting_3\" style=\"width: 340px\">DANIELA VIEGAS DIAS<\/td>\n<td class=\"sorting_2\" style=\"width: 119px\">2012<\/td>\n<td class=\"sorting_1\" style=\"width: 125px\">2014<\/td>\n<\/tr>\n<tr class=\"odd\" role=\"row\">\n<td class=\"sorting_3\" style=\"width: 340px\">FAGNER BITENCOURT DE OLIVEIRA<\/td>\n<td class=\"sorting_2\" style=\"width: 119px\">2012<\/td>\n<td class=\"sorting_1\" style=\"width: 125px\">2014<\/td>\n<\/tr>\n<\/tbody>\n<\/table>\n<table id=\"DataTables_Table_1\" class=\"tabela-dados tabela-listagem-egresso cor-borda dataTable no-footer\" role=\"grid\" aria-describedby=\"DataTables_Table_1_info\">\n<tbody>\n<tr class=\"odd\" role=\"row\">\n<td class=\"sorting_3\" style=\"width: 339px\">LUCIANO ANTUNES NEUMANN<\/td>\n<td class=\"sorting_2\" style=\"width: 124px\">2012<\/td>\n<td class=\"sorting_1\" style=\"width: 121px\">2014<\/td>\n<\/tr>\n<tr class=\"even\" role=\"row\">\n<td class=\"sorting_3\" style=\"width: 339px\">MARCO ANT\u00d4NIO SIMONETTI<\/td>\n<td class=\"sorting_2\" style=\"width: 124px\">2012<\/td>\n<td class=\"sorting_1\" style=\"width: 121px\">2014<\/td>\n<\/tr>\n<tr class=\"odd\" role=\"row\">\n<td class=\"sorting_3\" style=\"width: 339px\">Bruno da Silva Kalata<\/td>\n<td class=\"sorting_2\" style=\"width: 124px\">2011<\/td>\n<td class=\"sorting_1\" style=\"width: 121px\">2014<\/td>\n<\/tr>\n<tr class=\"even\" role=\"row\">\n<td class=\"sorting_3\" style=\"width: 339px\">MARCELO VIEIRA ZIMMER<\/td>\n<td class=\"sorting_2\" style=\"width: 124px\">2011<\/td>\n<td class=\"sorting_1\" style=\"width: 121px\">2014<\/td>\n<\/tr>\n<tr class=\"odd\" role=\"row\">\n<td class=\"sorting_3\" style=\"width: 339px\">CARLOS ALEXANDRE DIAS LOPES<\/td>\n<td class=\"sorting_2\" style=\"width: 124px\">2011<\/td>\n<td class=\"sorting_1\" style=\"width: 121px\">2013<\/td>\n<\/tr>\n<tr class=\"even\" role=\"row\">\n<td class=\"sorting_3\" style=\"width: 339px\">DANIEL NUNES DA CRUZ<\/td>\n<td class=\"sorting_2\" style=\"width: 124px\">2011<\/td>\n<td class=\"sorting_1\" style=\"width: 121px\">2013<\/td>\n<\/tr>\n<tr class=\"odd\" role=\"row\">\n<td class=\"sorting_3\" style=\"width: 339px\">ELIANA DOS SANTOS TAVARES<\/td>\n<td class=\"sorting_2\" style=\"width: 124px\">2011<\/td>\n<td class=\"sorting_1\" style=\"width: 121px\">2013<\/td>\n<\/tr>\n<tr class=\"even\" role=\"row\">\n<td class=\"sorting_3\" style=\"width: 339px\">GIOV\u00c2NI LU\u00cdS DE C\u00c9SARO CAETANO<\/td>\n<td class=\"sorting_2\" style=\"width: 124px\">2011<\/td>\n<td class=\"sorting_1\" style=\"width: 121px\">2013<\/td>\n<\/tr>\n<tr class=\"odd\" role=\"row\">\n<td class=\"sorting_3\" style=\"width: 339px\">MICHELE LINDNER LOPES<\/td>\n<td class=\"sorting_2\" style=\"width: 124px\">2011<\/td>\n<td class=\"sorting_1\" style=\"width: 121px\">2013<\/td>\n<\/tr>\n<\/tbody>\n<\/table>\n<p>&nbsp;<\/p>\n","protected":false},"excerpt":{"rendered":"<p>Prezado ex-aluno, Gostar\u00edamos de saber como anda a sua vida profissional depois da conclus\u00e3o do CSTTT\/UFPel. Para que possamos construir um banco de dados atualizado, continuar nos comunicando e oferecer uma forma\u00e7\u00e3o continuada, \u00e9 importante o preenchimento deste formul\u00e1rio em &hellip; <a href=\"https:\/\/wp.ufpel.edu.br\/csttt\/egressos\/\">Continue lendo <span class=\"meta-nav\">&rarr;<\/span><\/a><\/p>\n","protected":false},"author":259,"featured_media":0,"parent":0,"menu_order":0,"comment_status":"closed","ping_status":"closed","template":"","meta":{"footnotes":""},"class_list":["post-475","page","type-page","status-publish","hentry"],"jetpack_sharing_enabled":true,"_links":{"self":[{"href":"https:\/\/wp.ufpel.edu.br\/csttt\/wp-json\/wp\/v2\/pages\/475","targetHints":{"allow":["GET"]}}],"collection":[{"href":"https:\/\/wp.ufpel.edu.br\/csttt\/wp-json\/wp\/v2\/pages"}],"about":[{"href":"https:\/\/wp.ufpel.edu.br\/csttt\/wp-json\/wp\/v2\/types\/page"}],"author":[{"embeddable":true,"href":"https:\/\/wp.ufpel.edu.br\/csttt\/wp-json\/wp\/v2\/users\/259"}],"replies":[{"embeddable":true,"href":"https:\/\/wp.ufpel.edu.br\/csttt\/wp-json\/wp\/v2\/comments?post=475"}],"version-history":[{"count":12,"href":"https:\/\/wp.ufpel.edu.br\/csttt\/wp-json\/wp\/v2\/pages\/475\/revisions"}],"predecessor-version":[{"id":2243,"href":"https:\/\/wp.ufpel.edu.br\/csttt\/wp-json\/wp\/v2\/pages\/475\/revisions\/2243"}],"wp:attachment":[{"href":"https:\/\/wp.ufpel.edu.br\/csttt\/wp-json\/wp\/v2\/media?parent=475"}],"curies":[{"name":"wp","href":"https:\/\/api.w.org\/{rel}","templated":true}]}}