{"id":35,"date":"2013-05-09T17:47:53","date_gmt":"2013-05-09T20:47:53","guid":{"rendered":"https:\/\/wp.ufpel.edu.br\/csttt\/?page_id=35"},"modified":"2013-05-13T11:26:46","modified_gmt":"2013-05-13T14:26:46","slug":"materiais-de-divulgacao-do-csttt","status":"publish","type":"page","link":"https:\/\/wp.ufpel.edu.br\/csttt\/materiais-de-divulgacao-do-csttt\/","title":{"rendered":"Materiais de Divulga\u00e7\u00e3o"},"content":{"rendered":"<p style=\"text-align: center\"><strong>Material de divulga\u00e7\u00e3o e identidade visual<\/strong><\/p>\n<p><a href=\"https:\/\/wp.ufpel.edu.br\/csttt\/files\/2013\/05\/Cabe\u00e7alho-provis\u00f3rio1.jpg\"><img loading=\"lazy\" decoding=\"async\" src=\"https:\/\/wp.ufpel.edu.br\/csttt\/files\/2013\/05\/Cabe\u00e7alho-provis\u00f3rio1-300x72.jpg\" alt=\"\" width=\"300\" height=\"72\" \/><\/a><\/p>\n<p><a href=\"https:\/\/wp.ufpel.edu.br\/csttt\/files\/2013\/05\/Folder-CSTTT-vers\u00e3opb.pdf\">Folder CSTTT vers\u00e3op&amp;b<\/a><\/p>\n","protected":false},"excerpt":{"rendered":"<p>Material de divulga\u00e7\u00e3o e identidade visual Folder CSTTT vers\u00e3op&amp;b<\/p>\n","protected":false},"author":259,"featured_media":0,"parent":0,"menu_order":0,"comment_status":"closed","ping_status":"closed","template":"","meta":{"footnotes":""},"class_list":["post-35","page","type-page","status-publish","hentry"],"jetpack_sharing_enabled":true,"_links":{"self":[{"href":"https:\/\/wp.ufpel.edu.br\/csttt\/wp-json\/wp\/v2\/pages\/35","targetHints":{"allow":["GET"]}}],"collection":[{"href":"https:\/\/wp.ufpel.edu.br\/csttt\/wp-json\/wp\/v2\/pages"}],"about":[{"href":"https:\/\/wp.ufpel.edu.br\/csttt\/wp-json\/wp\/v2\/types\/page"}],"author":[{"embeddable":true,"href":"https:\/\/wp.ufpel.edu.br\/csttt\/wp-json\/wp\/v2\/users\/259"}],"replies":[{"embeddable":true,"href":"https:\/\/wp.ufpel.edu.br\/csttt\/wp-json\/wp\/v2\/comments?post=35"}],"version-history":[{"count":8,"href":"https:\/\/wp.ufpel.edu.br\/csttt\/wp-json\/wp\/v2\/pages\/35\/revisions"}],"predecessor-version":[{"id":37,"href":"https:\/\/wp.ufpel.edu.br\/csttt\/wp-json\/wp\/v2\/pages\/35\/revisions\/37"}],"wp:attachment":[{"href":"https:\/\/wp.ufpel.edu.br\/csttt\/wp-json\/wp\/v2\/media?parent=35"}],"curies":[{"name":"wp","href":"https:\/\/api.w.org\/{rel}","templated":true}]}}