{"id":247,"date":"2013-08-05T14:48:47","date_gmt":"2013-08-05T17:48:47","guid":{"rendered":"https:\/\/wp.ufpel.edu.br\/csttt\/?page_id=247"},"modified":"2017-03-29T22:22:10","modified_gmt":"2017-03-30T01:22:10","slug":"ppipdippc","status":"publish","type":"page","link":"https:\/\/wp.ufpel.edu.br\/csttt\/ppipdippc\/","title":{"rendered":"PPI\/PDI\/PPC\/PORTARIA N\u00ba 294\/16"},"content":{"rendered":"<p>A seguir temos \u00e0 disposi\u00e7\u00e3o dos leitores as vers\u00f5es mais recentes do PPI (Plano Pol\u00edtico Institucional), do PDI (Plano de Desenvolvimento Institucional) e o PPC (Plano Pedag\u00f3gico do Curso) e a Portaria 294\/16 (Reconhecimento do CSTTT).<\/p>\n<p>Recomendamos a toda a comunidade acad\u00eamica a leitura destes documentos.<\/p>\n<p><a href=\"https:\/\/wp.ufpel.edu.br\/cpa\/ppi\/\">PPI<\/a>\u00a0&#8211;\u00a0(Plano Pol\u00edtico Institucional)<\/p>\n<p><a href=\"https:\/\/wp.ufpel.edu.br\/cpa\/pdi\/\">PDI<\/a>\u00a0&#8211;\u00a0(Plano de Desenvolvimento Institucional)<\/p>\n<p>PPC &#8211;\u00a0<a href=\"https:\/\/wp.ufpel.edu.br\/csttt\/files\/2013\/08\/PPC_junho-2013.pdf\">PPC_junho 2013<\/a><\/p>\n<p><a href=\"https:\/\/wp.ufpel.edu.br\/csttt\/files\/2013\/08\/Portaria-de-Reconhecimento-Transporte-Terrestre.pdf\">Portaria de Reconhecimento &#8211; Transporte Terrestre<\/a>\u00a0&#8211;\u00a0PORTARIA N\u00ba 294, DE 7 DE JULHO DE 2016<\/p>\n","protected":false},"excerpt":{"rendered":"<p>A seguir temos \u00e0 disposi\u00e7\u00e3o dos leitores as vers\u00f5es mais recentes do PPI (Plano Pol\u00edtico Institucional), do PDI (Plano de Desenvolvimento Institucional) e o PPC (Plano Pedag\u00f3gico do Curso) e a Portaria 294\/16 (Reconhecimento do CSTTT). Recomendamos a toda a &hellip; <a href=\"https:\/\/wp.ufpel.edu.br\/csttt\/ppipdippc\/\">Continue lendo <span class=\"meta-nav\">&rarr;<\/span><\/a><\/p>\n","protected":false},"author":259,"featured_media":0,"parent":0,"menu_order":0,"comment_status":"closed","ping_status":"closed","template":"","meta":{"footnotes":""},"class_list":["post-247","page","type-page","status-publish","hentry"],"jetpack_sharing_enabled":true,"_links":{"self":[{"href":"https:\/\/wp.ufpel.edu.br\/csttt\/wp-json\/wp\/v2\/pages\/247","targetHints":{"allow":["GET"]}}],"collection":[{"href":"https:\/\/wp.ufpel.edu.br\/csttt\/wp-json\/wp\/v2\/pages"}],"about":[{"href":"https:\/\/wp.ufpel.edu.br\/csttt\/wp-json\/wp\/v2\/types\/page"}],"author":[{"embeddable":true,"href":"https:\/\/wp.ufpel.edu.br\/csttt\/wp-json\/wp\/v2\/users\/259"}],"replies":[{"embeddable":true,"href":"https:\/\/wp.ufpel.edu.br\/csttt\/wp-json\/wp\/v2\/comments?post=247"}],"version-history":[{"count":6,"href":"https:\/\/wp.ufpel.edu.br\/csttt\/wp-json\/wp\/v2\/pages\/247\/revisions"}],"predecessor-version":[{"id":1351,"href":"https:\/\/wp.ufpel.edu.br\/csttt\/wp-json\/wp\/v2\/pages\/247\/revisions\/1351"}],"wp:attachment":[{"href":"https:\/\/wp.ufpel.edu.br\/csttt\/wp-json\/wp\/v2\/media?parent=247"}],"curies":[{"name":"wp","href":"https:\/\/api.w.org\/{rel}","templated":true}]}}