{"id":2175,"date":"2020-09-17T16:22:22","date_gmt":"2020-09-17T19:22:22","guid":{"rendered":"https:\/\/wp.ufpel.edu.br\/csttt\/?page_id=2175"},"modified":"2021-09-30T18:53:28","modified_gmt":"2021-09-30T21:53:28","slug":"certificado-de-conclusao-de-curso-de-graduacao","status":"publish","type":"page","link":"https:\/\/wp.ufpel.edu.br\/csttt\/certificado-de-conclusao-de-curso-de-graduacao\/","title":{"rendered":"Certificado de Conclus\u00e3o de Curso"},"content":{"rendered":"<article id=\"single_post_inside\" class=\"single_post_inside\"><b>Defini\u00e7\u00e3o<\/b><br \/>\nO certificado de conclus\u00e3o de curso \u00e9 documento h\u00e1bil para comprovar a gradua\u00e7\u00e3o em n\u00edvel superior, substituindo o diploma (documento definitivo) at\u00e9 sua expedi\u00e7\u00e3o e registro.<\/article>\n<article>.<\/article>\n<article class=\"single_post_inside\"><b>Como obter<\/b><br \/>\nO certificado de conclus\u00e3o de curso com verificador de autenticidade ficar\u00e1 dispon\u00edvel para o aluno formado, no sistema Cobalto, ap\u00f3s o recebimento da ata da cola\u00e7\u00e3o de grau, pela CRA.<\/article>\n<article class=\"single_post_inside\">.<br \/>\nPara acessar o certificado de conclus\u00e3o de curso no Cobalto o discente formado dever\u00e1 fazer\u00a0<i>login<\/i>\u00a0no sistema acad\u00eamico, acessar o menu \u201cAluno\/Consulta\/Certificado de conclus\u00e3o de curso\u201d e clicar em \u201cImprimir\u201d, quando ser\u00e1 gerado um arquivo no formato PDF para a impress\u00e3o.<\/article>\n","protected":false},"excerpt":{"rendered":"<p>Defini\u00e7\u00e3o O certificado de conclus\u00e3o de curso \u00e9 documento h\u00e1bil para comprovar a gradua\u00e7\u00e3o em n\u00edvel superior, substituindo o diploma (documento definitivo) at\u00e9 sua expedi\u00e7\u00e3o e registro. . Como obter O certificado de conclus\u00e3o de curso com verificador de autenticidade &hellip; <a href=\"https:\/\/wp.ufpel.edu.br\/csttt\/certificado-de-conclusao-de-curso-de-graduacao\/\">Continue lendo <span class=\"meta-nav\">&rarr;<\/span><\/a><\/p>\n","protected":false},"author":259,"featured_media":0,"parent":0,"menu_order":0,"comment_status":"closed","ping_status":"closed","template":"","meta":{"footnotes":""},"class_list":["post-2175","page","type-page","status-publish","hentry"],"jetpack_sharing_enabled":true,"_links":{"self":[{"href":"https:\/\/wp.ufpel.edu.br\/csttt\/wp-json\/wp\/v2\/pages\/2175","targetHints":{"allow":["GET"]}}],"collection":[{"href":"https:\/\/wp.ufpel.edu.br\/csttt\/wp-json\/wp\/v2\/pages"}],"about":[{"href":"https:\/\/wp.ufpel.edu.br\/csttt\/wp-json\/wp\/v2\/types\/page"}],"author":[{"embeddable":true,"href":"https:\/\/wp.ufpel.edu.br\/csttt\/wp-json\/wp\/v2\/users\/259"}],"replies":[{"embeddable":true,"href":"https:\/\/wp.ufpel.edu.br\/csttt\/wp-json\/wp\/v2\/comments?post=2175"}],"version-history":[{"count":4,"href":"https:\/\/wp.ufpel.edu.br\/csttt\/wp-json\/wp\/v2\/pages\/2175\/revisions"}],"predecessor-version":[{"id":2256,"href":"https:\/\/wp.ufpel.edu.br\/csttt\/wp-json\/wp\/v2\/pages\/2175\/revisions\/2256"}],"wp:attachment":[{"href":"https:\/\/wp.ufpel.edu.br\/csttt\/wp-json\/wp\/v2\/media?parent=2175"}],"curies":[{"name":"wp","href":"https:\/\/api.w.org\/{rel}","templated":true}]}}