{"id":1976,"date":"2019-05-08T18:11:54","date_gmt":"2019-05-08T21:11:54","guid":{"rendered":"https:\/\/wp.ufpel.edu.br\/csttt\/?page_id=1976"},"modified":"2020-10-13T15:15:59","modified_gmt":"2020-10-13T18:15:59","slug":"cadastro-de-provaveis-formandos","status":"publish","type":"page","link":"https:\/\/wp.ufpel.edu.br\/csttt\/cadastro-de-provaveis-formandos\/","title":{"rendered":"Cadastro de prov\u00e1veis formandos"},"content":{"rendered":"<p style=\"font-weight: 400\">&#8211;\u00a0<strong>Solicita\u00e7\u00e3o de formatura via sistema COBALTO:<\/strong> os(as) formandos(as) devem acessar o menu \u201c Aluno -&gt; Cadastro -&gt; Solicita\u00e7\u00e3o de formatura\u201d, realizando a confer\u00eancia de seus dados, que servir\u00e3o de base para emiss\u00e3o dos documentos relacionados \u00e0 conclus\u00e3o do curso (certificado, diploma e hist\u00f3rico final).<\/p>\n<p style=\"font-weight: 400\">\n","protected":false},"excerpt":{"rendered":"<p>&#8211;\u00a0Solicita\u00e7\u00e3o de formatura via sistema COBALTO: os(as) formandos(as) devem acessar o menu \u201c Aluno -&gt; Cadastro -&gt; Solicita\u00e7\u00e3o de formatura\u201d, realizando a confer\u00eancia de seus dados, que servir\u00e3o de base para emiss\u00e3o dos documentos relacionados \u00e0 conclus\u00e3o do curso (certificado, &hellip; <a href=\"https:\/\/wp.ufpel.edu.br\/csttt\/cadastro-de-provaveis-formandos\/\">Continue lendo <span class=\"meta-nav\">&rarr;<\/span><\/a><\/p>\n","protected":false},"author":259,"featured_media":0,"parent":0,"menu_order":0,"comment_status":"closed","ping_status":"closed","template":"","meta":{"footnotes":""},"class_list":["post-1976","page","type-page","status-publish","hentry"],"jetpack_sharing_enabled":true,"_links":{"self":[{"href":"https:\/\/wp.ufpel.edu.br\/csttt\/wp-json\/wp\/v2\/pages\/1976","targetHints":{"allow":["GET"]}}],"collection":[{"href":"https:\/\/wp.ufpel.edu.br\/csttt\/wp-json\/wp\/v2\/pages"}],"about":[{"href":"https:\/\/wp.ufpel.edu.br\/csttt\/wp-json\/wp\/v2\/types\/page"}],"author":[{"embeddable":true,"href":"https:\/\/wp.ufpel.edu.br\/csttt\/wp-json\/wp\/v2\/users\/259"}],"replies":[{"embeddable":true,"href":"https:\/\/wp.ufpel.edu.br\/csttt\/wp-json\/wp\/v2\/comments?post=1976"}],"version-history":[{"count":3,"href":"https:\/\/wp.ufpel.edu.br\/csttt\/wp-json\/wp\/v2\/pages\/1976\/revisions"}],"predecessor-version":[{"id":2195,"href":"https:\/\/wp.ufpel.edu.br\/csttt\/wp-json\/wp\/v2\/pages\/1976\/revisions\/2195"}],"wp:attachment":[{"href":"https:\/\/wp.ufpel.edu.br\/csttt\/wp-json\/wp\/v2\/media?parent=1976"}],"curies":[{"name":"wp","href":"https:\/\/api.w.org\/{rel}","templated":true}]}}