{"id":1875,"date":"2018-11-22T20:15:38","date_gmt":"2018-11-22T22:15:38","guid":{"rendered":"https:\/\/wp.ufpel.edu.br\/csttt\/?page_id=1875"},"modified":"2021-09-30T18:19:19","modified_gmt":"2021-09-30T21:19:19","slug":"matriz-curricular","status":"publish","type":"page","link":"https:\/\/wp.ufpel.edu.br\/csttt\/matriz-curricular\/","title":{"rendered":"Matriz Curricular"},"content":{"rendered":"<table class=\"dados-cobalto tabela-disciplinas\"><tr><th colspan=\"5\" class=\"tabela-quebra\">1\u00ba Semestre<\/th><\/tr><tr><th>C\u00f3digo<\/th><th>Disciplina \/ Pr\u00e9-requisitos<\/th><th>Car\u00e1ter<\/th><th>Cr.<\/th><th>Horas<\/th><\/tr><tr><td>21000046<\/td><td><a href=\"https:\/\/institucional.ufpel.edu.br\/disciplinas\/id\/27784\" target=\"_blank\">C\u00c1LCULO E ESTAT\u00cdSTICA APLICADA<\/a><\/td><td>Obrigat\u00f3ria<\/td><td>4<\/td><td>60<\/td><\/tr><tr><td>21000047<\/td><td><a href=\"https:\/\/institucional.ufpel.edu.br\/disciplinas\/id\/27785\" target=\"_blank\">\u00c9TICA E CIDADANIA<\/a><\/td><td>Obrigat\u00f3ria<\/td><td>2<\/td><td>30<\/td><\/tr><tr><td>21000043<\/td><td><a href=\"https:\/\/institucional.ufpel.edu.br\/disciplinas\/id\/27781\" target=\"_blank\">FUNDAMENTOS DE MARKETING<\/a><\/td><td>Obrigat\u00f3ria<\/td><td>2<\/td><td>30<\/td><\/tr><tr><td>21000044<\/td><td><a href=\"https:\/\/institucional.ufpel.edu.br\/disciplinas\/id\/27782\" target=\"_blank\">INFORM\u00c1TICA B\u00c1SICA<\/a><\/td><td>Obrigat\u00f3ria<\/td><td>4<\/td><td>60<\/td><\/tr><tr><td>21000041<\/td><td><a href=\"https:\/\/institucional.ufpel.edu.br\/disciplinas\/id\/27779\" target=\"_blank\">INTRODU\u00c7\u00c3O AO SISTEMA DE TRANSPORTE<\/a><\/td><td>Obrigat\u00f3ria<\/td><td>2<\/td><td>30<\/td><\/tr><tr><td>21000042<\/td><td><a href=\"https:\/\/institucional.ufpel.edu.br\/disciplinas\/id\/27780\" target=\"_blank\">MODELOS DE GEST\u00c3O<\/a><\/td><td>Obrigat\u00f3ria<\/td><td>4<\/td><td>60<\/td><\/tr><tr><td>21000045<\/td><td><a href=\"https:\/\/institucional.ufpel.edu.br\/disciplinas\/id\/27783\" target=\"_blank\">T\u00c9CNICAS COMUNICA\u00c7\u00c3O CIENT\u00cdFICA EMPRESARIAL<\/a><\/td><td>Obrigat\u00f3ria<\/td><td>2<\/td><td>30<\/td><\/tr><tr><th colspan=\"5\" class=\"tabela-quebra\">2\u00ba Semestre<\/th><\/tr><tr><th>C\u00f3digo<\/th><th>Disciplina \/ Pr\u00e9-requisitos<\/th><th>Car\u00e1ter<\/th><th>Cr.<\/th><th>Horas<\/th><\/tr><tr><td>21000048<\/td><td><a href=\"https:\/\/institucional.ufpel.edu.br\/disciplinas\/id\/27786\" target=\"_blank\">ENGENHARIA DE TR\u00c1FEGO<\/a><div class=\"tabela-detalhe-info\">21000041 - INTRODU\u00c7\u00c3O AO SISTEMA DE TRANSPORTE<\/div><\/td><td>Obrigat\u00f3ria<\/td><td>4<\/td><td>60<\/td><\/tr><tr><td>21000052<\/td><td><a href=\"https:\/\/institucional.ufpel.edu.br\/disciplinas\/id\/27790\" target=\"_blank\">GEST\u00c3O DA QUALIDADE<\/a><div class=\"tabela-detalhe-info\">21000042 - MODELOS DE GEST\u00c3O<\/div><\/td><td>Obrigat\u00f3ria<\/td><td>2<\/td><td>30<\/td><\/tr><tr><td>21000051<\/td><td><a href=\"https:\/\/institucional.ufpel.edu.br\/disciplinas\/id\/27789\" target=\"_blank\">INFRAESTRUTURA DOS TRANSPORTES TERRESTRES I<\/a><div class=\"tabela-detalhe-info\">21000041 - INTRODU\u00c7\u00c3O AO SISTEMA DE TRANSPORTE<\/div><\/td><td>Obrigat\u00f3ria<\/td><td>4<\/td><td>60<\/td><\/tr><tr><td>21000050<\/td><td><a href=\"https:\/\/institucional.ufpel.edu.br\/disciplinas\/id\/27788\" target=\"_blank\">LEGISLA\u00c7\u00c3O DE TR\u00c2NSITO<\/a><div class=\"tabela-detalhe-info\">21000041 - INTRODU\u00c7\u00c3O AO SISTEMA DE TRANSPORTE<\/div><\/td><td>Obrigat\u00f3ria<\/td><td>4<\/td><td>60<\/td><\/tr><tr><td>21000049<\/td><td><a href=\"https:\/\/institucional.ufpel.edu.br\/disciplinas\/id\/27787\" target=\"_blank\">LOG\u00cdSTICA I<\/a><\/td><td>Obrigat\u00f3ria<\/td><td>4<\/td><td>60<\/td><\/tr><tr><td>21000053<\/td><td><a href=\"https:\/\/institucional.ufpel.edu.br\/disciplinas\/id\/27791\" target=\"_blank\">PLANEJAMENTO ESTRAT\u00c9GICO<\/a><\/td><td>Obrigat\u00f3ria<\/td><td>2<\/td><td>30<\/td><\/tr><tr><th colspan=\"5\" class=\"tabela-quebra\">3\u00ba Semestre<\/th><\/tr><tr><th>C\u00f3digo<\/th><th>Disciplina \/ Pr\u00e9-requisitos<\/th><th>Car\u00e1ter<\/th><th>Cr.<\/th><th>Horas<\/th><\/tr><tr><td>21000023<\/td><td><a href=\"https:\/\/institucional.ufpel.edu.br\/disciplinas\/id\/27761\" target=\"_blank\">GEST\u00c3O DE CUSTOS<\/a><div class=\"tabela-detalhe-info\">21000046 - C\u00c1LCULO E ESTAT\u00cdSTICA APLICADA<\/div><div class=\"tabela-detalhe-info\">21000049 - LOG\u00cdSTICA I<\/div><\/td><td>Obrigat\u00f3ria<\/td><td>3<\/td><td>45<\/td><\/tr><tr><td>21000025<\/td><td><a href=\"https:\/\/institucional.ufpel.edu.br\/disciplinas\/id\/27763\" target=\"_blank\">INFRAESTRUTURA DOS TRANSPORTES TERRESTRES II<\/a><div class=\"tabela-detalhe-info\">21000041 - INTRODU\u00c7\u00c3O AO SISTEMA DE TRANSPORTE<\/div><div class=\"tabela-detalhe-info\">21000051 - INFRAESTRUTURA DOS TRANSPORTES TERRESTRES I<\/div><\/td><td>Obrigat\u00f3ria<\/td><td>4<\/td><td>60<\/td><\/tr><tr><td>21000022<\/td><td><a href=\"https:\/\/institucional.ufpel.edu.br\/disciplinas\/id\/27760\" target=\"_blank\">LOG\u00cdSTICA II<\/a><div class=\"tabela-detalhe-info\">21000049 - LOG\u00cdSTICA I<\/div><\/td><td>Obrigat\u00f3ria<\/td><td>4<\/td><td>60<\/td><\/tr><tr><td>21000087<\/td><td><a href=\"https:\/\/institucional.ufpel.edu.br\/disciplinas\/id\/27825\" target=\"_blank\">METODOLOGIA E PESQUISA<\/a><div class=\"tabela-detalhe-info\">21000045 - T\u00c9CNICAS COMUNICA\u00c7\u00c3O CIENT\u00cdFICA EMPRESARIAL<\/div><\/td><td>Obrigat\u00f3ria<\/td><td>2<\/td><td>30<\/td><\/tr><tr><td>21000021<\/td><td><a href=\"https:\/\/institucional.ufpel.edu.br\/disciplinas\/id\/27759\" target=\"_blank\">PLANEJAMENTO DOS TRANSPORTES<\/a><div class=\"tabela-detalhe-info\">21000041 - INTRODU\u00c7\u00c3O AO SISTEMA DE TRANSPORTE<\/div><\/td><td>Obrigat\u00f3ria<\/td><td>4<\/td><td>60<\/td><\/tr><tr><td>21000024<\/td><td><a href=\"https:\/\/institucional.ufpel.edu.br\/disciplinas\/id\/27762\" target=\"_blank\">TRANSPORTE I - CARGA<\/a><div class=\"tabela-detalhe-info\">21000049 - LOG\u00cdSTICA I<\/div><div class=\"tabela-detalhe-info\">21000051 - INFRAESTRUTURA DOS TRANSPORTES TERRESTRES I<\/div><\/td><td>Obrigat\u00f3ria<\/td><td>3<\/td><td>45<\/td><\/tr><tr><th colspan=\"5\" class=\"tabela-quebra\">4\u00ba Semestre<\/th><\/tr><tr><th>C\u00f3digo<\/th><th>Disciplina \/ Pr\u00e9-requisitos<\/th><th>Car\u00e1ter<\/th><th>Cr.<\/th><th>Horas<\/th><\/tr><tr><td>21000030<\/td><td><a href=\"https:\/\/institucional.ufpel.edu.br\/disciplinas\/id\/27768\" target=\"_blank\">MOBILIDADE URBANA<\/a><div class=\"tabela-detalhe-info\">21000041 - INTRODU\u00c7\u00c3O AO SISTEMA DE TRANSPORTE<\/div><div class=\"tabela-detalhe-info\">21000048 - ENGENHARIA DE TR\u00c1FEGO<\/div><\/td><td>Obrigat\u00f3ria<\/td><td>2<\/td><td>30<\/td><\/tr><tr><td>21000033<\/td><td><a href=\"https:\/\/institucional.ufpel.edu.br\/disciplinas\/id\/27771\" target=\"_blank\">ORIENTA\u00c7\u00c3O PARA O PROJETO INTERDISCIPLINAR<\/a><div class=\"tabela-detalhe-info\">21000041 - INTRODU\u00c7\u00c3O AO SISTEMA DE TRANSPORTE<\/div><div class=\"tabela-detalhe-info\">21000087 - METODOLOGIA E PESQUISA<\/div><\/td><td>Obrigat\u00f3ria<\/td><td>2<\/td><td>30<\/td><\/tr><tr><td>21000027<\/td><td><a href=\"https:\/\/institucional.ufpel.edu.br\/disciplinas\/id\/27765\" target=\"_blank\">SEGURAN\u00c7A VI\u00c1RIA<\/a><div class=\"tabela-detalhe-info\">21000041 - INTRODU\u00c7\u00c3O AO SISTEMA DE TRANSPORTE<\/div><div class=\"tabela-detalhe-info\">21000048 - ENGENHARIA DE TR\u00c1FEGO<\/div><\/td><td>Obrigat\u00f3ria<\/td><td>4<\/td><td>60<\/td><\/tr><tr><td>21000029<\/td><td><a href=\"https:\/\/institucional.ufpel.edu.br\/disciplinas\/id\/27767\" target=\"_blank\">TECNOLOGIA  DOS TRANSPORTES TERRESTRES<\/a><div class=\"tabela-detalhe-info\">21000041 - INTRODU\u00c7\u00c3O AO SISTEMA DE TRANSPORTE<\/div><\/td><td>Obrigat\u00f3ria<\/td><td>2<\/td><td>30<\/td><\/tr><tr><td>21000032<\/td><td><a href=\"https:\/\/institucional.ufpel.edu.br\/disciplinas\/id\/27770\" target=\"_blank\">TRANSPORTE E MEIO AMBIENTE<\/a><div class=\"tabela-detalhe-info\">21000041 - INTRODU\u00c7\u00c3O AO SISTEMA DE TRANSPORTE<\/div><div class=\"tabela-detalhe-info\">21000025 - INFRAESTRUTURA DOS TRANSPORTES TERRESTRES II<\/div><div class=\"tabela-detalhe-info\">21000051 - INFRAESTRUTURA DOS TRANSPORTES TERRESTRES I<\/div><\/td><td>Obrigat\u00f3ria<\/td><td>4<\/td><td>60<\/td><\/tr><tr><td>21000028<\/td><td><a href=\"https:\/\/institucional.ufpel.edu.br\/disciplinas\/id\/27766\" target=\"_blank\">TRANSPORTE II - PASSAGEIROS<\/a><div class=\"tabela-detalhe-info\">21000041 - INTRODU\u00c7\u00c3O AO SISTEMA DE TRANSPORTE<\/div><\/td><td>Obrigat\u00f3ria<\/td><td>3<\/td><td>45<\/td><\/tr><tr><td>21000031<\/td><td><a href=\"https:\/\/institucional.ufpel.edu.br\/disciplinas\/id\/27769\" target=\"_blank\">TRANSPORTE N\u00c3O MOTORIZADO<\/a><div class=\"tabela-detalhe-info\">21000041 - INTRODU\u00c7\u00c3O AO SISTEMA DE TRANSPORTE<\/div><\/td><td>Obrigat\u00f3ria<\/td><td>3<\/td><td>45<\/td><\/tr><tr><th colspan=\"5\" class=\"tabela-quebra\">5\u00ba Semestre<\/th><\/tr><tr><th>C\u00f3digo<\/th><th>Disciplina \/ Pr\u00e9-requisitos<\/th><th>Car\u00e1ter<\/th><th>Cr.<\/th><th>Horas<\/th><\/tr><tr><td>21000076<\/td><td><a href=\"https:\/\/institucional.ufpel.edu.br\/disciplinas\/id\/27814\" target=\"_blank\">CUSTOS DO TRANSPORTE RODOVI\u00c1RIO DE CARGAS<\/a><div class=\"tabela-detalhe-info\">21000022 - LOG\u00cdSTICA II<\/div><\/td><td>Obrigat\u00f3ria<\/td><td>3<\/td><td>45<\/td><\/tr><tr><td>21000034<\/td><td><a href=\"https:\/\/institucional.ufpel.edu.br\/disciplinas\/id\/27772\" target=\"_blank\">ECONOMIA DE TRANSPORTES<\/a><div class=\"tabela-detalhe-info\">21000023 - GEST\u00c3O DE CUSTOS<\/div><div class=\"tabela-detalhe-info\">21000041 - INTRODU\u00c7\u00c3O AO SISTEMA DE TRANSPORTE<\/div><\/td><td>Obrigat\u00f3ria<\/td><td>3<\/td><td>45<\/td><\/tr><tr><td>21000036<\/td><td><a href=\"https:\/\/institucional.ufpel.edu.br\/disciplinas\/id\/27774\" target=\"_blank\">EDUCA\u00c7\u00c3O PARA O TRANSITO<\/a><\/td><td>Obrigat\u00f3ria<\/td><td>2<\/td><td>30<\/td><\/tr><tr><td>21000152<\/td><td><a href=\"https:\/\/institucional.ufpel.edu.br\/disciplinas\/id\/27890\" target=\"_blank\">ELABORA\u00c7\u00c3O E GEST\u00c3O DE PROJETOS APLICADA AO SETOR DE TRANSPORTES<\/a><div class=\"tabela-detalhe-info\">21000052 - GEST\u00c3O DA QUALIDADE<\/div><div class=\"tabela-detalhe-info\">21000053 - PLANEJAMENTO ESTRAT\u00c9GICO<\/div><\/td><td>Obrigat\u00f3ria<\/td><td>4<\/td><td>60<\/td><\/tr><tr><td>21000282<\/td><td><a href=\"https:\/\/institucional.ufpel.edu.br\/disciplinas\/id\/48865\" target=\"_blank\">EST\u00c1GIO CURRICULAR OBRIGAT\u00d3RIO<\/a><\/td><td>Obrigat\u00f3ria<\/td><td>13<\/td><td>195<\/td><\/tr><tr><td>21000038<\/td><td><a href=\"https:\/\/institucional.ufpel.edu.br\/disciplinas\/id\/27776\" target=\"_blank\">LEGISLA\u00c7\u00c3O AMBIENTAL E TRANSPORTE TERRESTRE<\/a><div class=\"tabela-detalhe-info\">21000041 - INTRODU\u00c7\u00c3O AO SISTEMA DE TRANSPORTE<\/div><div class=\"tabela-detalhe-info\">21000032 - TRANSPORTE E MEIO AMBIENTE<\/div><div class=\"tabela-detalhe-info\">21000050 - LEGISLA\u00c7\u00c3O DE TR\u00c2NSITO<\/div><\/td><td>Obrigat\u00f3ria<\/td><td>4<\/td><td>60<\/td><\/tr><tr><td>21000037<\/td><td><a href=\"https:\/\/institucional.ufpel.edu.br\/disciplinas\/id\/27775\" target=\"_blank\">SOCIOLOGIA DO TR\u00c2NSITO<\/a><\/td><td>Obrigat\u00f3ria<\/td><td>2<\/td><td>30<\/td><\/tr><tr><td>21000039<\/td><td><a href=\"https:\/\/institucional.ufpel.edu.br\/disciplinas\/id\/27777\" target=\"_blank\">T\u00d3PICOS AVAN\u00c7ADOS EM TRANSPORTES TERRESTRES<\/a><div class=\"tabela-detalhe-info\">21000041 - INTRODU\u00c7\u00c3O AO SISTEMA DE TRANSPORTE<\/div><\/td><td>Obrigat\u00f3ria<\/td><td>4<\/td><td>60<\/td><\/tr><tr><td>21000040<\/td><td><a href=\"https:\/\/institucional.ufpel.edu.br\/disciplinas\/id\/27778\" target=\"_blank\">TRABALHO DE CONCLUS\u00c3O DE CURSO<\/a><div class=\"tabela-detalhe-info\">21000041 - INTRODU\u00c7\u00c3O AO SISTEMA DE TRANSPORTE<\/div><div class=\"tabela-detalhe-info\">21000087 - METODOLOGIA E PESQUISA<\/div><div class=\"tabela-detalhe-info\">21000033 - ORIENTA\u00c7\u00c3O PARA O PROJETO INTERDISCIPLINAR<\/div><\/td><td>Obrigat\u00f3ria<\/td><td>2<\/td><td>30<\/td><\/tr><tr><td>21000035<\/td><td><a href=\"https:\/\/institucional.ufpel.edu.br\/disciplinas\/id\/27773\" target=\"_blank\">TRANSPORTE III - T\u00d3PICOS ESPECIAIS<\/a><div class=\"tabela-detalhe-info\">21000041 - INTRODU\u00c7\u00c3O AO SISTEMA DE TRANSPORTE<\/div><\/td><td>Obrigat\u00f3ria<\/td><td>3<\/td><td>45<\/td><\/tr><tr><th colspan=\"5\" class=\"tabela-quebra\">66<\/th><\/tr><tr><th>C\u00f3digo<\/th><th>Disciplina \/ Pr\u00e9-requisitos<\/th><th>Car\u00e1ter<\/th><th>Cr.<\/th><th>Horas<\/th><\/tr><tr><td>21000284<\/td><td><a href=\"https:\/\/institucional.ufpel.edu.br\/disciplinas\/id\/48867\" target=\"_blank\">ATIVIDADES COMPLEMENTARES<\/a><\/td><td>Atividade complementar<\/td><td><\/td><td>60<\/td><\/tr><tr><th colspan=\"5\" class=\"tabela-quebra\">COMPLEMENTARES<\/th><\/tr><tr><th>C\u00f3digo<\/th><th>Disciplina \/ Pr\u00e9-requisitos<\/th><th>Car\u00e1ter<\/th><th>Cr.<\/th><th>Horas<\/th><\/tr><tr><td>21000283<\/td><td><a href=\"https:\/\/institucional.ufpel.edu.br\/disciplinas\/id\/48866\" target=\"_blank\">ATIVIDADES DE EXTENS\u00c3O (ACE)<\/a><\/td><td>Obrigat\u00f3ria<\/td><td>14<\/td><td>210<\/td><\/tr><tr><th colspan=\"5\" class=\"tabela-quebra\">OPTATIVAS<\/th><\/tr><tr><th>C\u00f3digo<\/th><th>Disciplina \/ Pr\u00e9-requisitos<\/th><th>Car\u00e1ter<\/th><th>Cr.<\/th><th>Horas<\/th><\/tr><tr><td>20000084<\/td><td><a href=\"https:\/\/institucional.ufpel.edu.br\/disciplinas\/id\/28026\" target=\"_blank\">L\u00cdNGUA BRASILEIRA DE SINAIS I ( LIBRAS I )<\/a><\/td><td>Optativa<\/td><td>4<\/td><td>60<\/td><\/tr><\/table>\n","protected":false},"excerpt":{"rendered":"","protected":false},"author":259,"featured_media":0,"parent":0,"menu_order":0,"comment_status":"closed","ping_status":"closed","template":"","meta":{"footnotes":""},"class_list":["post-1875","page","type-page","status-publish","hentry"],"jetpack_sharing_enabled":true,"_links":{"self":[{"href":"https:\/\/wp.ufpel.edu.br\/csttt\/wp-json\/wp\/v2\/pages\/1875","targetHints":{"allow":["GET"]}}],"collection":[{"href":"https:\/\/wp.ufpel.edu.br\/csttt\/wp-json\/wp\/v2\/pages"}],"about":[{"href":"https:\/\/wp.ufpel.edu.br\/csttt\/wp-json\/wp\/v2\/types\/page"}],"author":[{"embeddable":true,"href":"https:\/\/wp.ufpel.edu.br\/csttt\/wp-json\/wp\/v2\/users\/259"}],"replies":[{"embeddable":true,"href":"https:\/\/wp.ufpel.edu.br\/csttt\/wp-json\/wp\/v2\/comments?post=1875"}],"version-history":[{"count":5,"href":"https:\/\/wp.ufpel.edu.br\/csttt\/wp-json\/wp\/v2\/pages\/1875\/revisions"}],"predecessor-version":[{"id":2240,"href":"https:\/\/wp.ufpel.edu.br\/csttt\/wp-json\/wp\/v2\/pages\/1875\/revisions\/2240"}],"wp:attachment":[{"href":"https:\/\/wp.ufpel.edu.br\/csttt\/wp-json\/wp\/v2\/media?parent=1875"}],"curies":[{"name":"wp","href":"https:\/\/api.w.org\/{rel}","templated":true}]}}