{"id":1532,"date":"2017-12-06T14:42:31","date_gmt":"2017-12-06T16:42:31","guid":{"rendered":"https:\/\/wp.ufpel.edu.br\/csttt\/?page_id=1532"},"modified":"2017-12-06T14:45:40","modified_gmt":"2017-12-06T16:45:40","slug":"novo-ppc","status":"publish","type":"page","link":"https:\/\/wp.ufpel.edu.br\/csttt\/novo-ppc\/","title":{"rendered":"Novo PPC"},"content":{"rendered":"<p><a href=\"https:\/\/wp.ufpel.edu.br\/csttt\/files\/2017\/12\/PPC_VERSAO-2017_ap\u00f3s-adequa\u00e7\u00e3o-tem\u00e1tica-Legisla\u00e7\u00e3o-Incendios-e-Desastres.doc\">PPC_VERSAO 2017_ap\u00f3s adequa\u00e7\u00e3o tem\u00e1tica Legisla\u00e7\u00e3o Incendios e Desastres<\/a><\/p>\n","protected":false},"excerpt":{"rendered":"<p>PPC_VERSAO 2017_ap\u00f3s adequa\u00e7\u00e3o tem\u00e1tica Legisla\u00e7\u00e3o Incendios e Desastres<\/p>\n","protected":false},"author":259,"featured_media":0,"parent":0,"menu_order":0,"comment_status":"closed","ping_status":"closed","template":"","meta":{"footnotes":""},"class_list":["post-1532","page","type-page","status-publish","hentry"],"jetpack_sharing_enabled":true,"_links":{"self":[{"href":"https:\/\/wp.ufpel.edu.br\/csttt\/wp-json\/wp\/v2\/pages\/1532","targetHints":{"allow":["GET"]}}],"collection":[{"href":"https:\/\/wp.ufpel.edu.br\/csttt\/wp-json\/wp\/v2\/pages"}],"about":[{"href":"https:\/\/wp.ufpel.edu.br\/csttt\/wp-json\/wp\/v2\/types\/page"}],"author":[{"embeddable":true,"href":"https:\/\/wp.ufpel.edu.br\/csttt\/wp-json\/wp\/v2\/users\/259"}],"replies":[{"embeddable":true,"href":"https:\/\/wp.ufpel.edu.br\/csttt\/wp-json\/wp\/v2\/comments?post=1532"}],"version-history":[{"count":3,"href":"https:\/\/wp.ufpel.edu.br\/csttt\/wp-json\/wp\/v2\/pages\/1532\/revisions"}],"predecessor-version":[{"id":1541,"href":"https:\/\/wp.ufpel.edu.br\/csttt\/wp-json\/wp\/v2\/pages\/1532\/revisions\/1541"}],"wp:attachment":[{"href":"https:\/\/wp.ufpel.edu.br\/csttt\/wp-json\/wp\/v2\/media?parent=1532"}],"curies":[{"name":"wp","href":"https:\/\/api.w.org\/{rel}","templated":true}]}}