{"id":15,"date":"2013-05-09T16:23:50","date_gmt":"2013-05-09T19:23:50","guid":{"rendered":"https:\/\/wp.ufpel.edu.br\/csttt\/?page_id=15"},"modified":"2021-09-30T19:12:58","modified_gmt":"2021-09-30T22:12:58","slug":"colegiado","status":"publish","type":"page","link":"https:\/\/wp.ufpel.edu.br\/csttt\/colegiado\/","title":{"rendered":"Colegiado\/NDE"},"content":{"rendered":"<p style=\"text-align: center\"><strong>Colegiado\u00a0<\/strong><\/p>\n<p>O Colegiado do CSTTT tem como compet\u00eancia deliberar sobre as atividades did\u00e1tico-pedag\u00f3gicas do curso, al\u00e9m de planejar, organizar, coordenar, superintender e fiscalizar o seu desenvolvimento.<br \/>\n\u00c9 constitu\u00eddo pelos Docentes em efetivo exerc\u00edcio e pela representa\u00e7\u00e3o discente. A dire\u00e7\u00e3o do Colegiado de Curso \u00e9 exercida pelo um Coordenador do CSTTT.<\/p>\n<p><strong>Integrantes:<\/strong><\/p>\n<ul>\n<li>Prof\u00aa. Dr\u00aa. Raquel da Fonseca\u00a0Holz<\/li>\n<li>Prof\u00aa. Dr\u00aa. Let\u00edcia Dexheimer (Coordenadora Adjunta)<\/li>\n<li>Prof\u00aa. Dr\u00aa. Fernanda Weber (Coordenadora)<\/li>\n<li>Prof\u00aa. Dr.\u00aa.\u00a0Clara Nat\u00e1lia Steigleder Walter<\/li>\n<li>Prof. Dr. Eduardo de Oliveira Wilk<\/li>\n<li>Prof. Dr. F\u00e1bio Saraiva da Rocha<\/li>\n<li>Prof. Dr. Carlos Oliva Pretto<\/li>\n<li>Acad\u00eamico Jerri Santos da Silva (representante discente)<\/li>\n<\/ul>\n<p><strong>Alguns documentos \u00fateis:<\/strong><\/p>\n<p>Resumo das disciplinas, cr\u00e9ditos e carga hor\u00e1ria do curso:<\/p>\n<ul>\n<li><a href=\"https:\/\/institucional.ufpel.edu.br\/cursos\/cod\/7500#curriculo\">https:\/\/institucional.ufpel.edu.br\/cursos\/cod\/7500#curriculo<\/a><\/li>\n<\/ul>\n<p style=\"text-align: left\">Formul\u00e1rio de Monitoria Volunt\u00e1ria:<\/p>\n<ul>\n<li><a href=\"https:\/\/wp.ufpel.edu.br\/csttt\/files\/2013\/05\/Monitoria-volunt\u00e1ria-modelo.doc\">Monitoria volunt\u00e1ria modelo<\/a><\/li>\n<\/ul>\n<p style=\"text-align: center\">\u00a0<strong>N\u00facleo Docente Estruturante (NDE)<\/strong><\/p>\n<p>O NDE tem fun\u00e7\u00e3o consultiva, propositiva e de assessoramento sobre mat\u00e9ria de natureza acad\u00eamica. Integra a estrutura de gest\u00e3o acad\u00eamica em cada curso de gradua\u00e7\u00e3o, sendo co-respons\u00e1vel pela elabora\u00e7\u00e3o, implementa\u00e7\u00e3o, atualiza\u00e7\u00e3o e consolida\u00e7\u00e3o do Projeto Pedag\u00f3gico do Curso (PPC).<\/p>\n<p><strong>Integrantes:<\/strong><\/p>\n<ul>\n<li>Prof.\u00aa Dr\u00aa. Raquel da Fonseca Holz<\/li>\n<li>Prof. Dr. F\u00e1bio Saraiva da Rocha \u00a0(Coordenador)<\/li>\n<li>Prof. Dr. Eduardo de Oliveira Wilk<\/li>\n<li>Prof.\u00aa. Dr\u00aa. Let\u00edcia Dexheimer<\/li>\n<li>Prof.\u00aa. Dr\u00aa. Fernanda Weber (Coordenadora Adjunta)<\/li>\n<li>Prof.\u00aa. Dr.\u00aa. Clara Nat\u00e1lia Steigleder Walter<\/li>\n<li>Prof. Dr. Carlos Oliva Pretto<\/li>\n<\/ul>\n","protected":false},"excerpt":{"rendered":"<p>Colegiado\u00a0 O Colegiado do CSTTT tem como compet\u00eancia deliberar sobre as atividades did\u00e1tico-pedag\u00f3gicas do curso, al\u00e9m de planejar, organizar, coordenar, superintender e fiscalizar o seu desenvolvimento. \u00c9 constitu\u00eddo pelos Docentes em efetivo exerc\u00edcio e pela representa\u00e7\u00e3o discente. A dire\u00e7\u00e3o do &hellip; <a href=\"https:\/\/wp.ufpel.edu.br\/csttt\/colegiado\/\">Continue lendo <span class=\"meta-nav\">&rarr;<\/span><\/a><\/p>\n","protected":false},"author":259,"featured_media":0,"parent":0,"menu_order":0,"comment_status":"closed","ping_status":"closed","template":"","meta":{"footnotes":""},"class_list":["post-15","page","type-page","status-publish","hentry"],"jetpack_sharing_enabled":true,"_links":{"self":[{"href":"https:\/\/wp.ufpel.edu.br\/csttt\/wp-json\/wp\/v2\/pages\/15","targetHints":{"allow":["GET"]}}],"collection":[{"href":"https:\/\/wp.ufpel.edu.br\/csttt\/wp-json\/wp\/v2\/pages"}],"about":[{"href":"https:\/\/wp.ufpel.edu.br\/csttt\/wp-json\/wp\/v2\/types\/page"}],"author":[{"embeddable":true,"href":"https:\/\/wp.ufpel.edu.br\/csttt\/wp-json\/wp\/v2\/users\/259"}],"replies":[{"embeddable":true,"href":"https:\/\/wp.ufpel.edu.br\/csttt\/wp-json\/wp\/v2\/comments?post=15"}],"version-history":[{"count":21,"href":"https:\/\/wp.ufpel.edu.br\/csttt\/wp-json\/wp\/v2\/pages\/15\/revisions"}],"predecessor-version":[{"id":2266,"href":"https:\/\/wp.ufpel.edu.br\/csttt\/wp-json\/wp\/v2\/pages\/15\/revisions\/2266"}],"wp:attachment":[{"href":"https:\/\/wp.ufpel.edu.br\/csttt\/wp-json\/wp\/v2\/media?parent=15"}],"curies":[{"name":"wp","href":"https:\/\/api.w.org\/{rel}","templated":true}]}}