{"id":1176,"date":"2016-07-21T21:16:02","date_gmt":"2016-07-22T00:16:02","guid":{"rendered":"https:\/\/wp.ufpel.edu.br\/csttt\/?page_id=1176"},"modified":"2016-08-12T07:59:57","modified_gmt":"2016-08-12T10:59:57","slug":"micro-cenas-do-cotidiano-da-circulacao","status":"publish","type":"page","link":"https:\/\/wp.ufpel.edu.br\/csttt\/micro-cenas-do-cotidiano-da-circulacao\/","title":{"rendered":"Micro cenas do cotidiano da circula\u00e7\u00e3o"},"content":{"rendered":"<p><a href=\"https:\/\/wp.ufpel.edu.br\/csttt\/files\/2016\/07\/Fotografia-de-Filipe-Vasconcelos_Macei\u00f3.Alagoas.jpg\"><img loading=\"lazy\" decoding=\"async\" class=\"alignnone size-full wp-image-1179\" src=\"https:\/\/wp.ufpel.edu.br\/csttt\/files\/2016\/07\/Fotografia-de-Filipe-Vasconcelos_Macei\u00f3.Alagoas.jpg\" alt=\"Fotografia de Filipe Vasconcelos_Macei\u00f3.Alagoas\" width=\"993\" height=\"701\" srcset=\"https:\/\/wp.ufpel.edu.br\/csttt\/files\/2016\/07\/Fotografia-de-Filipe-Vasconcelos_Macei\u00f3.Alagoas.jpg 993w, https:\/\/wp.ufpel.edu.br\/csttt\/files\/2016\/07\/Fotografia-de-Filipe-Vasconcelos_Macei\u00f3.Alagoas-212x150.jpg 212w, https:\/\/wp.ufpel.edu.br\/csttt\/files\/2016\/07\/Fotografia-de-Filipe-Vasconcelos_Macei\u00f3.Alagoas-424x299.jpg 424w, https:\/\/wp.ufpel.edu.br\/csttt\/files\/2016\/07\/Fotografia-de-Filipe-Vasconcelos_Macei\u00f3.Alagoas-768x542.jpg 768w, https:\/\/wp.ufpel.edu.br\/csttt\/files\/2016\/07\/Fotografia-de-Filipe-Vasconcelos_Macei\u00f3.Alagoas-945x667.jpg 945w, https:\/\/wp.ufpel.edu.br\/csttt\/files\/2016\/07\/Fotografia-de-Filipe-Vasconcelos_Macei\u00f3.Alagoas-600x424.jpg 600w\" sizes=\"auto, (max-width: 993px) 100vw, 993px\" \/><\/a><\/p>\n<p>Foto de Filipe Vasconcelos (selecionado na Mostra Fotogr\u00e1fica Olhares sobre o Transporte Terrestre_2016)<\/p>\n<p>Como forma de desafiar os alunos do CSTTT \u00e0 constru\u00e7\u00e3o de um olhar sociol\u00f3gico sobre a circula\u00e7\u00e3o, na disciplina de Sociologia do Tr\u00e2nsito s\u00e3o discutidas an\u00e1lises de autores como Roberto DaMatta, Eduardo Vasconcellos e Guillermo O&#8217;Donnel, al\u00e9m dos cl\u00e1ssicos como Marx, Durkheim e Weber.<\/p>\n<p>No final do semestre \u00e9 o momento dos alunos criarem suas pr\u00f3prias an\u00e1lises de cenas do cotidiano da circula\u00e7\u00e3o, vivenciadas, observadas, ouvidas por eles e analisadas \u00e0 luz de um dos autores estudados. Boa leitura!<\/p>\n<p><a href=\"https:\/\/wp.ufpel.edu.br\/csttt\/files\/2016\/07\/Microcena_Claudiomiro-Neves-.pdf\">Microcena_Claudiomiro Neves<\/a><\/p>\n<p><a href=\"https:\/\/wp.ufpel.edu.br\/csttt\/files\/2016\/07\/Microcena_Carla-Elisa-Kohl.pdf\">Microcena_Carla Elisa Kohl<\/a><\/p>\n<p><a href=\"https:\/\/wp.ufpel.edu.br\/csttt\/files\/2016\/07\/Microcena_Robson-Carvalho.pdf\">Microcena_Robson Carvalho<\/a><\/p>\n<p><a href=\"https:\/\/wp.ufpel.edu.br\/csttt\/files\/2016\/07\/Microcena_Ana-Paula-Mendieta.pdf\">Microcena_Ana Paula Mendieta<\/a><\/p>\n","protected":false},"excerpt":{"rendered":"<p>Foto de Filipe Vasconcelos (selecionado na Mostra Fotogr\u00e1fica Olhares sobre o Transporte Terrestre_2016) Como forma de desafiar os alunos do CSTTT \u00e0 constru\u00e7\u00e3o de um olhar sociol\u00f3gico sobre a circula\u00e7\u00e3o, na disciplina de Sociologia do Tr\u00e2nsito s\u00e3o discutidas an\u00e1lises de &hellip; <a href=\"https:\/\/wp.ufpel.edu.br\/csttt\/micro-cenas-do-cotidiano-da-circulacao\/\">Continue lendo <span class=\"meta-nav\">&rarr;<\/span><\/a><\/p>\n","protected":false},"author":259,"featured_media":0,"parent":0,"menu_order":0,"comment_status":"closed","ping_status":"closed","template":"","meta":{"footnotes":""},"class_list":["post-1176","page","type-page","status-publish","hentry"],"jetpack_sharing_enabled":true,"_links":{"self":[{"href":"https:\/\/wp.ufpel.edu.br\/csttt\/wp-json\/wp\/v2\/pages\/1176","targetHints":{"allow":["GET"]}}],"collection":[{"href":"https:\/\/wp.ufpel.edu.br\/csttt\/wp-json\/wp\/v2\/pages"}],"about":[{"href":"https:\/\/wp.ufpel.edu.br\/csttt\/wp-json\/wp\/v2\/types\/page"}],"author":[{"embeddable":true,"href":"https:\/\/wp.ufpel.edu.br\/csttt\/wp-json\/wp\/v2\/users\/259"}],"replies":[{"embeddable":true,"href":"https:\/\/wp.ufpel.edu.br\/csttt\/wp-json\/wp\/v2\/comments?post=1176"}],"version-history":[{"count":10,"href":"https:\/\/wp.ufpel.edu.br\/csttt\/wp-json\/wp\/v2\/pages\/1176\/revisions"}],"predecessor-version":[{"id":1207,"href":"https:\/\/wp.ufpel.edu.br\/csttt\/wp-json\/wp\/v2\/pages\/1176\/revisions\/1207"}],"wp:attachment":[{"href":"https:\/\/wp.ufpel.edu.br\/csttt\/wp-json\/wp\/v2\/media?parent=1176"}],"curies":[{"name":"wp","href":"https:\/\/api.w.org\/{rel}","templated":true}]}}