{"id":106,"date":"2013-05-13T11:06:47","date_gmt":"2013-05-13T14:06:47","guid":{"rendered":"https:\/\/wp.ufpel.edu.br\/csttt\/?page_id=106"},"modified":"2020-07-06T10:50:24","modified_gmt":"2020-07-06T13:50:24","slug":"contato","status":"publish","type":"page","link":"https:\/\/wp.ufpel.edu.br\/csttt\/contato\/","title":{"rendered":"Contato"},"content":{"rendered":"<p><strong>CURSO SUPERIOR DE TECNOLOGIA EM TRANSPORTE TERRESTRE<\/strong><\/p>\n<p>Rua Argentina, 370 (secretaria) e<\/p>\n<p>Rua Francisca da Silva, 319 &#8211;\u00a0Bairro Ch\u00e1cara<br \/>\nEldorado do Sul \u2013 RS<br \/>\nJunto \u00e0s depend\u00eancias da Escola Municipal Con\u00eago Eug\u00eanio Mees<br \/>\nCEP: 92990-000<\/p>\n<p><em>Coordenadora:\u00a0<\/em>Prof.\u00aa Dr.\u00aa Fernanda David Weber<\/p>\n<p><em>Coordenadora Adjunta<\/em>: Prof.\u00aa Dr.\u00aa Let\u00edcia Dexheimer<\/p>\n<p>Contato com a coordena\u00e7\u00e3o:\u00a0<a href=\"mailto:secretaria.csttt@gmail.com\" target=\"_blank\" rel=\"noopener noreferrer\">coordenacao.csttt@gmail.com<\/a><\/p>\n<p>&nbsp;<\/p>\n<p>Secret\u00e1rio do curso: Leandro Passos Rangel<\/p>\n<p>Contato com a secretaria:\u00a0<a href=\"mailto:secretaria.csttt@gmail.com\" target=\"_blank\" rel=\"noopener noreferrer\">secretaria.csttt@gmail.com<\/a><\/p>\n<p>Hor\u00e1rio de funcionamento da secretaria:<\/p>\n<p>Devido \u00e0 situa\u00e7\u00e3o de pandemia, a sede permanece fechada. Contatos podem ser feitos por e-mail.<\/p>\n<p>&nbsp;<\/p>\n<p>Siga-nos pelo endere\u00e7o:<\/p>\n<p class=\"western\" style=\"margin-bottom: 0cm\"><strong>https:\/\/twitter.com\/CSTTT_UFPel<\/strong><\/p>\n<p>Fones: (51) 3481 3969 e (51) 9929 88 825<\/p>\n<p>&nbsp;<\/p>\n","protected":false},"excerpt":{"rendered":"<p>CURSO SUPERIOR DE TECNOLOGIA EM TRANSPORTE TERRESTRE Rua Argentina, 370 (secretaria) e Rua Francisca da Silva, 319 &#8211;\u00a0Bairro Ch\u00e1cara Eldorado do Sul \u2013 RS Junto \u00e0s depend\u00eancias da Escola Municipal Con\u00eago Eug\u00eanio Mees CEP: 92990-000 Coordenadora:\u00a0Prof.\u00aa Dr.\u00aa Fernanda David Weber &hellip; <a href=\"https:\/\/wp.ufpel.edu.br\/csttt\/contato\/\">Continue lendo <span class=\"meta-nav\">&rarr;<\/span><\/a><\/p>\n","protected":false},"author":259,"featured_media":0,"parent":0,"menu_order":0,"comment_status":"closed","ping_status":"closed","template":"","meta":{"footnotes":""},"class_list":["post-106","page","type-page","status-publish","hentry"],"jetpack_sharing_enabled":true,"_links":{"self":[{"href":"https:\/\/wp.ufpel.edu.br\/csttt\/wp-json\/wp\/v2\/pages\/106","targetHints":{"allow":["GET"]}}],"collection":[{"href":"https:\/\/wp.ufpel.edu.br\/csttt\/wp-json\/wp\/v2\/pages"}],"about":[{"href":"https:\/\/wp.ufpel.edu.br\/csttt\/wp-json\/wp\/v2\/types\/page"}],"author":[{"embeddable":true,"href":"https:\/\/wp.ufpel.edu.br\/csttt\/wp-json\/wp\/v2\/users\/259"}],"replies":[{"embeddable":true,"href":"https:\/\/wp.ufpel.edu.br\/csttt\/wp-json\/wp\/v2\/comments?post=106"}],"version-history":[{"count":16,"href":"https:\/\/wp.ufpel.edu.br\/csttt\/wp-json\/wp\/v2\/pages\/106\/revisions"}],"predecessor-version":[{"id":764,"href":"https:\/\/wp.ufpel.edu.br\/csttt\/wp-json\/wp\/v2\/pages\/106\/revisions\/764"}],"wp:attachment":[{"href":"https:\/\/wp.ufpel.edu.br\/csttt\/wp-json\/wp\/v2\/media?parent=106"}],"curies":[{"name":"wp","href":"https:\/\/api.w.org\/{rel}","templated":true}]}}