{"id":96,"date":"2019-01-13T21:00:23","date_gmt":"2019-01-13T23:00:23","guid":{"rendered":"https:\/\/wp.ufpel.edu.br\/criticamusical\/?page_id=96"},"modified":"2020-11-02T20:30:34","modified_gmt":"2020-11-02T23:30:34","slug":"programacao","status":"publish","type":"page","link":"https:\/\/wp.ufpel.edu.br\/criticamusical\/simposios\/i-simposio-internacional-musica-e-critica\/programacao\/","title":{"rendered":"Programa\u00e7\u00e3o"},"content":{"rendered":"<p style=\"text-align: center\">I Simp\u00f3sio Internacional M\u00fasica e Cr\u00edtica<\/p>\n<p><img class=\"aligncenter wp-image-98 \" src=\"https:\/\/wp.ufpel.edu.br\/criticamusical\/files\/2019\/01\/Programa\u00e7\u00e3o.jpg\" alt=\"\" width=\"775\" height=\"836\" srcset=\"https:\/\/wp.ufpel.edu.br\/criticamusical\/files\/2019\/01\/Programa\u00e7\u00e3o.jpg 641w, https:\/\/wp.ufpel.edu.br\/criticamusical\/files\/2019\/01\/Programa\u00e7\u00e3o-371x400.jpg 371w\" sizes=\"(max-width: 775px) 100vw, 775px\" \/><\/p>\n","protected":false},"excerpt":{"rendered":"<p>I Simp\u00f3sio Internacional M\u00fasica e Cr\u00edtica<\/p>\n","protected":false},"author":893,"featured_media":0,"parent":34,"menu_order":3,"comment_status":"closed","ping_status":"closed","template":"","meta":{"footnotes":""},"class_list":["post-96","page","type-page","status-publish","hentry"],"jetpack_likes_enabled":true,"jetpack_sharing_enabled":true,"_links":{"self":[{"href":"https:\/\/wp.ufpel.edu.br\/criticamusical\/wp-json\/wp\/v2\/pages\/96","targetHints":{"allow":["GET"]}}],"collection":[{"href":"https:\/\/wp.ufpel.edu.br\/criticamusical\/wp-json\/wp\/v2\/pages"}],"about":[{"href":"https:\/\/wp.ufpel.edu.br\/criticamusical\/wp-json\/wp\/v2\/types\/page"}],"author":[{"embeddable":true,"href":"https:\/\/wp.ufpel.edu.br\/criticamusical\/wp-json\/wp\/v2\/users\/893"}],"replies":[{"embeddable":true,"href":"https:\/\/wp.ufpel.edu.br\/criticamusical\/wp-json\/wp\/v2\/comments?post=96"}],"version-history":[{"count":4,"href":"https:\/\/wp.ufpel.edu.br\/criticamusical\/wp-json\/wp\/v2\/pages\/96\/revisions"}],"predecessor-version":[{"id":736,"href":"https:\/\/wp.ufpel.edu.br\/criticamusical\/wp-json\/wp\/v2\/pages\/96\/revisions\/736"}],"up":[{"embeddable":true,"href":"https:\/\/wp.ufpel.edu.br\/criticamusical\/wp-json\/wp\/v2\/pages\/34"}],"wp:attachment":[{"href":"https:\/\/wp.ufpel.edu.br\/criticamusical\/wp-json\/wp\/v2\/media?parent=96"}],"curies":[{"name":"wp","href":"https:\/\/api.w.org\/{rel}","templated":true}]}}