{"id":921,"date":"2021-11-22T13:22:34","date_gmt":"2021-11-22T16:22:34","guid":{"rendered":"https:\/\/wp.ufpel.edu.br\/criticamusical\/?page_id=921"},"modified":"2021-11-22T14:26:51","modified_gmt":"2021-11-22T17:26:51","slug":"kamille-viola","status":"publish","type":"page","link":"https:\/\/wp.ufpel.edu.br\/criticamusical\/simposios\/v-simposio-internacional-musica-e-critica\/convidados\/kamille-viola\/","title":{"rendered":"Kamille Viola"},"content":{"rendered":"<p><img class=\"alignleft wp-image-930 size-thumbnail\" src=\"https:\/\/wp.ufpel.edu.br\/criticamusical\/files\/2021\/11\/Kamille-Viola-by-Daniela-Dacorso-200x200.png\" alt=\"\" width=\"200\" height=\"200\" \/>Jornalista e autora do livro &#8220;\u00c1frica Brasil: Um dia Jorge Ben voou para toda a gente ver&#8221; (Edi\u00e7\u00f5es Sesc), finalista do Pr\u00eamio Jabuti em 2021. Atualmente, \u00e9 rep\u00f3rter da revista Veja Rio. Tem passagens e colabora\u00e7\u00f5es por ve\u00edculos como UOL, O Estado de S. Paulo, Trip, O Dia, O Globo, Folha de S. Paulo, Billboard Brasil, Bizz, Marie Claire, Canal Futura e News Deeply, entre outros. Ganhou o Pr\u00eamio Imprensa Embratel 2009 e o Pr\u00eamio Petrobras de Jornalismo em 2014. Fez parte de j\u00faris como o da Chamada Petrobras M\u00fasica em Movimento 2019, o do Edital de Cultura Oi Futuro 2019 e o do In-Edit Brasil \u2013 Festival Internacional do Document\u00e1rio Musical 2021, entre outros.<\/p>\n<p>Foto: Daniela Dacorso<\/p>\n","protected":false},"excerpt":{"rendered":"<p>Jornalista e autora do livro &#8220;\u00c1frica Brasil: Um dia Jorge Ben voou para toda a gente ver&#8221; (Edi\u00e7\u00f5es Sesc), finalista do Pr\u00eamio Jabuti em 2021. Atualmente, \u00e9 rep\u00f3rter da revista Veja Rio. Tem passagens e colabora\u00e7\u00f5es por ve\u00edculos como UOL, O Estado de S. Paulo, Trip, O Dia, O Globo, Folha de S. Paulo, Billboard [&hellip;]<\/p>\n","protected":false},"author":893,"featured_media":0,"parent":869,"menu_order":4,"comment_status":"closed","ping_status":"closed","template":"","meta":{"footnotes":""},"class_list":["post-921","page","type-page","status-publish","hentry"],"jetpack_likes_enabled":true,"jetpack_sharing_enabled":true,"_links":{"self":[{"href":"https:\/\/wp.ufpel.edu.br\/criticamusical\/wp-json\/wp\/v2\/pages\/921","targetHints":{"allow":["GET"]}}],"collection":[{"href":"https:\/\/wp.ufpel.edu.br\/criticamusical\/wp-json\/wp\/v2\/pages"}],"about":[{"href":"https:\/\/wp.ufpel.edu.br\/criticamusical\/wp-json\/wp\/v2\/types\/page"}],"author":[{"embeddable":true,"href":"https:\/\/wp.ufpel.edu.br\/criticamusical\/wp-json\/wp\/v2\/users\/893"}],"replies":[{"embeddable":true,"href":"https:\/\/wp.ufpel.edu.br\/criticamusical\/wp-json\/wp\/v2\/comments?post=921"}],"version-history":[{"count":4,"href":"https:\/\/wp.ufpel.edu.br\/criticamusical\/wp-json\/wp\/v2\/pages\/921\/revisions"}],"predecessor-version":[{"id":936,"href":"https:\/\/wp.ufpel.edu.br\/criticamusical\/wp-json\/wp\/v2\/pages\/921\/revisions\/936"}],"up":[{"embeddable":true,"href":"https:\/\/wp.ufpel.edu.br\/criticamusical\/wp-json\/wp\/v2\/pages\/869"}],"wp:attachment":[{"href":"https:\/\/wp.ufpel.edu.br\/criticamusical\/wp-json\/wp\/v2\/media?parent=921"}],"curies":[{"name":"wp","href":"https:\/\/api.w.org\/{rel}","templated":true}]}}