{"id":913,"date":"2021-11-22T13:15:17","date_gmt":"2021-11-22T16:15:17","guid":{"rendered":"https:\/\/wp.ufpel.edu.br\/criticamusical\/?page_id=913"},"modified":"2021-11-22T13:26:38","modified_gmt":"2021-11-22T16:26:38","slug":"nayive-ananias","status":"publish","type":"page","link":"https:\/\/wp.ufpel.edu.br\/criticamusical\/simposios\/v-simposio-internacional-musica-e-critica\/convidados\/nayive-ananias\/","title":{"rendered":"Nayive Anan\u00edas"},"content":{"rendered":"<p><img class=\"alignleft wp-image-915 size-thumbnail\" src=\"https:\/\/wp.ufpel.edu.br\/criticamusical\/files\/2021\/11\/Nayive-Anani\u0301as-200x200.jpeg\" alt=\"\" width=\"200\" height=\"200\" \/> \u00c9 jornalista e Mestre em Musicologia Latino-Americana pela Universidade Alberto Hurtado, Chile. Ela tem trabalhado em v\u00e1rios meios de comunica\u00e7\u00e3o e em projetos de pesquisa sobre m\u00fasica e g\u00eanero. Atualmente, est\u00e1 concluindo sua tese de Doutorado em Artes com men\u00e7\u00e3o em M\u00fasica pela Pontif\u00edcia Universidade Cat\u00f3lica do Chile. Suas linhas de pesquisa est\u00e3o vinculadas \u00e0 m\u00fasica popular durante as ditaduras na Am\u00e9rica do Sul, \u00e0s cenas musicais queer e ao estudo da cr\u00edtica musical feminina, tanto no Brasil quanto na Am\u00e9rica Latina.<\/p>\n","protected":false},"excerpt":{"rendered":"<p>\u00c9 jornalista e Mestre em Musicologia Latino-Americana pela Universidade Alberto Hurtado, Chile. Ela tem trabalhado em v\u00e1rios meios de comunica\u00e7\u00e3o e em projetos de pesquisa sobre m\u00fasica e g\u00eanero. Atualmente, est\u00e1 concluindo sua tese de Doutorado em Artes com men\u00e7\u00e3o em M\u00fasica pela Pontif\u00edcia Universidade Cat\u00f3lica do Chile. Suas linhas de pesquisa est\u00e3o vinculadas \u00e0 [&hellip;]<\/p>\n","protected":false},"author":893,"featured_media":0,"parent":869,"menu_order":6,"comment_status":"closed","ping_status":"closed","template":"","meta":{"footnotes":""},"class_list":["post-913","page","type-page","status-publish","hentry"],"jetpack_likes_enabled":true,"jetpack_sharing_enabled":true,"_links":{"self":[{"href":"https:\/\/wp.ufpel.edu.br\/criticamusical\/wp-json\/wp\/v2\/pages\/913","targetHints":{"allow":["GET"]}}],"collection":[{"href":"https:\/\/wp.ufpel.edu.br\/criticamusical\/wp-json\/wp\/v2\/pages"}],"about":[{"href":"https:\/\/wp.ufpel.edu.br\/criticamusical\/wp-json\/wp\/v2\/types\/page"}],"author":[{"embeddable":true,"href":"https:\/\/wp.ufpel.edu.br\/criticamusical\/wp-json\/wp\/v2\/users\/893"}],"replies":[{"embeddable":true,"href":"https:\/\/wp.ufpel.edu.br\/criticamusical\/wp-json\/wp\/v2\/comments?post=913"}],"version-history":[{"count":1,"href":"https:\/\/wp.ufpel.edu.br\/criticamusical\/wp-json\/wp\/v2\/pages\/913\/revisions"}],"predecessor-version":[{"id":916,"href":"https:\/\/wp.ufpel.edu.br\/criticamusical\/wp-json\/wp\/v2\/pages\/913\/revisions\/916"}],"up":[{"embeddable":true,"href":"https:\/\/wp.ufpel.edu.br\/criticamusical\/wp-json\/wp\/v2\/pages\/869"}],"wp:attachment":[{"href":"https:\/\/wp.ufpel.edu.br\/criticamusical\/wp-json\/wp\/v2\/media?parent=913"}],"curies":[{"name":"wp","href":"https:\/\/api.w.org\/{rel}","templated":true}]}}