{"id":900,"date":"2021-11-22T12:13:58","date_gmt":"2021-11-22T15:13:58","guid":{"rendered":"https:\/\/wp.ufpel.edu.br\/criticamusical\/?page_id=900"},"modified":"2021-11-22T12:21:34","modified_gmt":"2021-11-22T15:21:34","slug":"caderno-de-resumos","status":"publish","type":"page","link":"https:\/\/wp.ufpel.edu.br\/criticamusical\/simposios\/v-simposio-internacional-musica-e-critica\/caderno-de-resumos\/","title":{"rendered":"Caderno de Resumos"},"content":{"rendered":"<p style=\"text-align: center\"><img class=\"aligncenter wp-image-889 size-large\" src=\"https:\/\/wp.ufpel.edu.br\/criticamusical\/files\/2021\/11\/Caderno-de-Resumos-V-Simposio-Internacional-Musica-e-Critica_Page_01-724x1024.png\" alt=\"\" width=\"724\" height=\"1024\" srcset=\"https:\/\/wp.ufpel.edu.br\/criticamusical\/files\/2021\/11\/Caderno-de-Resumos-V-Simposio-Internacional-Musica-e-Critica_Page_01-724x1024.png 724w, https:\/\/wp.ufpel.edu.br\/criticamusical\/files\/2021\/11\/Caderno-de-Resumos-V-Simposio-Internacional-Musica-e-Critica_Page_01-283x400.png 283w, https:\/\/wp.ufpel.edu.br\/criticamusical\/files\/2021\/11\/Caderno-de-Resumos-V-Simposio-Internacional-Musica-e-Critica_Page_01-768x1087.png 768w, https:\/\/wp.ufpel.edu.br\/criticamusical\/files\/2021\/11\/Caderno-de-Resumos-V-Simposio-Internacional-Musica-e-Critica_Page_01-1085x1536.png 1085w, https:\/\/wp.ufpel.edu.br\/criticamusical\/files\/2021\/11\/Caderno-de-Resumos-V-Simposio-Internacional-Musica-e-Critica_Page_01.png 1240w\" sizes=\"(max-width: 724px) 100vw, 724px\" \/><a href=\"https:\/\/wp.ufpel.edu.br\/criticamusical\/files\/2021\/11\/Caderno-de-Resumos-V-Simposio-Internacional-Musica-e-Critica.pdf\">Caderno de Resumos &#8211; V Simp\u00f3sio Internacional M\u00fasica e Cr\u00edtica<\/a><\/p>\n","protected":false},"excerpt":{"rendered":"<p>Caderno de Resumos &#8211; V Simp\u00f3sio Internacional M\u00fasica e Cr\u00edtica<\/p>\n","protected":false},"author":893,"featured_media":0,"parent":863,"menu_order":4,"comment_status":"closed","ping_status":"closed","template":"","meta":{"footnotes":""},"class_list":["post-900","page","type-page","status-publish","hentry"],"jetpack_likes_enabled":true,"jetpack_sharing_enabled":true,"_links":{"self":[{"href":"https:\/\/wp.ufpel.edu.br\/criticamusical\/wp-json\/wp\/v2\/pages\/900","targetHints":{"allow":["GET"]}}],"collection":[{"href":"https:\/\/wp.ufpel.edu.br\/criticamusical\/wp-json\/wp\/v2\/pages"}],"about":[{"href":"https:\/\/wp.ufpel.edu.br\/criticamusical\/wp-json\/wp\/v2\/types\/page"}],"author":[{"embeddable":true,"href":"https:\/\/wp.ufpel.edu.br\/criticamusical\/wp-json\/wp\/v2\/users\/893"}],"replies":[{"embeddable":true,"href":"https:\/\/wp.ufpel.edu.br\/criticamusical\/wp-json\/wp\/v2\/comments?post=900"}],"version-history":[{"count":4,"href":"https:\/\/wp.ufpel.edu.br\/criticamusical\/wp-json\/wp\/v2\/pages\/900\/revisions"}],"predecessor-version":[{"id":906,"href":"https:\/\/wp.ufpel.edu.br\/criticamusical\/wp-json\/wp\/v2\/pages\/900\/revisions\/906"}],"up":[{"embeddable":true,"href":"https:\/\/wp.ufpel.edu.br\/criticamusical\/wp-json\/wp\/v2\/pages\/863"}],"wp:attachment":[{"href":"https:\/\/wp.ufpel.edu.br\/criticamusical\/wp-json\/wp\/v2\/media?parent=900"}],"curies":[{"name":"wp","href":"https:\/\/api.w.org\/{rel}","templated":true}]}}