{"id":878,"date":"2021-11-22T09:51:30","date_gmt":"2021-11-22T12:51:30","guid":{"rendered":"https:\/\/wp.ufpel.edu.br\/criticamusical\/?page_id=878"},"modified":"2021-11-22T13:26:09","modified_gmt":"2021-11-22T16:26:09","slug":"cristina-fernandes","status":"publish","type":"page","link":"https:\/\/wp.ufpel.edu.br\/criticamusical\/simposios\/v-simposio-internacional-musica-e-critica\/convidados\/cristina-fernandes\/","title":{"rendered":"Cristina Fernandes"},"content":{"rendered":"<p><img class=\"alignleft wp-image-821 size-thumbnail\" src=\"https:\/\/wp.ufpel.edu.br\/criticamusical\/files\/2021\/11\/Foto-CF-200x200.jpg\" alt=\"\" width=\"200\" height=\"200\" \/> Cristina Fernandes \u00e9 investigadora contratada no INET-md, Universidade Nova de Lisboa. Entre 2011 e 2017 realizou um p\u00f3s-doutoramento sobre as pr\u00e1ticas musicais e o cerimonial da Capela Real e Patriarcal de Lisboa (1716-1834), com uma bolsa da FCT, e entre 2015 e 2017 coordenou a linha tem\u00e1tica do INET-md \u201cAbordagens Hist\u00f3ricas \u00e0 Performance Musical\u201d. Faz parte das equipas dos projectos <em>PerformArt-Promoting, Patronising and Practising the Arts in Roman Aristocratic Families (1644-1740)<\/em> (CNRS, \u00c9FR-Rome, financiado pelo ERC) e <em>MUSIN-<\/em><em>La m\u00fasica como interpretaci\u00f3n en Espa\u00f1a: historia y recepci\u00f3n (1730-1930)<\/em> (Univ. de La Rioja) e \u00e9 co-IR do projecto <em>PROFMUS-Ser M\u00fasico em Portugal: a condi\u00e7\u00e3o s\u00f3cio-profissional dos m\u00fasicos em Lisboa <\/em>(NOVA FCSH\/FCT). \u00c9 autora de v\u00e1rios livros e artigos sobre a m\u00fasica e a cultura no s\u00e9culo XVIII, entre outros temas, e \u00e9 cr\u00edtica de m\u00fasica do jornal P\u00fablico. Recentemente, coordenou (c\/M. A. Aguilar Rancel) o volume intitulado <em>A imprensa como fonte para a hist\u00f3ria da interpreta\u00e7\u00e3o musical <\/em>(BNP, INET-md, 2021).<\/p>\n","protected":false},"excerpt":{"rendered":"<p>Cristina Fernandes \u00e9 investigadora contratada no INET-md, Universidade Nova de Lisboa. Entre 2011 e 2017 realizou um p\u00f3s-doutoramento sobre as pr\u00e1ticas musicais e o cerimonial da Capela Real e Patriarcal de Lisboa (1716-1834), com uma bolsa da FCT, e entre 2015 e 2017 coordenou a linha tem\u00e1tica do INET-md \u201cAbordagens Hist\u00f3ricas \u00e0 Performance Musical\u201d. Faz [&hellip;]<\/p>\n","protected":false},"author":893,"featured_media":0,"parent":869,"menu_order":3,"comment_status":"closed","ping_status":"closed","template":"","meta":{"footnotes":""},"class_list":["post-878","page","type-page","status-publish","hentry"],"jetpack_likes_enabled":true,"jetpack_sharing_enabled":true,"_links":{"self":[{"href":"https:\/\/wp.ufpel.edu.br\/criticamusical\/wp-json\/wp\/v2\/pages\/878","targetHints":{"allow":["GET"]}}],"collection":[{"href":"https:\/\/wp.ufpel.edu.br\/criticamusical\/wp-json\/wp\/v2\/pages"}],"about":[{"href":"https:\/\/wp.ufpel.edu.br\/criticamusical\/wp-json\/wp\/v2\/types\/page"}],"author":[{"embeddable":true,"href":"https:\/\/wp.ufpel.edu.br\/criticamusical\/wp-json\/wp\/v2\/users\/893"}],"replies":[{"embeddable":true,"href":"https:\/\/wp.ufpel.edu.br\/criticamusical\/wp-json\/wp\/v2\/comments?post=878"}],"version-history":[{"count":3,"href":"https:\/\/wp.ufpel.edu.br\/criticamusical\/wp-json\/wp\/v2\/pages\/878\/revisions"}],"predecessor-version":[{"id":911,"href":"https:\/\/wp.ufpel.edu.br\/criticamusical\/wp-json\/wp\/v2\/pages\/878\/revisions\/911"}],"up":[{"embeddable":true,"href":"https:\/\/wp.ufpel.edu.br\/criticamusical\/wp-json\/wp\/v2\/pages\/869"}],"wp:attachment":[{"href":"https:\/\/wp.ufpel.edu.br\/criticamusical\/wp-json\/wp\/v2\/media?parent=878"}],"curies":[{"name":"wp","href":"https:\/\/api.w.org\/{rel}","templated":true}]}}