{"id":872,"date":"2021-11-22T09:49:21","date_gmt":"2021-11-22T12:49:21","guid":{"rendered":"https:\/\/wp.ufpel.edu.br\/criticamusical\/?page_id=872"},"modified":"2021-11-22T13:26:29","modified_gmt":"2021-11-22T16:26:29","slug":"lutero-rodrigues","status":"publish","type":"page","link":"https:\/\/wp.ufpel.edu.br\/criticamusical\/simposios\/v-simposio-internacional-musica-e-critica\/convidados\/lutero-rodrigues\/","title":{"rendered":"Lutero Rodrigues"},"content":{"rendered":"<p><img class=\"alignleft wp-image-833 size-thumbnail\" src=\"https:\/\/wp.ufpel.edu.br\/criticamusical\/files\/2021\/11\/Lutero-Rodrigues-200x200.jpg\" alt=\"\" width=\"200\" height=\"200\" \/> Nascido em 1950, estudou m\u00fasica no Brasil e Alemanha. Tem Mestrado (UNESP) e Doutorado (USP) em Musicologia. \u00a0Sua Tese de Doutorado, sobre o compositor Carlos Gomes, recebeu o Pr\u00eamio Funarte de Produ\u00e7\u00e3o Cr\u00edtica em M\u00fasica \u2013 2010 e tornou-se livro, em 2011 (Editora UNESP). Foi regente de diversos coros, destacando-se o Madrigal Klaus-Dieter Wolff e diversas orquestras, com destaque para a Sinfonia Cultura \u2013 Orquestra da R\u00e1dio e TV Cultura que priorizou o repert\u00f3rio brasileiro. H\u00e1 mais de 40 anos dedica-se \u00e0 pesquisa de m\u00fasica brasileira, o que resultou em in\u00fameras publica\u00e7\u00f5es. Em 2002, foi eleito membro da Academia Brasileira de M\u00fasica, e em 2010, tornou-se Professor do Departamento. de M\u00fasica do Instituto de Artes da UNESP, em S\u00e3o Paulo.<\/p>\n","protected":false},"excerpt":{"rendered":"<p>Nascido em 1950, estudou m\u00fasica no Brasil e Alemanha. Tem Mestrado (UNESP) e Doutorado (USP) em Musicologia. \u00a0Sua Tese de Doutorado, sobre o compositor Carlos Gomes, recebeu o Pr\u00eamio Funarte de Produ\u00e7\u00e3o Cr\u00edtica em M\u00fasica \u2013 2010 e tornou-se livro, em 2011 (Editora UNESP). Foi regente de diversos coros, destacando-se o Madrigal Klaus-Dieter Wolff e [&hellip;]<\/p>\n","protected":false},"author":893,"featured_media":0,"parent":869,"menu_order":5,"comment_status":"closed","ping_status":"closed","template":"","meta":{"footnotes":""},"class_list":["post-872","page","type-page","status-publish","hentry"],"jetpack_likes_enabled":true,"jetpack_sharing_enabled":true,"_links":{"self":[{"href":"https:\/\/wp.ufpel.edu.br\/criticamusical\/wp-json\/wp\/v2\/pages\/872","targetHints":{"allow":["GET"]}}],"collection":[{"href":"https:\/\/wp.ufpel.edu.br\/criticamusical\/wp-json\/wp\/v2\/pages"}],"about":[{"href":"https:\/\/wp.ufpel.edu.br\/criticamusical\/wp-json\/wp\/v2\/types\/page"}],"author":[{"embeddable":true,"href":"https:\/\/wp.ufpel.edu.br\/criticamusical\/wp-json\/wp\/v2\/users\/893"}],"replies":[{"embeddable":true,"href":"https:\/\/wp.ufpel.edu.br\/criticamusical\/wp-json\/wp\/v2\/comments?post=872"}],"version-history":[{"count":2,"href":"https:\/\/wp.ufpel.edu.br\/criticamusical\/wp-json\/wp\/v2\/pages\/872\/revisions"}],"predecessor-version":[{"id":912,"href":"https:\/\/wp.ufpel.edu.br\/criticamusical\/wp-json\/wp\/v2\/pages\/872\/revisions\/912"}],"up":[{"embeddable":true,"href":"https:\/\/wp.ufpel.edu.br\/criticamusical\/wp-json\/wp\/v2\/pages\/869"}],"wp:attachment":[{"href":"https:\/\/wp.ufpel.edu.br\/criticamusical\/wp-json\/wp\/v2\/media?parent=872"}],"curies":[{"name":"wp","href":"https:\/\/api.w.org\/{rel}","templated":true}]}}