{"id":74,"date":"2019-01-13T20:29:59","date_gmt":"2019-01-13T22:29:59","guid":{"rendered":"https:\/\/wp.ufpel.edu.br\/criticamusical\/?page_id=74"},"modified":"2019-01-15T17:19:11","modified_gmt":"2019-01-15T19:19:11","slug":"luciana-fagundes","status":"publish","type":"page","link":"https:\/\/wp.ufpel.edu.br\/criticamusical\/simposios\/i-simposio-internacional-musica-e-critica\/convidados\/luciana-fagundes\/","title":{"rendered":"Luciana Fagundes"},"content":{"rendered":"<p><img class=\"wp-image-76 alignleft\" src=\"https:\/\/wp.ufpel.edu.br\/criticamusical\/files\/2019\/01\/Luciana-Fagundes-400x400.jpg\" alt=\"\" width=\"157\" height=\"157\" srcset=\"https:\/\/wp.ufpel.edu.br\/criticamusical\/files\/2019\/01\/Luciana-Fagundes-400x400.jpg 400w, https:\/\/wp.ufpel.edu.br\/criticamusical\/files\/2019\/01\/Luciana-Fagundes-200x200.jpg 200w, https:\/\/wp.ufpel.edu.br\/criticamusical\/files\/2019\/01\/Luciana-Fagundes-768x768.jpg 768w, https:\/\/wp.ufpel.edu.br\/criticamusical\/files\/2019\/01\/Luciana-Fagundes.jpg 814w\" sizes=\"(max-width: 157px) 100vw, 157px\" \/><\/p>\n<p class=\"name\">A palestra de encerramento do I Simp\u00f3sio Internacional M\u00fasica e Cr\u00edtica est\u00e1 a cargo da Prof\u00aa. Dr\u00aa. Luciana Pessanha Fagundes (UFF).<\/p>\n<p>\u00c9 formada em Hist\u00f3ria pela Universidade Federal do Rio de Janeiro (UFRJ), fez mestrado em Hist\u00f3ria Social na mesma institui\u00e7\u00e3o, possui doutorado em Hist\u00f3ria, Pol\u00edtica e Bens Culturais, realizado no Centro de Pesquisa e Documenta\u00e7\u00e3o em Hist\u00f3ria Contempor\u00e2nea do Brasil (CPDOC), na Funda\u00e7\u00e3o Get\u00falio Vargas (FGV). Possui p\u00f3s-doutorado em Hist\u00f3ria da M\u00fasica na Primeira Rep\u00fablica, realizado na Escola de M\u00fasica da UFRJ. Terminou recentemente seu segundo p\u00f3s-doutorado na Funda\u00e7\u00e3o Casa de Rui Barbosa (FCRB), onde pesquisou os impactos da Primeira Guerra Mundial no cen\u00e1rio musical brasileiro. Atuou como docente na Escola de Ci\u00eancias Sociais da FGV, como professora convidada no Programa de P\u00f3s-Gradua\u00e7\u00e3o em M\u00fasica da Escola de M\u00fasica da UFRJ e professora substituta de Hist\u00f3ria do Brasil Republicano na Universidade Federal Fluminense (UFF). \u00c9 autora do livro &#8220;Do ex\u00edlio ao pante\u00e3o: D. Pedro II e seu reinado sob olhares republicanos&#8221;, publicado em 2017 pela editora Prismas. Atualmente, \u00e9 bolsista de p\u00f3s-doutorado no Programa de P\u00f3s-Gradua\u00e7\u00e3o em Hist\u00f3ria Social, do Instituto de Hist\u00f3ria da UFRJ.<\/p>\n","protected":false},"excerpt":{"rendered":"<p>A palestra de encerramento do I Simp\u00f3sio Internacional M\u00fasica e Cr\u00edtica est\u00e1 a cargo da Prof\u00aa. Dr\u00aa. Luciana Pessanha Fagundes (UFF). \u00c9 formada em Hist\u00f3ria pela Universidade Federal do Rio de Janeiro (UFRJ), fez mestrado em Hist\u00f3ria Social na mesma institui\u00e7\u00e3o, possui doutorado em Hist\u00f3ria, Pol\u00edtica e Bens Culturais, realizado no Centro de Pesquisa e [&hellip;]<\/p>\n","protected":false},"author":893,"featured_media":0,"parent":57,"menu_order":4,"comment_status":"closed","ping_status":"closed","template":"","meta":{"footnotes":""},"class_list":["post-74","page","type-page","status-publish","hentry"],"jetpack_likes_enabled":true,"jetpack_sharing_enabled":true,"_links":{"self":[{"href":"https:\/\/wp.ufpel.edu.br\/criticamusical\/wp-json\/wp\/v2\/pages\/74","targetHints":{"allow":["GET"]}}],"collection":[{"href":"https:\/\/wp.ufpel.edu.br\/criticamusical\/wp-json\/wp\/v2\/pages"}],"about":[{"href":"https:\/\/wp.ufpel.edu.br\/criticamusical\/wp-json\/wp\/v2\/types\/page"}],"author":[{"embeddable":true,"href":"https:\/\/wp.ufpel.edu.br\/criticamusical\/wp-json\/wp\/v2\/users\/893"}],"replies":[{"embeddable":true,"href":"https:\/\/wp.ufpel.edu.br\/criticamusical\/wp-json\/wp\/v2\/comments?post=74"}],"version-history":[{"count":11,"href":"https:\/\/wp.ufpel.edu.br\/criticamusical\/wp-json\/wp\/v2\/pages\/74\/revisions"}],"predecessor-version":[{"id":226,"href":"https:\/\/wp.ufpel.edu.br\/criticamusical\/wp-json\/wp\/v2\/pages\/74\/revisions\/226"}],"up":[{"embeddable":true,"href":"https:\/\/wp.ufpel.edu.br\/criticamusical\/wp-json\/wp\/v2\/pages\/57"}],"wp:attachment":[{"href":"https:\/\/wp.ufpel.edu.br\/criticamusical\/wp-json\/wp\/v2\/media?parent=74"}],"curies":[{"name":"wp","href":"https:\/\/api.w.org\/{rel}","templated":true}]}}