{"id":724,"date":"2020-11-02T20:19:15","date_gmt":"2020-11-02T23:19:15","guid":{"rendered":"https:\/\/wp.ufpel.edu.br\/criticamusical\/?page_id=724"},"modified":"2020-11-02T20:19:43","modified_gmt":"2020-11-02T23:19:43","slug":"ana-guiomar-rego-souza","status":"publish","type":"page","link":"https:\/\/wp.ufpel.edu.br\/criticamusical\/simposios\/iv-simposio-internacional-musica-e-critica\/convidados\/ana-guiomar-rego-souza\/","title":{"rendered":"Ana Guiomar R\u00eago Souza"},"content":{"rendered":"<p><img class=\"alignleft wp-image-659\" src=\"https:\/\/wp.ufpel.edu.br\/criticamusical\/files\/2020\/11\/Ana-Guiomar-Rego-Souza-e1604278446761-265x400.jpg\" alt=\"\" width=\"128\" height=\"193\" srcset=\"https:\/\/wp.ufpel.edu.br\/criticamusical\/files\/2020\/11\/Ana-Guiomar-Rego-Souza-e1604278446761-265x400.jpg 265w, https:\/\/wp.ufpel.edu.br\/criticamusical\/files\/2020\/11\/Ana-Guiomar-Rego-Souza-e1604278446761-678x1024.jpg 678w, https:\/\/wp.ufpel.edu.br\/criticamusical\/files\/2020\/11\/Ana-Guiomar-Rego-Souza-e1604278446761-768x1160.jpg 768w, https:\/\/wp.ufpel.edu.br\/criticamusical\/files\/2020\/11\/Ana-Guiomar-Rego-Souza-e1604278446761.jpg 980w\" sizes=\"(max-width: 128px) 100vw, 128px\" \/> <strong>Ana Guiomar R\u00eago Souza<\/strong>\u00a0\u00e9 doutora em Hist\u00f3ria Cultural pela Universidade de Bras\u00edlia (UnB). Professora Associada da Escola de M\u00fasica e Artes C\u00eanicas (EMAC) da UFG. Diretora da EMAC (de 2011-2018). Coordena o LABMUS \u2013 Laborat\u00f3rio de Musicologia da EMAC\/UFG. Preside o Simp\u00f3sio Internacional de Musicologia realizado em parceria com o CARAVELAS -N\u00facleo de Estudos da Hist\u00f3ria da M\u00fasica Luso-Brasileiro (CESEM\/FCSH\/UNL) Desenvolve pesquisas com nas tem\u00e1ticas \u201cM\u00fasicas e Festas no Brasil\u201d e \u201cPatrim\u00f4nio Musical e Arquiv\u00edstico do LABMUS\/EMAC\u201d.<\/p>\n","protected":false},"excerpt":{"rendered":"<p>Ana Guiomar R\u00eago Souza\u00a0\u00e9 doutora em Hist\u00f3ria Cultural pela Universidade de Bras\u00edlia (UnB). Professora Associada da Escola de M\u00fasica e Artes C\u00eanicas (EMAC) da UFG. Diretora da EMAC (de 2011-2018). Coordena o LABMUS \u2013 Laborat\u00f3rio de Musicologia da EMAC\/UFG. Preside o Simp\u00f3sio Internacional de Musicologia realizado em parceria com o CARAVELAS -N\u00facleo de Estudos da [&hellip;]<\/p>\n","protected":false},"author":893,"featured_media":0,"parent":713,"menu_order":3,"comment_status":"closed","ping_status":"closed","template":"","meta":{"footnotes":""},"class_list":["post-724","page","type-page","status-publish","hentry"],"jetpack_likes_enabled":true,"jetpack_sharing_enabled":true,"_links":{"self":[{"href":"https:\/\/wp.ufpel.edu.br\/criticamusical\/wp-json\/wp\/v2\/pages\/724","targetHints":{"allow":["GET"]}}],"collection":[{"href":"https:\/\/wp.ufpel.edu.br\/criticamusical\/wp-json\/wp\/v2\/pages"}],"about":[{"href":"https:\/\/wp.ufpel.edu.br\/criticamusical\/wp-json\/wp\/v2\/types\/page"}],"author":[{"embeddable":true,"href":"https:\/\/wp.ufpel.edu.br\/criticamusical\/wp-json\/wp\/v2\/users\/893"}],"replies":[{"embeddable":true,"href":"https:\/\/wp.ufpel.edu.br\/criticamusical\/wp-json\/wp\/v2\/comments?post=724"}],"version-history":[{"count":1,"href":"https:\/\/wp.ufpel.edu.br\/criticamusical\/wp-json\/wp\/v2\/pages\/724\/revisions"}],"predecessor-version":[{"id":726,"href":"https:\/\/wp.ufpel.edu.br\/criticamusical\/wp-json\/wp\/v2\/pages\/724\/revisions\/726"}],"up":[{"embeddable":true,"href":"https:\/\/wp.ufpel.edu.br\/criticamusical\/wp-json\/wp\/v2\/pages\/713"}],"wp:attachment":[{"href":"https:\/\/wp.ufpel.edu.br\/criticamusical\/wp-json\/wp\/v2\/media?parent=724"}],"curies":[{"name":"wp","href":"https:\/\/api.w.org\/{rel}","templated":true}]}}