{"id":716,"date":"2020-11-02T19:49:31","date_gmt":"2020-11-02T22:49:31","guid":{"rendered":"https:\/\/wp.ufpel.edu.br\/criticamusical\/?page_id=716"},"modified":"2020-11-02T20:15:35","modified_gmt":"2020-11-02T23:15:35","slug":"celso-loureiro-chaves","status":"publish","type":"page","link":"https:\/\/wp.ufpel.edu.br\/criticamusical\/simposios\/iv-simposio-internacional-musica-e-critica\/convidados\/celso-loureiro-chaves\/","title":{"rendered":"Celso Loureiro Chaves"},"content":{"rendered":"<p><img class=\"wp-image-660 alignleft\" src=\"https:\/\/wp.ufpel.edu.br\/criticamusical\/files\/2020\/11\/Celso-Loureiro-Chaves-e1604278234429-304x400.jpg\" alt=\"\" width=\"147\" height=\"193\" srcset=\"https:\/\/wp.ufpel.edu.br\/criticamusical\/files\/2020\/11\/Celso-Loureiro-Chaves-e1604278234429-304x400.jpg 304w, https:\/\/wp.ufpel.edu.br\/criticamusical\/files\/2020\/11\/Celso-Loureiro-Chaves-e1604278234429.jpg 616w\" sizes=\"(max-width: 147px) 100vw, 147px\" \/> <strong>Celso Loureiro Chaves<\/strong>\u00a0\u00e9 compositor e professor orientador do Programa de P\u00f3s-Gradua\u00e7\u00e3o em M\u00fasica da Universidade Federal do Rio Grande do Sul. \u00c9 doutor em composi\u00e7\u00e3o pela University of Illinois at Urbana-Champagn e bacharel em arquitetura pela UFRGS. Em 2013 lan\u00e7ou o CD autoral \u201cBalada para o avi\u00e3o que deixa um rastro de fuma\u00e7a no c\u00e9u \/ Est\u00e9tica do Frio II\u201d. Sua obra \u201cEst\u00e9tica do Frio III\u201d foi uma das encomendas OSESP para a temporada de 2014 e seu concerto de violino \u201cMuseu das coisas in\u00fateis\u201d foi estreada por Luiz Felipe Coelho e a OSESP em 2017 e pela Orquestra Gulbenkian (Portugal) em 2018. \u00c9 autor de \u201cMem\u00f3rias do Pierr\u00f4 Lunar e outras hist\u00f3rias musicais\u201d (L&amp;PM, 2006) e cronista do jornal Zero Hora. \u00c9 pesquisador 1A do CNPq e sua linha de pesquisa \u00e9 a cr\u00edtica gen\u00e9tica aplicada \u00e0 m\u00fasica e \u00e0 composi\u00e7\u00e3o musical. O trabalho cient\u00edfico nesta \u00e1rea, \u201cTranslating invented signs into music. The compositional process in\u00a0<em>A point to the South<\/em>\u00a0(2011)\u201d, foi apresentado no congresso \u201cTracking the Creative Process In Music\u201d, Lisboa, 2019.<\/p>\n","protected":false},"excerpt":{"rendered":"<p>Celso Loureiro Chaves\u00a0\u00e9 compositor e professor orientador do Programa de P\u00f3s-Gradua\u00e7\u00e3o em M\u00fasica da Universidade Federal do Rio Grande do Sul. \u00c9 doutor em composi\u00e7\u00e3o pela University of Illinois at Urbana-Champagn e bacharel em arquitetura pela UFRGS. Em 2013 lan\u00e7ou o CD autoral \u201cBalada para o avi\u00e3o que deixa um rastro de fuma\u00e7a no c\u00e9u [&hellip;]<\/p>\n","protected":false},"author":893,"featured_media":0,"parent":713,"menu_order":1,"comment_status":"closed","ping_status":"closed","template":"","meta":{"footnotes":""},"class_list":["post-716","page","type-page","status-publish","hentry"],"jetpack_likes_enabled":true,"jetpack_sharing_enabled":true,"_links":{"self":[{"href":"https:\/\/wp.ufpel.edu.br\/criticamusical\/wp-json\/wp\/v2\/pages\/716","targetHints":{"allow":["GET"]}}],"collection":[{"href":"https:\/\/wp.ufpel.edu.br\/criticamusical\/wp-json\/wp\/v2\/pages"}],"about":[{"href":"https:\/\/wp.ufpel.edu.br\/criticamusical\/wp-json\/wp\/v2\/types\/page"}],"author":[{"embeddable":true,"href":"https:\/\/wp.ufpel.edu.br\/criticamusical\/wp-json\/wp\/v2\/users\/893"}],"replies":[{"embeddable":true,"href":"https:\/\/wp.ufpel.edu.br\/criticamusical\/wp-json\/wp\/v2\/comments?post=716"}],"version-history":[{"count":3,"href":"https:\/\/wp.ufpel.edu.br\/criticamusical\/wp-json\/wp\/v2\/pages\/716\/revisions"}],"predecessor-version":[{"id":720,"href":"https:\/\/wp.ufpel.edu.br\/criticamusical\/wp-json\/wp\/v2\/pages\/716\/revisions\/720"}],"up":[{"embeddable":true,"href":"https:\/\/wp.ufpel.edu.br\/criticamusical\/wp-json\/wp\/v2\/pages\/713"}],"wp:attachment":[{"href":"https:\/\/wp.ufpel.edu.br\/criticamusical\/wp-json\/wp\/v2\/media?parent=716"}],"curies":[{"name":"wp","href":"https:\/\/api.w.org\/{rel}","templated":true}]}}