{"id":707,"date":"2020-11-02T19:46:00","date_gmt":"2020-11-02T22:46:00","guid":{"rendered":"https:\/\/wp.ufpel.edu.br\/criticamusical\/?page_id=707"},"modified":"2022-11-03T15:08:04","modified_gmt":"2022-11-03T18:08:04","slug":"iv-simposio-internacional-musica-e-critica","status":"publish","type":"page","link":"https:\/\/wp.ufpel.edu.br\/criticamusical\/simposios\/iv-simposio-internacional-musica-e-critica\/","title":{"rendered":"IV Simp\u00f3sio Internacional M\u00fasica e Cr\u00edtica"},"content":{"rendered":"<p><img class=\"size-medium wp-image-700 alignleft\" src=\"https:\/\/wp.ufpel.edu.br\/criticamusical\/files\/2020\/11\/IV-Simposio-Internacional-Musica-e-Critica-DIVULGACAO-283x400.png\" alt=\"\" width=\"283\" height=\"400\" srcset=\"https:\/\/wp.ufpel.edu.br\/criticamusical\/files\/2020\/11\/IV-Simposio-Internacional-Musica-e-Critica-DIVULGACAO-283x400.png 283w, https:\/\/wp.ufpel.edu.br\/criticamusical\/files\/2020\/11\/IV-Simposio-Internacional-Musica-e-Critica-DIVULGACAO-724x1024.png 724w, https:\/\/wp.ufpel.edu.br\/criticamusical\/files\/2020\/11\/IV-Simposio-Internacional-Musica-e-Critica-DIVULGACAO-768x1086.png 768w, https:\/\/wp.ufpel.edu.br\/criticamusical\/files\/2020\/11\/IV-Simposio-Internacional-Musica-e-Critica-DIVULGACAO-1086x1536.png 1086w, https:\/\/wp.ufpel.edu.br\/criticamusical\/files\/2020\/11\/IV-Simposio-Internacional-Musica-e-Critica-DIVULGACAO.png 1414w\" sizes=\"(max-width: 283px) 100vw, 283px\" \/><\/p>\n<p>O Centro de Artes da UFPel e o Grupo de Pesquisa Estudos Interdisciplinares em Ci\u00eancias Musicais anunciam a realiza\u00e7\u00e3o do IV Simp\u00f3sio Internacional M\u00fasica e Cr\u00edtica, entre os dias 23 e 24 de novembro de 2020, que, em fun\u00e7\u00e3o da atual crise de sa\u00fade p\u00fablica mundial, ser\u00e1 realizado em ambiente virtual, via YouTube, no endere\u00e7o https:\/\/www.youtube.com\/channel\/UC3aODRtuYuOYUMn4uvePqeg.<\/p>\n<p>Com isto, convidamos pesquisadores e pesquisadoras musicais a enviarem trabalhos sobre temas de seus interesses, vinculados a pesquisas que utilizem peri\u00f3dicos como fonte de an\u00e1lise (jornais, revistas, hebdomad\u00e1rios, entre outros).<\/p>\n<p>Ser\u00e3o aceitas duas modalidades de submiss\u00f5es: comunica\u00e7\u00f5es orais e mesas tem\u00e1ticas. A data limite para o envio das propostas \u00e9 o dia\u00a0<strong>30 de julho de 2020<\/strong>, e devem ser enviadas pelo e-mail\u00a0<a href=\"mailto:musicaecritica@gmail.com\">musicaecritica@gmail.com<\/a>, com o assunto \u2018Submiss\u00e3o\u2019. N\u00e3o h\u00e1 taxa de inscri\u00e7\u00e3o.<\/p>\n<p>As submiss\u00f5es devem seguir as seguintes normas:<\/p>\n<p>&#8211; Aceitam-se os seguintes idiomas: portugu\u00eas, espanhol e ingl\u00eas.<br \/>\n&#8211; Os trabalhos devem ser originais e in\u00e9ditos.<br \/>\n&#8211; As submiss\u00f5es podem ser individuais ou em coautoria.<\/p>\n<p>&#8211; Cada autor(a) poder\u00e1 enviar uma \u00fanica submiss\u00e3o para comunica\u00e7\u00f5es orais e para mesas tem\u00e1ticas.<br \/>\n&#8211; Comunica\u00e7\u00f5es orais: as submiss\u00f5es dever\u00e3o conter o(s) nome(s) dos\/das autores\/autoras, filia\u00e7\u00e3o acad\u00eamica, endere\u00e7o eletr\u00f4nico, t\u00edtulo, resumo (entre 400 e 500 palavras), refer\u00eancia bibliogr\u00e1fica de at\u00e9 dez entradas, curriculum vitae de at\u00e9 150 palavras, recursos audiovisuais (se for o caso). O resumo dever\u00e1 abordar o tema que ser\u00e1 desenvolvido, a metodologia e os novos aportes que prop\u00f5e. As comunica\u00e7\u00f5es orais ter\u00e3o 20 minutos de exposi\u00e7\u00e3o.<br \/>\n&#8211; Mesas tem\u00e1ticas: ser\u00e3o compostas por 3 painelistas. Al\u00e9m dos elementos descritos para as comunica\u00e7\u00f5es orais, o(a) coordenador(a) da mesa tem\u00e1tica dever\u00e1 enviar um \u00fanico resumo (entre 500 e 600 palavras), n\u00e3o sendo necess\u00e1rio o envio do resumo dos trabalhos individuais inclu\u00eddos na mesa. Cada comunica\u00e7\u00e3o ter\u00e1 20 minutos para exposi\u00e7\u00e3o.<\/p>\n<p>A publica\u00e7\u00e3o dos trabalhos nos Anais do IV Simp\u00f3sio Internacional M\u00fasica e Cr\u00edtica seguir\u00e1 orienta\u00e7\u00e3o a ser divulgada posteriormente, bem como a divulga\u00e7\u00e3o dos\/das pesquisadores\/pesquisadoras convidados\/convidadas.<\/p>\n","protected":false},"excerpt":{"rendered":"<p>O Centro de Artes da UFPel e o Grupo de Pesquisa Estudos Interdisciplinares em Ci\u00eancias Musicais anunciam a realiza\u00e7\u00e3o do IV Simp\u00f3sio Internacional M\u00fasica e Cr\u00edtica, entre os dias 23 e 24 de novembro de 2020, que, em fun\u00e7\u00e3o da atual crise de sa\u00fade p\u00fablica mundial, ser\u00e1 realizado em ambiente virtual, via YouTube, no endere\u00e7o [&hellip;]<\/p>\n","protected":false},"author":893,"featured_media":0,"parent":16,"menu_order":0,"comment_status":"closed","ping_status":"closed","template":"","meta":{"footnotes":""},"class_list":["post-707","page","type-page","status-publish","hentry"],"jetpack_likes_enabled":true,"jetpack_sharing_enabled":true,"_links":{"self":[{"href":"https:\/\/wp.ufpel.edu.br\/criticamusical\/wp-json\/wp\/v2\/pages\/707","targetHints":{"allow":["GET"]}}],"collection":[{"href":"https:\/\/wp.ufpel.edu.br\/criticamusical\/wp-json\/wp\/v2\/pages"}],"about":[{"href":"https:\/\/wp.ufpel.edu.br\/criticamusical\/wp-json\/wp\/v2\/types\/page"}],"author":[{"embeddable":true,"href":"https:\/\/wp.ufpel.edu.br\/criticamusical\/wp-json\/wp\/v2\/users\/893"}],"replies":[{"embeddable":true,"href":"https:\/\/wp.ufpel.edu.br\/criticamusical\/wp-json\/wp\/v2\/comments?post=707"}],"version-history":[{"count":2,"href":"https:\/\/wp.ufpel.edu.br\/criticamusical\/wp-json\/wp\/v2\/pages\/707\/revisions"}],"predecessor-version":[{"id":1040,"href":"https:\/\/wp.ufpel.edu.br\/criticamusical\/wp-json\/wp\/v2\/pages\/707\/revisions\/1040"}],"up":[{"embeddable":true,"href":"https:\/\/wp.ufpel.edu.br\/criticamusical\/wp-json\/wp\/v2\/pages\/16"}],"wp:attachment":[{"href":"https:\/\/wp.ufpel.edu.br\/criticamusical\/wp-json\/wp\/v2\/media?parent=707"}],"curies":[{"name":"wp","href":"https:\/\/api.w.org\/{rel}","templated":true}]}}