{"id":69,"date":"2019-01-13T20:25:55","date_gmt":"2019-01-13T22:25:55","guid":{"rendered":"https:\/\/wp.ufpel.edu.br\/criticamusical\/?page_id=69"},"modified":"2019-01-15T17:20:53","modified_gmt":"2019-01-15T19:20:53","slug":"maria-alice-volpe","status":"publish","type":"page","link":"https:\/\/wp.ufpel.edu.br\/criticamusical\/simposios\/i-simposio-internacional-musica-e-critica\/convidados\/maria-alice-volpe\/","title":{"rendered":"Maria Alice Volpe"},"content":{"rendered":"<p><img class=\"wp-image-71 alignleft\" src=\"https:\/\/wp.ufpel.edu.br\/criticamusical\/files\/2019\/01\/Maria-Alice-Volpe-400x400.jpg\" alt=\"\" width=\"157\" height=\"157\" srcset=\"https:\/\/wp.ufpel.edu.br\/criticamusical\/files\/2019\/01\/Maria-Alice-Volpe-400x400.jpg 400w, https:\/\/wp.ufpel.edu.br\/criticamusical\/files\/2019\/01\/Maria-Alice-Volpe-200x200.jpg 200w, https:\/\/wp.ufpel.edu.br\/criticamusical\/files\/2019\/01\/Maria-Alice-Volpe.jpg 712w\" sizes=\"(max-width: 157px) 100vw, 157px\" \/><\/p>\n<p>A segunda palestra do I Simp\u00f3sio Internacional M\u00fasica e Cr\u00edtica, a ser realizada em 24\/10\/2017, ser\u00e1 ministrada pela Prof\u00aa Dr\u00aa Maria Alice Volpe (UFRJ).<\/p>\n<p>Docente da Universidade Federal do Rio de Janeiro. Dedica-se \u00e0 pesquisa da m\u00fasica brasileira do per\u00edodo colonial, s\u00e9culos XIX e XX, bem como aos problemas te\u00f3rico-conceituais e quest\u00f5es cr\u00edticas da musicologia e das pol\u00edticas cient\u00edficas e culturais. Seus projetos t\u00eam recebido apoio do CNPq, CAPES, FAPESP, FAPERJ e Biblioteca<span class=\"text_exposed_show\">\u00a0Nacional. Doutora (PhD) em Musicologia\/Etnomusicologia pela University of Texas-Austin, EUA (orientador: Gerard B\u00e9hague). Mestre em M\u00fasica pela UNESP (orientador: R\u00e9gis Duprat). Bacharel em M\u00fasica: Piano (instrutora: Beatriz Balzi). Desde 1994 tem colaborado em publica\u00e7\u00f5es nacionais e internacionais, entre as quais EDUSP, UMI-Research Press, Turnhout, Ashgate, Latin American Music Review, Die Musik in Geschichte und Gegenwart, Enciclop\u00e9dia da M\u00fasica Brasileira, Oxford Dictionary of Caribbean and Afro-Latin American Biography e Brasiliana. Conferencista convidada de eventos nacionais e internacionais: Funda\u00e7\u00e3o Casa de Rui Barbosa; Biblioteca Nacional do Rio de Janeiro; Universidade de S\u00e3o Paulo; Universidade Nova de Lisboa; Universidade de Coimbra; Kings College de Londres; Iberm\u00fasicas-M\u00e9xico; Universit\u00e1 di Bologna. Apresenta\u00e7\u00e3o de trabalhos em congressos nacionais e internacionais: ANPPOM, Sociedade Portuguesa de Musicologia, International Musicological Society (Zurich, 2007; Roma 2012) e ARLAC-IMS (Havana, Cuba 2014; Chile, 2016). Pr\u00eamios: Steegman Foundation Grant for South-American Scholar (IMS 2007); Music &amp; Letters Trust Oxford University Press (2008). Fundadora e coordenadora do Simp\u00f3sio Internacional de Musicologia da UFRJ. Editora-chefe da Revista Brasileira de M\u00fasica. Editora da se\u00e7\u00e3o Brasil da revista Glosas (Portugal). Membro eleito da Academia Brasileira de M\u00fasica (Cadeira N\u00ba 2).<\/span><\/p>\n","protected":false},"excerpt":{"rendered":"<p>A segunda palestra do I Simp\u00f3sio Internacional M\u00fasica e Cr\u00edtica, a ser realizada em 24\/10\/2017, ser\u00e1 ministrada pela Prof\u00aa Dr\u00aa Maria Alice Volpe (UFRJ). Docente da Universidade Federal do Rio de Janeiro. Dedica-se \u00e0 pesquisa da m\u00fasica brasileira do per\u00edodo colonial, s\u00e9culos XIX e XX, bem como aos problemas te\u00f3rico-conceituais e quest\u00f5es cr\u00edticas da musicologia [&hellip;]<\/p>\n","protected":false},"author":893,"featured_media":0,"parent":57,"menu_order":2,"comment_status":"closed","ping_status":"closed","template":"","meta":{"footnotes":""},"class_list":["post-69","page","type-page","status-publish","hentry"],"jetpack_likes_enabled":true,"jetpack_sharing_enabled":true,"_links":{"self":[{"href":"https:\/\/wp.ufpel.edu.br\/criticamusical\/wp-json\/wp\/v2\/pages\/69","targetHints":{"allow":["GET"]}}],"collection":[{"href":"https:\/\/wp.ufpel.edu.br\/criticamusical\/wp-json\/wp\/v2\/pages"}],"about":[{"href":"https:\/\/wp.ufpel.edu.br\/criticamusical\/wp-json\/wp\/v2\/types\/page"}],"author":[{"embeddable":true,"href":"https:\/\/wp.ufpel.edu.br\/criticamusical\/wp-json\/wp\/v2\/users\/893"}],"replies":[{"embeddable":true,"href":"https:\/\/wp.ufpel.edu.br\/criticamusical\/wp-json\/wp\/v2\/comments?post=69"}],"version-history":[{"count":7,"href":"https:\/\/wp.ufpel.edu.br\/criticamusical\/wp-json\/wp\/v2\/pages\/69\/revisions"}],"predecessor-version":[{"id":228,"href":"https:\/\/wp.ufpel.edu.br\/criticamusical\/wp-json\/wp\/v2\/pages\/69\/revisions\/228"}],"up":[{"embeddable":true,"href":"https:\/\/wp.ufpel.edu.br\/criticamusical\/wp-json\/wp\/v2\/pages\/57"}],"wp:attachment":[{"href":"https:\/\/wp.ufpel.edu.br\/criticamusical\/wp-json\/wp\/v2\/media?parent=69"}],"curies":[{"name":"wp","href":"https:\/\/api.w.org\/{rel}","templated":true}]}}