{"id":65,"date":"2019-01-13T20:22:19","date_gmt":"2019-01-13T22:22:19","guid":{"rendered":"https:\/\/wp.ufpel.edu.br\/criticamusical\/?page_id=65"},"modified":"2019-01-15T17:24:33","modified_gmt":"2019-01-15T19:24:33","slug":"paulo-ferreira-de-castro","status":"publish","type":"page","link":"https:\/\/wp.ufpel.edu.br\/criticamusical\/simposios\/i-simposio-internacional-musica-e-critica\/convidados\/paulo-ferreira-de-castro\/","title":{"rendered":"Paulo Ferreira de Castro"},"content":{"rendered":"<p><img class=\"wp-image-67 alignleft\" src=\"https:\/\/wp.ufpel.edu.br\/criticamusical\/files\/2019\/01\/Paulo-Ferreira-de-Castro.jpg\" alt=\"\" width=\"135\" height=\"180\" \/><\/p>\n<p>A palestra de abertura do I Simp\u00f3sio Internacional M\u00fasica e Cr\u00edtica est\u00e1 a cargo do Prof. Dr. Paulo Ferreira de Castro (CESEM-UNL).<\/p>\n<p>Estudou Piano, Canto e Composi\u00e7\u00e3o no Conservat\u00f3rio de M\u00fasica do Porto (Portugal), tendo obtido a Licenciatura em Musicologia na Universidade de Estrasburgo (Fran\u00e7a) com uma tese sobre Debussy. Especializou-se depois na \u00e1rea da Dramaturgia Musical, obtendo o grau de Master of Arts pela Universidade de Leeds (Gr\u00e3-Bretanha), em Estudos de \u00d3pera, com uma bolsa da Funda\u00e7\u00e3o Calouste Gulbenkian. Em 2007 obteve o seu Doutoramento pela Universidade de Londres (Royal Holloway College), com uma tese sobre m\u00fasica e linguagem baseada na filosofia de Wittgenstein. Tem concentrado o essencial da sua actividade nos campos da investiga\u00e7\u00e3o e da doc\u00eancia, principalmente no \u00e2mbito do Departamento de Ci\u00eancias Musicais da Universidade Nova de Lisboa (do qual \u00e9 actualmente Coordenador Executivo), sendo autor de numerosos estudos musicol\u00f3gicos, e co-autor de uma s\u00edntese da Hist\u00f3ria da M\u00fasica Portuguesa distinguida com o Pr\u00e9mio de Investiga\u00e7\u00e3o e Ensa\u00edsmo Musical do Conselho Portugu\u00eas da M\u00fasica (edi\u00e7\u00f5es em portugu\u00eas, franc\u00eas, ingl\u00eas e mandarim). Foi colaborador do jornal Expresso como cr\u00edtico musical, e tem participado em m\u00faltiplas iniciativas de divulga\u00e7\u00e3o musical, col\u00f3quios e encontros cient\u00edficos em Portugal, Brasil e v\u00e1rios pa\u00edses europeus, frequentemente na qualidade de conferencista convidado. Foi nomeado em 1992 Director Art\u00edstico do Teatro Nacional de S\u00e3o Carlos (Lisboa), cargo que desempenhou at\u00e9 ao ano 2000, e que acumulou com o de Director da mesma institui\u00e7\u00e3o a partir de 1998. Nessa qualidade, foi respons\u00e1vel por mais de 60 produ\u00e7\u00f5es oper\u00e1ticas, de Monteverdi a Ligeti, para al\u00e9m de in\u00fameros concertos e recitais, gerindo paralelamente a programa\u00e7\u00e3o da Orquestra Sinf\u00f3nica Portuguesa. Como encenador, assinou v\u00e1rios espect\u00e1culos no TNSC. Em 1998, fundou o Festival Internacional de M\u00fasicas Contempor\u00e2neas de Lisboa, \u201cM\u00fasica em Novembro\u201d. Paulo Ferreira de Castro foi ainda Presidente da Sociedade Portuguesa de Investiga\u00e7\u00e3o em M\u00fasica entre 2010 e 2013. \u00c9 membro do Centro de Estudos de Sociologia e Est\u00e9tica Musical (CESEM) da Universidade Nova de Lisboa e dirigiu o projecto de edi\u00e7\u00e3o de m\u00fasica portuguesa (PortugalSom) no \u00e2mbito da Direc\u00e7\u00e3o-Geral das Artes (Minist\u00e9rio da Cultura de Portugal). Actualmente, desenvolve projectos de investiga\u00e7\u00e3o em torno das tem\u00e1ticas da significa\u00e7\u00e3o e conceptualiza\u00e7\u00e3o musical e das filosofias da modernidade.<\/p>\n","protected":false},"excerpt":{"rendered":"<p>A palestra de abertura do I Simp\u00f3sio Internacional M\u00fasica e Cr\u00edtica est\u00e1 a cargo do Prof. Dr. Paulo Ferreira de Castro (CESEM-UNL). Estudou Piano, Canto e Composi\u00e7\u00e3o no Conservat\u00f3rio de M\u00fasica do Porto (Portugal), tendo obtido a Licenciatura em Musicologia na Universidade de Estrasburgo (Fran\u00e7a) com uma tese sobre Debussy. Especializou-se depois na \u00e1rea da [&hellip;]<\/p>\n","protected":false},"author":893,"featured_media":0,"parent":57,"menu_order":1,"comment_status":"closed","ping_status":"closed","template":"","meta":{"footnotes":""},"class_list":["post-65","page","type-page","status-publish","hentry"],"jetpack_likes_enabled":true,"jetpack_sharing_enabled":true,"_links":{"self":[{"href":"https:\/\/wp.ufpel.edu.br\/criticamusical\/wp-json\/wp\/v2\/pages\/65","targetHints":{"allow":["GET"]}}],"collection":[{"href":"https:\/\/wp.ufpel.edu.br\/criticamusical\/wp-json\/wp\/v2\/pages"}],"about":[{"href":"https:\/\/wp.ufpel.edu.br\/criticamusical\/wp-json\/wp\/v2\/types\/page"}],"author":[{"embeddable":true,"href":"https:\/\/wp.ufpel.edu.br\/criticamusical\/wp-json\/wp\/v2\/users\/893"}],"replies":[{"embeddable":true,"href":"https:\/\/wp.ufpel.edu.br\/criticamusical\/wp-json\/wp\/v2\/comments?post=65"}],"version-history":[{"count":6,"href":"https:\/\/wp.ufpel.edu.br\/criticamusical\/wp-json\/wp\/v2\/pages\/65\/revisions"}],"predecessor-version":[{"id":229,"href":"https:\/\/wp.ufpel.edu.br\/criticamusical\/wp-json\/wp\/v2\/pages\/65\/revisions\/229"}],"up":[{"embeddable":true,"href":"https:\/\/wp.ufpel.edu.br\/criticamusical\/wp-json\/wp\/v2\/pages\/57"}],"wp:attachment":[{"href":"https:\/\/wp.ufpel.edu.br\/criticamusical\/wp-json\/wp\/v2\/media?parent=65"}],"curies":[{"name":"wp","href":"https:\/\/api.w.org\/{rel}","templated":true}]}}