{"id":608,"date":"2019-11-18T10:52:11","date_gmt":"2019-11-18T13:52:11","guid":{"rendered":"https:\/\/wp.ufpel.edu.br\/criticamusical\/?page_id=608"},"modified":"2019-11-21T09:17:54","modified_gmt":"2019-11-21T12:17:54","slug":"joao-pedro-costa-uma-abordagem-a-critica-musical-atendendo-aos-publicos-alvo-da-imprensa-eborense-1887-1910","status":"publish","type":"page","link":"https:\/\/wp.ufpel.edu.br\/criticamusical\/simposios\/iii-simposio-internacional-musica-e-critica\/palestras\/joao-pedro-costa-uma-abordagem-a-critica-musical-atendendo-aos-publicos-alvo-da-imprensa-eborense-1887-1910\/","title":{"rendered":"Jo\u00e3o Pedro Costa &#8211; Uma abordagem \u00e0 cr\u00edtica musical atendendo aos p\u00fablicos-alvo da imprensa eborense (1887-1910)"},"content":{"rendered":"","protected":false},"excerpt":{"rendered":"","protected":false},"author":893,"featured_media":0,"parent":590,"menu_order":5,"comment_status":"closed","ping_status":"closed","template":"","meta":{"footnotes":""},"class_list":["post-608","page","type-page","status-publish","hentry"],"jetpack_likes_enabled":true,"jetpack_sharing_enabled":true,"_links":{"self":[{"href":"https:\/\/wp.ufpel.edu.br\/criticamusical\/wp-json\/wp\/v2\/pages\/608","targetHints":{"allow":["GET"]}}],"collection":[{"href":"https:\/\/wp.ufpel.edu.br\/criticamusical\/wp-json\/wp\/v2\/pages"}],"about":[{"href":"https:\/\/wp.ufpel.edu.br\/criticamusical\/wp-json\/wp\/v2\/types\/page"}],"author":[{"embeddable":true,"href":"https:\/\/wp.ufpel.edu.br\/criticamusical\/wp-json\/wp\/v2\/users\/893"}],"replies":[{"embeddable":true,"href":"https:\/\/wp.ufpel.edu.br\/criticamusical\/wp-json\/wp\/v2\/comments?post=608"}],"version-history":[{"count":2,"href":"https:\/\/wp.ufpel.edu.br\/criticamusical\/wp-json\/wp\/v2\/pages\/608\/revisions"}],"predecessor-version":[{"id":617,"href":"https:\/\/wp.ufpel.edu.br\/criticamusical\/wp-json\/wp\/v2\/pages\/608\/revisions\/617"}],"up":[{"embeddable":true,"href":"https:\/\/wp.ufpel.edu.br\/criticamusical\/wp-json\/wp\/v2\/pages\/590"}],"wp:attachment":[{"href":"https:\/\/wp.ufpel.edu.br\/criticamusical\/wp-json\/wp\/v2\/media?parent=608"}],"curies":[{"name":"wp","href":"https:\/\/api.w.org\/{rel}","templated":true}]}}