{"id":594,"date":"2019-11-18T10:46:27","date_gmt":"2019-11-18T13:46:27","guid":{"rendered":"https:\/\/wp.ufpel.edu.br\/criticamusical\/?page_id=594"},"modified":"2019-11-18T10:46:27","modified_gmt":"2019-11-18T13:46:27","slug":"ana-maria-liberal-conservadorismo-vs-evolucao-a-sociedade-de-quartetos-e-a-critica-musical-no-porto-no-ultimo-quartel-do-sec-xix","status":"publish","type":"page","link":"https:\/\/wp.ufpel.edu.br\/criticamusical\/simposios\/iii-simposio-internacional-musica-e-critica\/palestras\/ana-maria-liberal-conservadorismo-vs-evolucao-a-sociedade-de-quartetos-e-a-critica-musical-no-porto-no-ultimo-quartel-do-sec-xix\/","title":{"rendered":"Ana Maria Liberal &#8211; Conservadorismo vs. evolu\u00e7\u00e3o: a Sociedade de Quartetos e a cr\u00edtica musical no Porto no \u00faltimo quartel do s\u00e9c. XIX"},"content":{"rendered":"<div style=\"width: 640px;\" class=\"wp-video\"><video class=\"wp-video-shortcode\" id=\"video-594-1\" width=\"640\" height=\"360\" preload=\"metadata\" controls=\"controls\"><source type=\"video\/mp4\" src=\"https:\/\/wp.ufpel.edu.br\/criticamusical\/files\/2019\/11\/Palestra-1-Ana-Maria-Liberal-III-Simposio-Internacional-Musica-e-Critica.mp4?_=1\" \/><a href=\"https:\/\/wp.ufpel.edu.br\/criticamusical\/files\/2019\/11\/Palestra-1-Ana-Maria-Liberal-III-Simposio-Internacional-Musica-e-Critica.mp4\">https:\/\/wp.ufpel.edu.br\/criticamusical\/files\/2019\/11\/Palestra-1-Ana-Maria-Liberal-III-Simposio-Internacional-Musica-e-Critica.mp4<\/a><\/video><\/div>\n","protected":false},"excerpt":{"rendered":"","protected":false},"author":893,"featured_media":0,"parent":590,"menu_order":1,"comment_status":"closed","ping_status":"closed","template":"","meta":{"footnotes":""},"class_list":["post-594","page","type-page","status-publish","hentry"],"jetpack_likes_enabled":true,"jetpack_sharing_enabled":true,"_links":{"self":[{"href":"https:\/\/wp.ufpel.edu.br\/criticamusical\/wp-json\/wp\/v2\/pages\/594","targetHints":{"allow":["GET"]}}],"collection":[{"href":"https:\/\/wp.ufpel.edu.br\/criticamusical\/wp-json\/wp\/v2\/pages"}],"about":[{"href":"https:\/\/wp.ufpel.edu.br\/criticamusical\/wp-json\/wp\/v2\/types\/page"}],"author":[{"embeddable":true,"href":"https:\/\/wp.ufpel.edu.br\/criticamusical\/wp-json\/wp\/v2\/users\/893"}],"replies":[{"embeddable":true,"href":"https:\/\/wp.ufpel.edu.br\/criticamusical\/wp-json\/wp\/v2\/comments?post=594"}],"version-history":[{"count":1,"href":"https:\/\/wp.ufpel.edu.br\/criticamusical\/wp-json\/wp\/v2\/pages\/594\/revisions"}],"predecessor-version":[{"id":596,"href":"https:\/\/wp.ufpel.edu.br\/criticamusical\/wp-json\/wp\/v2\/pages\/594\/revisions\/596"}],"up":[{"embeddable":true,"href":"https:\/\/wp.ufpel.edu.br\/criticamusical\/wp-json\/wp\/v2\/pages\/590"}],"wp:attachment":[{"href":"https:\/\/wp.ufpel.edu.br\/criticamusical\/wp-json\/wp\/v2\/media?parent=594"}],"curies":[{"name":"wp","href":"https:\/\/api.w.org\/{rel}","templated":true}]}}