{"id":525,"date":"2019-11-02T20:54:36","date_gmt":"2019-11-02T23:54:36","guid":{"rendered":"https:\/\/wp.ufpel.edu.br\/criticamusical\/?page_id=525"},"modified":"2019-11-02T21:07:27","modified_gmt":"2019-11-03T00:07:27","slug":"amanda-oliveira","status":"publish","type":"page","link":"https:\/\/wp.ufpel.edu.br\/criticamusical\/simposios\/iii-simposio-internacional-musica-e-critica\/convidadas\/amanda-oliveira\/","title":{"rendered":"Amanda Oliveira"},"content":{"rendered":"<p style=\"text-align: justify\"><img class=\"alignleft wp-image-524\" src=\"https:\/\/wp.ufpel.edu.br\/criticamusical\/files\/2019\/11\/Amanda-Oliveira-400x400.jpeg\" alt=\"\" width=\"163\" height=\"163\" srcset=\"https:\/\/wp.ufpel.edu.br\/criticamusical\/files\/2019\/11\/Amanda-Oliveira-400x400.jpeg 400w, https:\/\/wp.ufpel.edu.br\/criticamusical\/files\/2019\/11\/Amanda-Oliveira-200x200.jpeg 200w, https:\/\/wp.ufpel.edu.br\/criticamusical\/files\/2019\/11\/Amanda-Oliveira-768x768.jpeg 768w, https:\/\/wp.ufpel.edu.br\/criticamusical\/files\/2019\/11\/Amanda-Oliveira.jpeg 960w\" sizes=\"(max-width: 163px) 100vw, 163px\" \/>Amanda Oliveira \u00e9 Bacharela em Ci\u00eancias Musicais pela Universidade Federal de Pelotas (UFPel) e atualmente cursa o mestrado em Mem\u00f3ria Social e Patrim\u00f4nio Cultural na mesma institui\u00e7\u00e3o, com fomento da CAPES atrav\u00e9s do Programa de Demanda Social (DS). Durante a gradua\u00e7\u00e3o, foi bolsista de Inicia\u00e7\u00e3o Cient\u00edfica do projeto &#8220;A Pedagogia Contempor\u00e2nea da Flauta Transversal no Brasil: discursos de pr\u00e1ticas pedag\u00f3gicas&#8221; (2014-2016), e tamb\u00e9m integrou a equipe do projeto &#8220;Documentos Sonoros: os registros de Octavio Dutra (1884-1937) no contexto da m\u00fasica no Rio Grande do Sul&#8221;, que resultou no livro &#8220;Espia s\u00f3&#8230; A trajet\u00f3ria musical de Oct\u00e1vio Dutra&#8221; (2016). \u00c9 membro do grupo de pesquisa &#8220;Estudos Interdisciplinares em Ci\u00eanccias Musicais&#8221; da UFPel e desde 2016 participa do projeto de pesquisa &#8220;Oscar Guanabarino e a cr\u00edtica musical no Brasil&#8221;, do qual foi bolsista de Inicia\u00e7\u00e3o Cient\u00edfica (2016-2018), e foi uma das organizadoras da Antologia Cr\u00edtica de Oscar Guanabarino (2019).<\/p>\n","protected":false},"excerpt":{"rendered":"<p>Amanda Oliveira \u00e9 Bacharela em Ci\u00eancias Musicais pela Universidade Federal de Pelotas (UFPel) e atualmente cursa o mestrado em Mem\u00f3ria Social e Patrim\u00f4nio Cultural na mesma institui\u00e7\u00e3o, com fomento da CAPES atrav\u00e9s do Programa de Demanda Social (DS). Durante a gradua\u00e7\u00e3o, foi bolsista de Inicia\u00e7\u00e3o Cient\u00edfica do projeto &#8220;A Pedagogia Contempor\u00e2nea da Flauta Transversal no [&hellip;]<\/p>\n","protected":false},"author":893,"featured_media":0,"parent":360,"menu_order":2,"comment_status":"closed","ping_status":"closed","template":"","meta":{"footnotes":""},"class_list":["post-525","page","type-page","status-publish","hentry"],"jetpack_likes_enabled":true,"jetpack_sharing_enabled":true,"_links":{"self":[{"href":"https:\/\/wp.ufpel.edu.br\/criticamusical\/wp-json\/wp\/v2\/pages\/525","targetHints":{"allow":["GET"]}}],"collection":[{"href":"https:\/\/wp.ufpel.edu.br\/criticamusical\/wp-json\/wp\/v2\/pages"}],"about":[{"href":"https:\/\/wp.ufpel.edu.br\/criticamusical\/wp-json\/wp\/v2\/types\/page"}],"author":[{"embeddable":true,"href":"https:\/\/wp.ufpel.edu.br\/criticamusical\/wp-json\/wp\/v2\/users\/893"}],"replies":[{"embeddable":true,"href":"https:\/\/wp.ufpel.edu.br\/criticamusical\/wp-json\/wp\/v2\/comments?post=525"}],"version-history":[{"count":2,"href":"https:\/\/wp.ufpel.edu.br\/criticamusical\/wp-json\/wp\/v2\/pages\/525\/revisions"}],"predecessor-version":[{"id":530,"href":"https:\/\/wp.ufpel.edu.br\/criticamusical\/wp-json\/wp\/v2\/pages\/525\/revisions\/530"}],"up":[{"embeddable":true,"href":"https:\/\/wp.ufpel.edu.br\/criticamusical\/wp-json\/wp\/v2\/pages\/360"}],"wp:attachment":[{"href":"https:\/\/wp.ufpel.edu.br\/criticamusical\/wp-json\/wp\/v2\/media?parent=525"}],"curies":[{"name":"wp","href":"https:\/\/api.w.org\/{rel}","templated":true}]}}