{"id":509,"date":"2019-10-27T22:28:14","date_gmt":"2019-10-28T01:28:14","guid":{"rendered":"https:\/\/wp.ufpel.edu.br\/criticamusical\/?page_id=509"},"modified":"2019-11-02T21:06:00","modified_gmt":"2019-11-03T00:06:00","slug":"joao-pedro-costa","status":"publish","type":"page","link":"https:\/\/wp.ufpel.edu.br\/criticamusical\/simposios\/iii-simposio-internacional-musica-e-critica\/convidadas\/joao-pedro-costa\/","title":{"rendered":"Jo\u00e3o Pedro Costa"},"content":{"rendered":"<p style=\"text-align: justify\">4<img class=\"alignleft wp-image-516\" src=\"https:\/\/wp.ufpel.edu.br\/criticamusical\/files\/2019\/10\/Foto-Joa\u0303o-Costa-304x400.jpg\" alt=\"\" width=\"162\" height=\"213\" \/>Jo\u00e3o Pedro Costa \u00e9 mestrando em Ci\u00eancias Musicais \u2013 vertente Musicologia Hist\u00f3rica \u2013 na NOVA FCSH e membro do N\u00facleo de Estudos em M\u00fasica na Imprensa, pertencente ao Grupo Teoria Cr\u00edtica e Comunica\u00e7\u00e3o do Centro de Estudos de Sociologia e Est\u00e9tica Musical (CESEM). Atualmente disp\u00f5e de uma bolsa de investiga\u00e7\u00e3o referente ao projeto \u201cM\u00fasica, Media e P\u00fablicos em Portugal 1974-2000\u201d, desenvolvido pelo grupo acima mencionado. No ano de 2017 concluiu a licenciatura em Musicologia pela Universidade de \u00c9vora e foi bolseiro de investiga\u00e7\u00e3o. As suas principais linhas de interesse centram-se nos gostos e sociabilidades musicais desde os finais do s\u00e9culo XIX \u00e0 atualidade.<\/p>\n","protected":false},"excerpt":{"rendered":"<p>4Jo\u00e3o Pedro Costa \u00e9 mestrando em Ci\u00eancias Musicais \u2013 vertente Musicologia Hist\u00f3rica \u2013 na NOVA FCSH e membro do N\u00facleo de Estudos em M\u00fasica na Imprensa, pertencente ao Grupo Teoria Cr\u00edtica e Comunica\u00e7\u00e3o do Centro de Estudos de Sociologia e Est\u00e9tica Musical (CESEM). Atualmente disp\u00f5e de uma bolsa de investiga\u00e7\u00e3o referente ao projeto \u201cM\u00fasica, Media [&hellip;]<\/p>\n","protected":false},"author":893,"featured_media":0,"parent":360,"menu_order":4,"comment_status":"closed","ping_status":"closed","template":"","meta":{"footnotes":""},"class_list":["post-509","page","type-page","status-publish","hentry"],"jetpack_likes_enabled":true,"jetpack_sharing_enabled":true,"_links":{"self":[{"href":"https:\/\/wp.ufpel.edu.br\/criticamusical\/wp-json\/wp\/v2\/pages\/509","targetHints":{"allow":["GET"]}}],"collection":[{"href":"https:\/\/wp.ufpel.edu.br\/criticamusical\/wp-json\/wp\/v2\/pages"}],"about":[{"href":"https:\/\/wp.ufpel.edu.br\/criticamusical\/wp-json\/wp\/v2\/types\/page"}],"author":[{"embeddable":true,"href":"https:\/\/wp.ufpel.edu.br\/criticamusical\/wp-json\/wp\/v2\/users\/893"}],"replies":[{"embeddable":true,"href":"https:\/\/wp.ufpel.edu.br\/criticamusical\/wp-json\/wp\/v2\/comments?post=509"}],"version-history":[{"count":3,"href":"https:\/\/wp.ufpel.edu.br\/criticamusical\/wp-json\/wp\/v2\/pages\/509\/revisions"}],"predecessor-version":[{"id":528,"href":"https:\/\/wp.ufpel.edu.br\/criticamusical\/wp-json\/wp\/v2\/pages\/509\/revisions\/528"}],"up":[{"embeddable":true,"href":"https:\/\/wp.ufpel.edu.br\/criticamusical\/wp-json\/wp\/v2\/pages\/360"}],"wp:attachment":[{"href":"https:\/\/wp.ufpel.edu.br\/criticamusical\/wp-json\/wp\/v2\/media?parent=509"}],"curies":[{"name":"wp","href":"https:\/\/api.w.org\/{rel}","templated":true}]}}