{"id":503,"date":"2019-10-27T22:22:45","date_gmt":"2019-10-28T01:22:45","guid":{"rendered":"https:\/\/wp.ufpel.edu.br\/criticamusical\/?page_id=503"},"modified":"2019-11-02T21:05:34","modified_gmt":"2019-11-03T00:05:34","slug":"andrea-adour","status":"publish","type":"page","link":"https:\/\/wp.ufpel.edu.br\/criticamusical\/simposios\/iii-simposio-internacional-musica-e-critica\/convidadas\/andrea-adour\/","title":{"rendered":"Andr\u00e9a Adour"},"content":{"rendered":"<p style=\"text-align: justify\"><img class=\"alignleft wp-image-217\" src=\"https:\/\/wp.ufpel.edu.br\/criticamusical\/files\/2019\/01\/Andrea-Adour-Foto-recorte-400x354.jpg\" alt=\"\" width=\"162\" height=\"143\" srcset=\"https:\/\/wp.ufpel.edu.br\/criticamusical\/files\/2019\/01\/Andrea-Adour-Foto-recorte-400x354.jpg 400w, https:\/\/wp.ufpel.edu.br\/criticamusical\/files\/2019\/01\/Andrea-Adour-Foto-recorte-768x680.jpg 768w, https:\/\/wp.ufpel.edu.br\/criticamusical\/files\/2019\/01\/Andrea-Adour-Foto-recorte-1024x906.jpg 1024w, https:\/\/wp.ufpel.edu.br\/criticamusical\/files\/2019\/01\/Andrea-Adour-Foto-recorte.jpg 1393w\" sizes=\"(max-width: 162px) 100vw, 162px\" \/>Bacharel em Desenho Industrial pela PUC-RJ, \u00e9 tamb\u00e9m Mestre em M\u00fasica\/Canto pela Escola de M\u00fasica da UFRJ, onde defendeu a disserta\u00e7\u00e3o de Mestrado intitulada <em>A Dobra, o resgate da po\u00e9tica perdida no per\u00edodo hist\u00f3rico da m\u00fasica <\/em>e Doutora em Educa\u00e7\u00e3o, na linha de Educa\u00e7\u00e3o, Cultura, Movimentos Sociais e A\u00e7\u00f5es Coletivas, onde defendeu a tese <em>Vissungo: o cantar banto nas Am\u00e9ricas.<\/em> \u00c9 Professora Adjunta do Departamento Vocal da Escola de M\u00fasica da UFRJ e Professora Permanente do Programa de P\u00f3s Gradua\u00e7\u00e3o em M\u00fasica (PPGM) na linha de Hist\u00f3ria e Documenta\u00e7\u00e3o da M\u00fasica Brasileira e \u00cdbero-Americana, onde coordena o projeto <em>Africanias na m\u00fasica vocal brasileira e a rela\u00e7\u00e3o Brasil-\u00c1frica<\/em>. Coordena o Grupo de Pesquisa e projeto de extens\u00e3o <em>Africanias UFRJ<\/em>, tema que pesquisa desde 2004. Como int\u00e9rprete, privilegia o repert\u00f3rio camer\u00edstico dos s\u00e9culos XX e XXI, integrando h\u00e1 25 anos o <em>Duo Adour <\/em>(viol\u00e3o e voz).<\/p>\n","protected":false},"excerpt":{"rendered":"<p>Bacharel em Desenho Industrial pela PUC-RJ, \u00e9 tamb\u00e9m Mestre em M\u00fasica\/Canto pela Escola de M\u00fasica da UFRJ, onde defendeu a disserta\u00e7\u00e3o de Mestrado intitulada A Dobra, o resgate da po\u00e9tica perdida no per\u00edodo hist\u00f3rico da m\u00fasica e Doutora em Educa\u00e7\u00e3o, na linha de Educa\u00e7\u00e3o, Cultura, Movimentos Sociais e A\u00e7\u00f5es Coletivas, onde defendeu a tese Vissungo: [&hellip;]<\/p>\n","protected":false},"author":893,"featured_media":0,"parent":360,"menu_order":3,"comment_status":"closed","ping_status":"closed","template":"","meta":{"footnotes":""},"class_list":["post-503","page","type-page","status-publish","hentry"],"jetpack_likes_enabled":true,"jetpack_sharing_enabled":true,"_links":{"self":[{"href":"https:\/\/wp.ufpel.edu.br\/criticamusical\/wp-json\/wp\/v2\/pages\/503","targetHints":{"allow":["GET"]}}],"collection":[{"href":"https:\/\/wp.ufpel.edu.br\/criticamusical\/wp-json\/wp\/v2\/pages"}],"about":[{"href":"https:\/\/wp.ufpel.edu.br\/criticamusical\/wp-json\/wp\/v2\/types\/page"}],"author":[{"embeddable":true,"href":"https:\/\/wp.ufpel.edu.br\/criticamusical\/wp-json\/wp\/v2\/users\/893"}],"replies":[{"embeddable":true,"href":"https:\/\/wp.ufpel.edu.br\/criticamusical\/wp-json\/wp\/v2\/comments?post=503"}],"version-history":[{"count":5,"href":"https:\/\/wp.ufpel.edu.br\/criticamusical\/wp-json\/wp\/v2\/pages\/503\/revisions"}],"predecessor-version":[{"id":515,"href":"https:\/\/wp.ufpel.edu.br\/criticamusical\/wp-json\/wp\/v2\/pages\/503\/revisions\/515"}],"up":[{"embeddable":true,"href":"https:\/\/wp.ufpel.edu.br\/criticamusical\/wp-json\/wp\/v2\/pages\/360"}],"wp:attachment":[{"href":"https:\/\/wp.ufpel.edu.br\/criticamusical\/wp-json\/wp\/v2\/media?parent=503"}],"curies":[{"name":"wp","href":"https:\/\/api.w.org\/{rel}","templated":true}]}}