{"id":467,"date":"2019-10-16T10:09:41","date_gmt":"2019-10-16T13:09:41","guid":{"rendered":"https:\/\/wp.ufpel.edu.br\/criticamusical\/?page_id=467"},"modified":"2019-11-02T21:06:53","modified_gmt":"2019-11-03T00:06:53","slug":"nayive-ananias","status":"publish","type":"page","link":"https:\/\/wp.ufpel.edu.br\/criticamusical\/simposios\/iii-simposio-internacional-musica-e-critica\/convidadas\/nayive-ananias\/","title":{"rendered":"Nayive Ananias"},"content":{"rendered":"<p><img class=\"wp-image-469 alignleft\" src=\"https:\/\/wp.ufpel.edu.br\/criticamusical\/files\/2019\/10\/Nayive-Ananias-400x313.png\" alt=\"\" width=\"163\" height=\"127\" srcset=\"https:\/\/wp.ufpel.edu.br\/criticamusical\/files\/2019\/10\/Nayive-Ananias-400x313.png 400w, https:\/\/wp.ufpel.edu.br\/criticamusical\/files\/2019\/10\/Nayive-Ananias-768x600.png 768w, https:\/\/wp.ufpel.edu.br\/criticamusical\/files\/2019\/10\/Nayive-Ananias.png 960w\" sizes=\"(max-width: 163px) 100vw, 163px\" \/><\/p>\n<p style=\"text-align: justify\"><span style=\"font-weight: 400\">Nayive Anan\u00edas e<\/span><span style=\"font-weight: 400\">s Periodista y Mag\u00edster en Musicolog\u00eda Latinoamericana de la Universidad Alberto Hurtado, Chile. Ha trabajado en diversos medios de comunicaci\u00f3n, en tres catastros de discos chilenos desarrollados por MusicaPopular.cl y en el R\u00e9pertoire International de Litt\u00e9rature Musicale (RILM). Entre 2016 y 2019 ha sido jurado de la categor\u00eda Mejor Publicaci\u00f3n Musical de los Premios Pulsar de la Sociedad Chilena del Derecho de Autor (SCD). Es Dra. \u00a9 en Artes menci\u00f3n M\u00fasica de la Pontificia Universidad Cat\u00f3lica de Chile. Sus l\u00edneas de investigaci\u00f3n se vinculan a las m\u00fasicas populares durante las dictaduras en el Cono Sur, a las escenas musicales queer\/sexodisidentes, a las pr\u00e1cticas corporales perform\u00e1ticas\/performativas y al estudio de la cr\u00edtica musical con \u00e9nfasis en la escritura femenina.<\/span><\/p>\n","protected":false},"excerpt":{"rendered":"<p>Nayive Anan\u00edas es Periodista y Mag\u00edster en Musicolog\u00eda Latinoamericana de la Universidad Alberto Hurtado, Chile. Ha trabajado en diversos medios de comunicaci\u00f3n, en tres catastros de discos chilenos desarrollados por MusicaPopular.cl y en el R\u00e9pertoire International de Litt\u00e9rature Musicale (RILM). Entre 2016 y 2019 ha sido jurado de la categor\u00eda Mejor Publicaci\u00f3n Musical de los [&hellip;]<\/p>\n","protected":false},"author":893,"featured_media":0,"parent":360,"menu_order":6,"comment_status":"closed","ping_status":"closed","template":"","meta":{"footnotes":""},"class_list":["post-467","page","type-page","status-publish","hentry"],"jetpack_likes_enabled":true,"jetpack_sharing_enabled":true,"_links":{"self":[{"href":"https:\/\/wp.ufpel.edu.br\/criticamusical\/wp-json\/wp\/v2\/pages\/467","targetHints":{"allow":["GET"]}}],"collection":[{"href":"https:\/\/wp.ufpel.edu.br\/criticamusical\/wp-json\/wp\/v2\/pages"}],"about":[{"href":"https:\/\/wp.ufpel.edu.br\/criticamusical\/wp-json\/wp\/v2\/types\/page"}],"author":[{"embeddable":true,"href":"https:\/\/wp.ufpel.edu.br\/criticamusical\/wp-json\/wp\/v2\/users\/893"}],"replies":[{"embeddable":true,"href":"https:\/\/wp.ufpel.edu.br\/criticamusical\/wp-json\/wp\/v2\/comments?post=467"}],"version-history":[{"count":4,"href":"https:\/\/wp.ufpel.edu.br\/criticamusical\/wp-json\/wp\/v2\/pages\/467\/revisions"}],"predecessor-version":[{"id":529,"href":"https:\/\/wp.ufpel.edu.br\/criticamusical\/wp-json\/wp\/v2\/pages\/467\/revisions\/529"}],"up":[{"embeddable":true,"href":"https:\/\/wp.ufpel.edu.br\/criticamusical\/wp-json\/wp\/v2\/pages\/360"}],"wp:attachment":[{"href":"https:\/\/wp.ufpel.edu.br\/criticamusical\/wp-json\/wp\/v2\/media?parent=467"}],"curies":[{"name":"wp","href":"https:\/\/api.w.org\/{rel}","templated":true}]}}