{"id":407,"date":"2019-09-01T11:30:41","date_gmt":"2019-09-01T14:30:41","guid":{"rendered":"https:\/\/wp.ufpel.edu.br\/criticamusical\/?page_id=407"},"modified":"2019-09-12T09:57:49","modified_gmt":"2019-09-12T12:57:49","slug":"antologia-o-paiz","status":"publish","type":"page","link":"https:\/\/wp.ufpel.edu.br\/criticamusical\/oscar-guanabarino\/antologia-o-paiz\/","title":{"rendered":"Antologia O Paiz (1884-1917)"},"content":{"rendered":"<p style=\"text-align: center\"><img class=\"aligncenter wp-image-420 size-medium\" src=\"https:\/\/wp.ufpel.edu.br\/criticamusical\/files\/2019\/09\/Capa1-286x400.jpg\" alt=\"\" width=\"286\" height=\"400\" srcset=\"https:\/\/wp.ufpel.edu.br\/criticamusical\/files\/2019\/09\/Capa1-286x400.jpg 286w, https:\/\/wp.ufpel.edu.br\/criticamusical\/files\/2019\/09\/Capa1.jpg 607w\" sizes=\"(max-width: 286px) 100vw, 286px\" \/> <a href=\"https:\/\/wp.ufpel.edu.br\/criticamusical\/files\/2019\/09\/Oscar-Guanabarino-volume-1.pdf\">Oscar Guanabarino &#8211; volume 1<\/a><\/p>\n<p style=\"text-align: center\"><a href=\"https:\/\/wp.ufpel.edu.br\/criticamusical\/files\/2019\/09\/Oscar-Guanabarino-volume-2.pdf\"><img class=\"aligncenter wp-image-421 size-medium\" src=\"https:\/\/wp.ufpel.edu.br\/criticamusical\/files\/2019\/09\/Capa2-284x400.jpg\" alt=\"\" width=\"284\" height=\"400\" srcset=\"https:\/\/wp.ufpel.edu.br\/criticamusical\/files\/2019\/09\/Capa2-284x400.jpg 284w, https:\/\/wp.ufpel.edu.br\/criticamusical\/files\/2019\/09\/Capa2.jpg 603w\" sizes=\"(max-width: 284px) 100vw, 284px\" \/><\/a><a href=\"https:\/\/wp.ufpel.edu.br\/criticamusical\/files\/2019\/09\/Oscar-Guanabarino-volume-2.pdf\">Oscar Guanabarino &#8211; volume 2<\/a><\/p>\n<p><img class=\"aligncenter wp-image-422 size-medium\" src=\"https:\/\/wp.ufpel.edu.br\/criticamusical\/files\/2019\/09\/Capa3-282x400.jpg\" alt=\"\" width=\"282\" height=\"400\" srcset=\"https:\/\/wp.ufpel.edu.br\/criticamusical\/files\/2019\/09\/Capa3-282x400.jpg 282w, https:\/\/wp.ufpel.edu.br\/criticamusical\/files\/2019\/09\/Capa3.jpg 601w\" sizes=\"(max-width: 282px) 100vw, 282px\" \/><\/p>\n<p style=\"text-align: center\"><a href=\"https:\/\/wp.ufpel.edu.br\/criticamusical\/files\/2019\/09\/Oscar-Guanabarino-volume-3.pdf\">Oscar Guanabarino &#8211; volume 3<\/a><\/p>\n<p><img class=\"aligncenter wp-image-423 size-medium\" src=\"https:\/\/wp.ufpel.edu.br\/criticamusical\/files\/2019\/09\/Capa4-285x400.jpg\" alt=\"\" width=\"285\" height=\"400\" srcset=\"https:\/\/wp.ufpel.edu.br\/criticamusical\/files\/2019\/09\/Capa4-285x400.jpg 285w, https:\/\/wp.ufpel.edu.br\/criticamusical\/files\/2019\/09\/Capa4.jpg 603w\" sizes=\"(max-width: 285px) 100vw, 285px\" \/><\/p>\n<p style=\"text-align: center\"><a href=\"https:\/\/wp.ufpel.edu.br\/criticamusical\/files\/2019\/09\/Oscar-Guanabarino-volume-4.pdf\">Oscar Guanabarino &#8211; volume 4<\/a><\/p>\n<p>Obs.: Localizamos um erro de digita\u00e7\u00e3o na Ed.03758, vol. 2: o ano \u00e9 1895, e n\u00e3o 1985. Na eventualidade do leitor encontrar algum poss\u00edvel erro, solicitamos que fa\u00e7a contato atrav\u00e9s do endere\u00e7o oguanabarino@gmail.com para que efetuemos a confer\u00eancia. Os editores.<\/p>\n","protected":false},"excerpt":{"rendered":"<p>Oscar Guanabarino &#8211; volume 1 Oscar Guanabarino &#8211; volume 2 Oscar Guanabarino &#8211; volume 3 Oscar Guanabarino &#8211; volume 4 Obs.: Localizamos um erro de digita\u00e7\u00e3o na Ed.03758, vol. 2: o ano \u00e9 1895, e n\u00e3o 1985. Na eventualidade do leitor encontrar algum poss\u00edvel erro, solicitamos que fa\u00e7a contato atrav\u00e9s do endere\u00e7o oguanabarino@gmail.com para que [&hellip;]<\/p>\n","protected":false},"author":893,"featured_media":0,"parent":404,"menu_order":1,"comment_status":"closed","ping_status":"closed","template":"","meta":{"footnotes":""},"class_list":["post-407","page","type-page","status-publish","hentry"],"jetpack_likes_enabled":true,"jetpack_sharing_enabled":true,"_links":{"self":[{"href":"https:\/\/wp.ufpel.edu.br\/criticamusical\/wp-json\/wp\/v2\/pages\/407","targetHints":{"allow":["GET"]}}],"collection":[{"href":"https:\/\/wp.ufpel.edu.br\/criticamusical\/wp-json\/wp\/v2\/pages"}],"about":[{"href":"https:\/\/wp.ufpel.edu.br\/criticamusical\/wp-json\/wp\/v2\/types\/page"}],"author":[{"embeddable":true,"href":"https:\/\/wp.ufpel.edu.br\/criticamusical\/wp-json\/wp\/v2\/users\/893"}],"replies":[{"embeddable":true,"href":"https:\/\/wp.ufpel.edu.br\/criticamusical\/wp-json\/wp\/v2\/comments?post=407"}],"version-history":[{"count":7,"href":"https:\/\/wp.ufpel.edu.br\/criticamusical\/wp-json\/wp\/v2\/pages\/407\/revisions"}],"predecessor-version":[{"id":449,"href":"https:\/\/wp.ufpel.edu.br\/criticamusical\/wp-json\/wp\/v2\/pages\/407\/revisions\/449"}],"up":[{"embeddable":true,"href":"https:\/\/wp.ufpel.edu.br\/criticamusical\/wp-json\/wp\/v2\/pages\/404"}],"wp:attachment":[{"href":"https:\/\/wp.ufpel.edu.br\/criticamusical\/wp-json\/wp\/v2\/media?parent=407"}],"curies":[{"name":"wp","href":"https:\/\/api.w.org\/{rel}","templated":true}]}}