{"id":370,"date":"2019-08-06T13:14:55","date_gmt":"2019-08-06T16:14:55","guid":{"rendered":"https:\/\/wp.ufpel.edu.br\/criticamusical\/?page_id=370"},"modified":"2019-11-02T21:06:25","modified_gmt":"2019-11-03T00:06:25","slug":"monica-vermes","status":"publish","type":"page","link":"https:\/\/wp.ufpel.edu.br\/criticamusical\/simposios\/iii-simposio-internacional-musica-e-critica\/convidadas\/monica-vermes\/","title":{"rendered":"M\u00f3nica Vermes"},"content":{"rendered":"<p><img class=\"alignleft wp-image-386\" src=\"https:\/\/wp.ufpel.edu.br\/criticamusical\/files\/2019\/08\/monica-vermes-2019-07-317x400.jpg\" alt=\"\" width=\"157\" height=\"198\" srcset=\"https:\/\/wp.ufpel.edu.br\/criticamusical\/files\/2019\/08\/monica-vermes-2019-07-317x400.jpg 317w, https:\/\/wp.ufpel.edu.br\/criticamusical\/files\/2019\/08\/monica-vermes-2019-07.jpg 511w\" sizes=\"(max-width: 157px) 100vw, 157px\" \/><\/p>\n<p>M\u00f3nica Vermes \u00e9 music\u00f3loga, bolsista de produtividade em pesquisa do CNPq e professora associada na Universidade Federal do Esp\u00edrito Santo. Lidera o NELM &#8211; N\u00facleo de Estudos Liter\u00e1rios e Musicol\u00f3gicos e participa das atividades do Departamento de Teoria da Arte e M\u00fasica e dos Programas de P\u00f3s-Gradua\u00e7\u00e3o em Letras e em Comunica\u00e7\u00e3o e Territorialidades. \u00c9 pesquisadora do Labelle \u2013 Laborat\u00f3rio de Estudos de Literatura e Cultura da Belle \u00c9poque (UERJ), do\u00a0NOMOS \u2013 N\u00facleo de Musicologia Social do Instituto de Artes da Unesp\u00a0(IA-Unesp), do grupo de pesquisa Estudos de G\u00eanero, Corpo e M\u00fasica (UFRGS) e do Grupo de Pesquisa Hist\u00f3ria e M\u00fasica (Unesp). Foi bolsista da Biblioteca Nacional (2016-2017) com o projeto\u00a0<i>Circuitos Musicais no Rio de Janeiro: teatros (1906-1920)<\/i>. Sua \u00e1rea de pesquisa \u00e9 a m\u00fasica na\u00a0<i>Belle \u00c9poque<\/i>\u00a0carioca em suas m\u00faltiplas tramas na cidade. Participa regularmente de congressos e outros encontros acad\u00eamicos no Brasil e no exterior.<\/p>\n","protected":false},"excerpt":{"rendered":"<p>M\u00f3nica Vermes \u00e9 music\u00f3loga, bolsista de produtividade em pesquisa do CNPq e professora associada na Universidade Federal do Esp\u00edrito Santo. Lidera o NELM &#8211; N\u00facleo de Estudos Liter\u00e1rios e Musicol\u00f3gicos e participa das atividades do Departamento de Teoria da Arte e M\u00fasica e dos Programas de P\u00f3s-Gradua\u00e7\u00e3o em Letras e em Comunica\u00e7\u00e3o e Territorialidades. \u00c9 [&hellip;]<\/p>\n","protected":false},"author":893,"featured_media":0,"parent":360,"menu_order":5,"comment_status":"closed","ping_status":"closed","template":"","meta":{"footnotes":""},"class_list":["post-370","page","type-page","status-publish","hentry"],"jetpack_likes_enabled":true,"jetpack_sharing_enabled":true,"_links":{"self":[{"href":"https:\/\/wp.ufpel.edu.br\/criticamusical\/wp-json\/wp\/v2\/pages\/370","targetHints":{"allow":["GET"]}}],"collection":[{"href":"https:\/\/wp.ufpel.edu.br\/criticamusical\/wp-json\/wp\/v2\/pages"}],"about":[{"href":"https:\/\/wp.ufpel.edu.br\/criticamusical\/wp-json\/wp\/v2\/types\/page"}],"author":[{"embeddable":true,"href":"https:\/\/wp.ufpel.edu.br\/criticamusical\/wp-json\/wp\/v2\/users\/893"}],"replies":[{"embeddable":true,"href":"https:\/\/wp.ufpel.edu.br\/criticamusical\/wp-json\/wp\/v2\/comments?post=370"}],"version-history":[{"count":5,"href":"https:\/\/wp.ufpel.edu.br\/criticamusical\/wp-json\/wp\/v2\/pages\/370\/revisions"}],"predecessor-version":[{"id":388,"href":"https:\/\/wp.ufpel.edu.br\/criticamusical\/wp-json\/wp\/v2\/pages\/370\/revisions\/388"}],"up":[{"embeddable":true,"href":"https:\/\/wp.ufpel.edu.br\/criticamusical\/wp-json\/wp\/v2\/pages\/360"}],"wp:attachment":[{"href":"https:\/\/wp.ufpel.edu.br\/criticamusical\/wp-json\/wp\/v2\/media?parent=370"}],"curies":[{"name":"wp","href":"https:\/\/api.w.org\/{rel}","templated":true}]}}