{"id":37,"date":"2019-01-13T17:37:22","date_gmt":"2019-01-13T19:37:22","guid":{"rendered":"https:\/\/wp.ufpel.edu.br\/criticamusical\/?page_id=37"},"modified":"2022-11-03T15:05:18","modified_gmt":"2022-11-03T18:05:18","slug":"ii-simposio-internacional-musica-e-critica","status":"publish","type":"page","link":"https:\/\/wp.ufpel.edu.br\/criticamusical\/simposios\/ii-simposio-internacional-musica-e-critica\/","title":{"rendered":"II Simp\u00f3sio Internacional M\u00fasica e Cr\u00edtica"},"content":{"rendered":"<p style=\"text-align: left;\"><img class=\"size-medium wp-image-190 alignleft\" src=\"https:\/\/wp.ufpel.edu.br\/criticamusical\/files\/2019\/01\/Banner-267x400.jpg\" alt=\"\" width=\"267\" height=\"400\" srcset=\"https:\/\/wp.ufpel.edu.br\/criticamusical\/files\/2019\/01\/Banner-267x400.jpg 267w, https:\/\/wp.ufpel.edu.br\/criticamusical\/files\/2019\/01\/Banner-768x1152.jpg 768w, https:\/\/wp.ufpel.edu.br\/criticamusical\/files\/2019\/01\/Banner-683x1024.jpg 683w\" sizes=\"(max-width: 267px) 100vw, 267px\" \/><\/p>\n<p>O II Simp\u00f3sio Internacional M\u00fasica e Cr\u00edtica \u00e9 um evento cient\u00edfico e art\u00edstico que visa abordar a cr\u00edtica musical periodista no Brasil e Argentina. O evento ser\u00e1 realizado em Pelotas nos dias 22 e 23 de outubro de 2018.<\/p>\n<p>Seu vi\u00e9s cient\u00edfico visa estimular a divulga\u00e7\u00e3o de resultados de pesquisas sobre Cr\u00edtica Musical, bem como promover o interc\u00e2mbio com pesquisadores que a ela se dedicam. Al\u00e9m deste direcionamento, o evento alia ainda a produ\u00e7\u00e3o musical atual e o resgate de\u00a0<span class=\"text_exposed_show\">patrim\u00f4nio imaterial em seu vi\u00e9s art\u00edstico. Nesta segunda edi\u00e7\u00e3o, participar\u00e3o do evento as convidadas Vera Wolkowicz (University of Cambridge); Silvia Glocer (Universidad de Buenos Aires); Andr\u00e9a Adour (UFRJ), M\u00f4nica Vermes (UFES) e Z\u00e9lia Chueke (UFPR), que realizar\u00e1 o concerto de abertura do Simp\u00f3sio.<\/span><\/p>\n<div class=\"text_exposed_show\">\n<p>O segundo concerto do evento consiste no Recital de conclus\u00e3o de curso de Patrick Menuzzi (UFPel), acad\u00eamico do Bacharelado em Piano, sob orienta\u00e7\u00e3o do Dr. Luiz Guilherme Goldberg. No evento, ser\u00e3o apresentadas obras de Beethoven, Liszt e Bart\u00f3k.<\/p>\n<p>Durante o evento ser\u00e3o lan\u00e7ados; al\u00e9m dos Anais do Simp\u00f3sio, 4 volumes do livro \u201cOscar Guanabarino e a cr\u00edtica musical no Brasil: transcri\u00e7\u00f5es Guanabarinas \u2013 Antologia Cr\u00edtica O Paiz\u201d; vol.1 \u2013 1884-1889; vol.2 \u2013 890-1899; vol. 3 \u2013 1900-1909; vol. 4 \u2013 1910-1917. Estas publica\u00e7\u00f5es s\u00e3o resultado parcial do projeto de pesquisa Oscar Guanabarino e a cr\u00edtica musical no Brasil realizada pelo Grupo de Pesquisa Estudos Interdisciplinares em Ci\u00eancias Musicais (UFPel).<\/p>\n<p>O evento ser\u00e1 realizado no Conservat\u00f3rio de M\u00fasica e Centro de Artes da Universidade Federal de Pelotas.<\/p>\n<\/div>\n","protected":false},"excerpt":{"rendered":"<p>O II Simp\u00f3sio Internacional M\u00fasica e Cr\u00edtica \u00e9 um evento cient\u00edfico e art\u00edstico que visa abordar a cr\u00edtica musical periodista no Brasil e Argentina. O evento ser\u00e1 realizado em Pelotas nos dias 22 e 23 de outubro de 2018. Seu vi\u00e9s cient\u00edfico visa estimular a divulga\u00e7\u00e3o de resultados de pesquisas sobre Cr\u00edtica Musical, bem como [&hellip;]<\/p>\n","protected":false},"author":893,"featured_media":0,"parent":16,"menu_order":0,"comment_status":"closed","ping_status":"closed","template":"","meta":{"footnotes":""},"class_list":["post-37","page","type-page","status-publish","hentry"],"jetpack_likes_enabled":true,"jetpack_sharing_enabled":true,"_links":{"self":[{"href":"https:\/\/wp.ufpel.edu.br\/criticamusical\/wp-json\/wp\/v2\/pages\/37","targetHints":{"allow":["GET"]}}],"collection":[{"href":"https:\/\/wp.ufpel.edu.br\/criticamusical\/wp-json\/wp\/v2\/pages"}],"about":[{"href":"https:\/\/wp.ufpel.edu.br\/criticamusical\/wp-json\/wp\/v2\/types\/page"}],"author":[{"embeddable":true,"href":"https:\/\/wp.ufpel.edu.br\/criticamusical\/wp-json\/wp\/v2\/users\/893"}],"replies":[{"embeddable":true,"href":"https:\/\/wp.ufpel.edu.br\/criticamusical\/wp-json\/wp\/v2\/comments?post=37"}],"version-history":[{"count":8,"href":"https:\/\/wp.ufpel.edu.br\/criticamusical\/wp-json\/wp\/v2\/pages\/37\/revisions"}],"predecessor-version":[{"id":1038,"href":"https:\/\/wp.ufpel.edu.br\/criticamusical\/wp-json\/wp\/v2\/pages\/37\/revisions\/1038"}],"up":[{"embeddable":true,"href":"https:\/\/wp.ufpel.edu.br\/criticamusical\/wp-json\/wp\/v2\/pages\/16"}],"wp:attachment":[{"href":"https:\/\/wp.ufpel.edu.br\/criticamusical\/wp-json\/wp\/v2\/media?parent=37"}],"curies":[{"name":"wp","href":"https:\/\/api.w.org\/{rel}","templated":true}]}}