{"id":363,"date":"2019-08-06T13:09:01","date_gmt":"2019-08-06T16:09:01","guid":{"rendered":"https:\/\/wp.ufpel.edu.br\/criticamusical\/?page_id=363"},"modified":"2020-11-02T20:46:32","modified_gmt":"2020-11-02T23:46:32","slug":"programacao","status":"publish","type":"page","link":"https:\/\/wp.ufpel.edu.br\/criticamusical\/simposios\/iii-simposio-internacional-musica-e-critica\/programacao\/","title":{"rendered":"Programa\u00e7\u00e3o"},"content":{"rendered":"<p style=\"text-align: center\">III Simp\u00f3sio Internacional M\u00fasica e Cr\u00edtica<\/p>\n<p><img class=\"aligncenter wp-image-740 \" src=\"https:\/\/wp.ufpel.edu.br\/criticamusical\/files\/2020\/11\/Programacao-02-so-tabela-1024x533.png\" alt=\"\" width=\"773\" height=\"402\" srcset=\"https:\/\/wp.ufpel.edu.br\/criticamusical\/files\/2020\/11\/Programacao-02-so-tabela-1024x533.png 1024w, https:\/\/wp.ufpel.edu.br\/criticamusical\/files\/2020\/11\/Programacao-02-so-tabela-400x208.png 400w, https:\/\/wp.ufpel.edu.br\/criticamusical\/files\/2020\/11\/Programacao-02-so-tabela-768x399.png 768w, https:\/\/wp.ufpel.edu.br\/criticamusical\/files\/2020\/11\/Programacao-02-so-tabela-1536x799.png 1536w, https:\/\/wp.ufpel.edu.br\/criticamusical\/files\/2020\/11\/Programacao-02-so-tabela.png 1819w\" sizes=\"(max-width: 773px) 100vw, 773px\" \/><\/p>\n","protected":false},"excerpt":{"rendered":"<p>III Simp\u00f3sio Internacional M\u00fasica e Cr\u00edtica<\/p>\n","protected":false},"author":893,"featured_media":0,"parent":342,"menu_order":3,"comment_status":"closed","ping_status":"closed","template":"","meta":{"footnotes":""},"class_list":["post-363","page","type-page","status-publish","hentry"],"jetpack_likes_enabled":true,"jetpack_sharing_enabled":true,"_links":{"self":[{"href":"https:\/\/wp.ufpel.edu.br\/criticamusical\/wp-json\/wp\/v2\/pages\/363","targetHints":{"allow":["GET"]}}],"collection":[{"href":"https:\/\/wp.ufpel.edu.br\/criticamusical\/wp-json\/wp\/v2\/pages"}],"about":[{"href":"https:\/\/wp.ufpel.edu.br\/criticamusical\/wp-json\/wp\/v2\/types\/page"}],"author":[{"embeddable":true,"href":"https:\/\/wp.ufpel.edu.br\/criticamusical\/wp-json\/wp\/v2\/users\/893"}],"replies":[{"embeddable":true,"href":"https:\/\/wp.ufpel.edu.br\/criticamusical\/wp-json\/wp\/v2\/comments?post=363"}],"version-history":[{"count":5,"href":"https:\/\/wp.ufpel.edu.br\/criticamusical\/wp-json\/wp\/v2\/pages\/363\/revisions"}],"predecessor-version":[{"id":747,"href":"https:\/\/wp.ufpel.edu.br\/criticamusical\/wp-json\/wp\/v2\/pages\/363\/revisions\/747"}],"up":[{"embeddable":true,"href":"https:\/\/wp.ufpel.edu.br\/criticamusical\/wp-json\/wp\/v2\/pages\/342"}],"wp:attachment":[{"href":"https:\/\/wp.ufpel.edu.br\/criticamusical\/wp-json\/wp\/v2\/media?parent=363"}],"curies":[{"name":"wp","href":"https:\/\/api.w.org\/{rel}","templated":true}]}}